{"id":1952,"date":"2025-02-18T16:53:34","date_gmt":"2025-02-18T09:53:34","guid":{"rendered":"https:\/\/thanglongcomputer.vn\/san-pham\/loa-kiem-am-edifier-mr4-black-white-2-0\/"},"modified":"2025-02-28T17:45:29","modified_gmt":"2025-02-28T10:45:29","slug":"loa-kiem-am-edifier-mr4-black-white-2-0","status":"publish","type":"product","link":"https:\/\/thanglongcomputer.vn\/?product=loa-kiem-am-edifier-mr4-black-white-2-0","title":{"rendered":"LOA KI\u1ec2M \u00c2M EDIFIER MR4 &#8211; BLACK\/WHITE &#8211; 2.0"},"content":{"rendered":"<h3>D\u00e0nh cho \u00e2m nh\u1ea1c th\u1ef1c th\u1ee5<\/h3>\n<p><img decoding=\"async\" class=\"loading\" src=\"https:\/\/hanoicomputercdn.com\/media\/lib\/06-10-2022\/loa-kiem-am-edifier-mr4-2-0-mau-trang-10.jpg\" alt=\"Loa ki\u1ec3m \u00e2m Edifier MR4 2.0 M\u00e0u Tr\u1eafng\" width=\"100%\" data-was-processed=\"true\" \/><\/p>\n<p>D\u1ef1a tr\u00ean ph\u00e2n t\u00edch ch\u00ednh x\u00e1c c\u00e1c \u0111\u1eb7c t\u00ednh c\u1ee7a thi\u1ebft b\u1ecb b\u1eb1ng h\u1ec7 th\u1ed1ng KLIPPEL c\u1ee7a \u0110\u1ee9c, m\u1ed9t bi\u1ec3u \u0111\u1ed3 \u00e2m thanh ph\u1eb3ng cho loa ki\u1ec3m \u00e2m \u0111\u01b0\u1ee3c thu th\u1eadp sau h\u00e0ng ch\u1ee5c l\u1ea7n \u0111i\u1ec1u ch\u1ec9nh chuy\u00ean nghi\u1ec7p b\u1edfi\u00a0<a href=\"https:\/\/hacom.vn\/loa-kiem-am-edifier-mr4-2-0-mau-den\" target=\"_blank\" rel=\"noopener\"><strong>Edifier Acoustic Lab<\/strong><\/a>.<\/p>\n<h3>Chi ti\u1ebft r\u1ea5t t\u1ed1t \u1edf t\u1ea7n s\u1ed1 th\u1ea5p<\/h3>\n<p><img decoding=\"async\" class=\"loading\" src=\"https:\/\/hanoicomputercdn.com\/media\/lib\/06-10-2022\/loa-kiem-am-edifier-mr4-2-0-mau-trang-6.jpg\" alt=\"Loa ki\u1ec3m \u00e2m Edifier MR4 2.0 M\u00e0u Tr\u1eafng\" width=\"100%\" data-was-processed=\"true\" \/><\/p>\n<p>V\u1edbi m\u1ed9t loa tr\u1ea7m 4 inch c\u00f9ng s\u1ef1 h\u1ed7 tr\u1ee3 c\u1ee7a b\u1ed9 khu\u1ebfch \u0111\u1ea1i Class-D, t\u1ea7n s\u1ed1 th\u1ea5p c\u00f3 th\u1ec3 h\u1ea1 xu\u1ed1ng t\u1edbi 60Hz, mang l\u1ea1i hi\u1ec7u su\u1ea5t v\u01b0\u1ee3t tr\u1ed9i c\u1ee7a t\u1ea7n s\u1ed1 th\u1ea5p \u0111\u1ed1i v\u1edbi 1 c\u1eb7p loa ki\u1ec3m \u00e2m c\u1ee1 nh\u1ecf.<\/p>\n<h3>T\u01b0\u01a1ng th\u00edch v\u1edbi c\u00e1c thi\u1ebft b\u1ecb chuy\u00ean nghi\u1ec7p<\/h3>\n<p><img decoding=\"async\" class=\"loading\" src=\"https:\/\/hanoicomputercdn.com\/media\/lib\/06-10-2022\/loa-kiem-am-edifier-mr4-2-0-mau-trang-7.jpg\" alt=\"Loa ki\u1ec3m \u00e2m Edifier MR4 2.0 M\u00e0u Tr\u1eafng\" width=\"100%\" data-was-processed=\"true\" \/><\/p>\n<p>V\u1edbi gi\u1eafc c\u1eafm \u0111\u1ea7u v\u00e0o c\u00e2n b\u1eb1ng TRS 6,35mm, MR4 Studio Monitor c\u00f3 th\u1ec3 k\u1ebft n\u1ed1i v\u1edbi b\u1ea3ng \u0111i\u1ec1u khi\u1ec3n, m\u00e1y tr\u1ed9n nh\u1ea1c v\u00e0 c\u00e1c thi\u1ebft b\u1ecb chuy\u00ean nghi\u1ec7p kh\u00e1c v\u1edbi \u0111\u1ed9 nh\u1ea1y \u0111\u1ea7u v\u00e0o + 4dBu, r\u1ea5t th\u00edch h\u1ee3p \u0111\u1ec3 x\u00e2y d\u1ef1ng m\u1ed9t h\u1ec7 th\u1ed1ng s\u1ea3n xu\u1ea5t \u00e2m nh\u1ea1c nh\u1ecf.<\/p>\n<h3>B\u1ed9 x\u1eed l\u00fd t\u00edn hi\u1ec7u k\u1ef9 thu\u1eadt s\u1ed1<\/h3>\n<p><img decoding=\"async\" class=\"loading\" src=\"https:\/\/hanoicomputercdn.com\/media\/lib\/06-10-2022\/loa-kiem-am-edifier-mr4-2-0-mau-trang-8.jpg\" alt=\"Loa ki\u1ec3m \u00e2m Edifier MR4 2.0 M\u00e0u Tr\u1eafng\" width=\"100%\" data-was-processed=\"true\" \/><\/p>\n<p>MR4 s\u1eed d\u1ee5ng chipset ADC (analog-to-digital converter) ch\u1ea5t l\u01b0\u1ee3ng cao TI, SNR l\u00ean \u0111\u1ebfn 99dB (l\u00e0 ch\u1ec9 s\u1ed1 \u0111o l\u01b0\u1eddng gi\u1eefa c\u00f4ng su\u1ea5t c\u1ee7a t\u00edn hi\u1ec7u xu\u1ea5t ra v\u00e0 t\u1ea1p \u00e2m. \u0110\u1ea1i l\u01b0\u1ee3ng n\u00e0y \u0111\u01b0\u1ee3c t\u00ednh b\u1eb1ng decible (dB). Con s\u1ed1 n\u00e0y c\u00e0ng cao c\u00e0ng t\u1ed1t), v\u1edbi b\u1ed9 khu\u1ebfch \u0111\u1ea1i c\u00f4ng su\u1ea5t k\u1ef9 thu\u1eadt s\u1ed1 TI TAS5713 v\u00e0 vi\u1ec7c s\u1eed d\u1ee5ng DSP t\u00edch h\u1ee3p \u0111\u1ec3 \u0111i\u1ec1u ch\u1ec9nh \u00e2m thanh, nh\u1eb1m \u0111\u1ea3m b\u1ea3o hi\u1ec7u su\u1ea5t tuy\u1ec7t v\u1eddi \u1edf ch\u1ebf \u0111\u1ed9 k\u00e9p.<\/p>\n<h3>Gi\u1ea3m thi\u1ec3u c\u1ed9ng h\u01b0\u1edfng<\/h3>\n<p><img decoding=\"async\" class=\"loading\" src=\"https:\/\/hanoicomputercdn.com\/media\/lib\/06-10-2022\/loa-kiem-am-edifier-mr4-2-0-mau-trang-9.jpg\" alt=\"Loa ki\u1ec3m \u00e2m Edifier MR4 2.0 M\u00e0u Tr\u1eafng\" width=\"100%\" data-was-processed=\"true\" \/><\/p>\n<p>MR4 s\u1eed d\u1ee5ng c\u1ea5u tr\u00fac b\u1eb1ng g\u1ed7 MDF \u0111\u1ec3 gi\u1ea3m hi\u1ec7u \u1ee9ng c\u1ed9ng h\u01b0\u1edfng, gi\u1ea3m m\u00e9o ti\u1ebfng, gi\u00fap mang l\u1ea1i \u00e2m thanh ch\u00ednh x\u00e1c nh\u1ea5t<\/p>\n<h3>\u00c2m thanh t\u1ef1 nhi\u00ean<\/h3>\n<p>V\u1edbi \u0111\u01b0\u1eddng k\u00ednh m\u00e0ng loa treble l\u00ean t\u1edbi 1 inch c\u00f9ng l\u1edbp ph\u1ee7 \u0111\u1eb7c bi\u1ec7t \u0111\u1ea3m b\u1ea3o \u00e2m cao m\u01b0\u1ee3t m\u00e0 v\u00e0 t\u1ef1 nhi\u00ean, \u0111\u1ed3ng th\u1eddi m\u1eb7t tr\u01b0\u1edbc c\u1ee7 loa treble \u0111\u01b0\u1ee3c thi\u1ebft k\u1ebf \u0111\u1eb7c bi\u1ec7t k\u1ebft h\u1ee3p v\u1edbi c\u1ea5u tr\u00fac v\u1ecf ph\u1ec5u h\u00ecnh n\u00f3n mang l\u1ea1i s\u1ef1 khu\u1ebfch t\u00e1n t\u1ea7n s\u1ed1 cao r\u00f5 r\u00e0ng h\u01a1n.<\/p>\n<h3>N\u00e2ng c\u1ea5p v\u1eadt li\u1ec7u m\u00e0ng loa trung tr\u1ea7m<\/h3>\n<p><img decoding=\"async\" class=\"loading\" src=\"https:\/\/hanoicomputercdn.com\/media\/lib\/06-10-2022\/loa-kiem-am-edifier-mr4-2-0-mau-trang-1.jpg\" alt=\"Loa ki\u1ec3m \u00e2m Edifier MR4 2.0 M\u00e0u Tr\u1eafng\" width=\"100%\" data-was-processed=\"true\" \/><\/p>\n<p>M\u1ed9t l\u01b0\u1ee3ng Mica v\u1eeba ph\u1ea3i \u0111\u01b0\u1ee3c th\u00eam v\u00e0o n\u00f3n loa trung tr\u1ea7m truy\u1ec1n th\u1ed1ng, gi\u1eef cho ng\u01b0\u1eddi nghe s\u1ef1 m\u1ec1m m\u1ea1i v\u00e0 th\u01b0 th\u00e1i v\u1edbi c\u00e1c chi ti\u1ebft t\u1ef1 nhi\u00ean h\u01a1n v\u00e0 t\u0103ng c\u01b0\u1eddng \u0111\u1ed9 c\u1ee9ng. Ngo\u00e0i ra n\u00f3 c\u0169ng gi\u00fap \u00e2m tr\u1ea7m hay h\u01a1n v\u00e0 t\u0103ng \u0111\u1ed9 s\u00e2u c\u1ee7a \u00e2m tr\u1ea7m.<\/p>\n<h3>\u0110\u1ea7u ra tinh khi\u1ebft<\/h3>\n<p><img decoding=\"async\" class=\"loading\" src=\"https:\/\/hanoicomputercdn.com\/media\/lib\/06-10-2022\/loa-kiem-am-edifier-mr4-2-0-mau-trang-2.jpg\" alt=\"Loa ki\u1ec3m \u00e2m Edifier MR4 2.0 M\u00e0u Tr\u1eafng\" width=\"100%\" data-was-processed=\"true\" \/><\/p>\n<p>Kh\u00e1c v\u1edbi c\u00e1c\u00a0<a href=\"https:\/\/hacom.vn\/loa-may-tinh\" target=\"_blank\" rel=\"noopener\"><strong>loa<\/strong><\/a>\u00a0ki\u1ec3m \u00e2m gi\u00e1 r\u1ebb kh\u00e1c, MR4 s\u1eed d\u1ee5ng b\u1ed9 ph\u00e2n t\u1ea7n b\u1eadc hai, \u0111\u1ec3 c\u1ea3 loa tr\u1ea7m v\u00e0 loa tweeter c\u00f3 th\u1ec3 thu \u0111\u01b0\u1ee3c t\u00edn hi\u1ec7u \u0111\u1ea7u v\u00e0o t\u1ed1t h\u01a1n v\u00e0 t\u00e1i t\u1ea1o \u0111\u1ed9 tinh khi\u1ebft c\u1ee7a \u00e2m thanh t\u1ed1t h\u01a1n.<\/p>\n<h3>Hai ch\u1ebf \u0111\u1ed9 hi\u1ec7u \u1ee9ng \u00e2m thanh<\/h3>\n<p><img decoding=\"async\" class=\"loading\" src=\"https:\/\/hanoicomputercdn.com\/media\/lib\/06-10-2022\/loa-kiem-am-edifier-mr4-2-0-mau-trang-3.jpg\" alt=\"Loa ki\u1ec3m \u00e2m Edifier MR4 2.0 M\u00e0u Tr\u1eafng\" width=\"100%\" data-was-processed=\"true\" \/><\/p>\n<p>V\u1edbi hai hi\u1ec7u \u1ee9ng \u00e2m thanh, ng\u01b0\u1eddi d\u00f9ng c\u00f3 th\u1ec3 ch\u1ecdn ch\u1ebf \u0111\u1ed9 ki\u1ec3m \u00e2m \u0111\u1ec3 nghe \u00e2m thanh trung th\u1ef1c m\u00e0 b\u1ea1n \u0111ang t\u1ea1o ra \u0111\u1ec3 s\u1ea3n xu\u1ea5t \u00e2m nh\u1ea1c ho\u1eb7c chuy\u1ec3n sang ch\u1ebf \u0111\u1ed9 \u00e2m nh\u1ea1c \u0111\u1ec3 c\u00f3 tr\u1ea3i nghi\u1ec7m nghe nh\u1ea1c h\u00e0ng ng\u00e0y.<\/p>\n<h3>D\u1ec5 d\u00e0ng \u0111i\u1ec1u khi\u1ec3n<\/h3>\n<p><img decoding=\"async\" class=\"loading\" src=\"https:\/\/hanoicomputercdn.com\/media\/lib\/06-10-2022\/loa-kiem-am-edifier-mr4-2-0-mau-trang-4.jpg\" alt=\"Loa ki\u1ec3m \u00e2m Edifier MR4 2.0 M\u00e0u Tr\u1eafng\" width=\"100%\" data-was-processed=\"true\" \/><\/p>\n<p>N\u00fam xoay \u0111a ch\u1ee9c n\u0103ng \u1edf ph\u00eda tr\u01b0\u1edbc \u0111\u1ec3 \u0111i\u1ec1u ch\u1ec9nh \u00e2m l\u01b0\u1ee3ng, b\u1eadt \/ t\u1eaft ngu\u1ed3n b\u1eb1ng c\u00e1ch nh\u1ea5n v\u00e0 nh\u1ea5p \u0111\u00fap \u0111\u1ec3 chuy\u1ec3n \u0111\u1ed5i gi\u1eefa c\u00e1c ch\u1ebf \u0111\u1ed9 \u00e2m thanh.<\/p>\n<h3>Kh\u00f4ng gi\u1edbi h\u1ea1n k\u1ebft n\u1ed1i<\/h3>\n<p><img decoding=\"async\" class=\"loading\" src=\"https:\/\/hanoicomputercdn.com\/media\/lib\/06-10-2022\/loa-kiem-am-edifier-mr4-2-0-mau-trang-5.jpg\" alt=\"Loa ki\u1ec3m \u00e2m Edifier MR4 2.0 M\u00e0u Tr\u1eafng\" width=\"100%\" data-was-processed=\"true\" \/><\/p>\n<p>Ngo\u00e0i \u0111\u1ea7u v\u00e0o TRS c\u00e2n b\u1eb1ng, MR4 c\u00f2n c\u00f3 hai \u0111\u1ea7u v\u00e0o RCA \/ AUX kh\u00f4ng c\u00e2n b\u1eb1ng v\u00e0 m\u1ed9t \u0111\u1ea7u ra tai nghe ph\u00eda tr\u01b0\u1edbc, gi\u00fap k\u1ebft n\u1ed1i thu\u1eadn ti\u1ec7n v\u1edbi c\u00e1c thi\u1ebft b\u1ecb kh\u00e1c nhau \u0111\u1ed3ng th\u1eddi v\u00e0 chuy\u1ec3n sang ch\u1ebf \u0111\u1ed9 gi\u00e1m s\u00e1t cho tai nghe.<\/p>\n","protected":false},"excerpt":{"rendered":"<p class=\"group-title\"><strong>Th\u00f4ng s\u1ed1 s\u1ea3n ph\u1ea9m<\/strong><\/p>\n<div>\n<ul>\n<li class=\"item\">Loa ki\u1ec3m \u00e2m chuy\u00ean nghi\u1ec7p, \u0111\u01b0\u1ee3c thi\u1ebft k\u1ebf cho m\u1ee5c \u0111\u00edch ki\u1ec3m \u00e2m<\/li>\n<li class=\"item\">Driver bass 4-inch v\u00e0 tweeter 1-inch cho \u00e2m thanh s\u1ea1ch v\u00e0 trung th\u1ef1c<\/li>\n<li class=\"item\">Th\u00e2n v\u1ecf g\u1ed7 cho s\u1ef1 \u1ed5n \u0111\u1ecbnh v\u00e0 tri\u1ec7t ti\u00eau \u00e2m c\u1ed9ng h\u01b0\u1edfng kh\u00f4ng mong mu\u1ed1n<\/li>\n<li class=\"item\">\u0110\u1ea7y \u0111\u1ee7 k\u1ebft n\u1ed1i cho PC, Soundcard, b\u00e0n Mixer<\/li>\n<li class=\"item\">C\u1ed5ng Headphone Out v\u00e0 AUX In ph\u00eda tr\u01b0\u1edbc r\u1ea5t ti\u1ec7n l\u1ee3i<\/li>\n<li class=\"item\">N\u00fam v\u1eb7n \u0111a t\u00ednh n\u0103ng Ngu\u1ed3n\/Volume\/Sound Mode ph\u00eda tr\u01b0\u1edbc<\/li>\n<\/ul>\n<\/div>\n","protected":false},"featured_media":3097,"comment_status":"open","ping_status":"closed","template":"","meta":{"_acf_changed":false},"product_brand":[222],"product_cat":[180,73],"product_tag":[182,181,183],"class_list":{"0":"post-1952","1":"product","2":"type-product","3":"status-publish","4":"has-post-thumbnail","6":"product_brand-edifier","7":"product_cat-loa-may-tinh","8":"product_cat-thiet-bi-am-thanh","9":"product_tag-edifier","10":"product_tag-loa-kiem-am","11":"product_tag-mr4","13":"first","14":"instock","15":"sale","16":"shipping-taxable","17":"purchasable","18":"product-type-simple"},"acf":[],"jetpack_sharing_enabled":true,"_links":{"self":[{"href":"https:\/\/thanglongcomputer.vn\/index.php?rest_route=\/wp\/v2\/product\/1952","targetHints":{"allow":["GET"]}}],"collection":[{"href":"https:\/\/thanglongcomputer.vn\/index.php?rest_route=\/wp\/v2\/product"}],"about":[{"href":"https:\/\/thanglongcomputer.vn\/index.php?rest_route=\/wp\/v2\/types\/product"}],"replies":[{"embeddable":true,"href":"https:\/\/thanglongcomputer.vn\/index.php?rest_route=%2Fwp%2Fv2%2Fcomments&post=1952"}],"wp:featuredmedia":[{"embeddable":true,"href":"https:\/\/thanglongcomputer.vn\/index.php?rest_route=\/wp\/v2\/media\/3097"}],"wp:attachment":[{"href":"https:\/\/thanglongcomputer.vn\/index.php?rest_route=%2Fwp%2Fv2%2Fmedia&parent=1952"}],"wp:term":[{"taxonomy":"product_brand","embeddable":true,"href":"https:\/\/thanglongcomputer.vn\/index.php?rest_route=%2Fwp%2Fv2%2Fproduct_brand&post=1952"},{"taxonomy":"product_cat","embeddable":true,"href":"https:\/\/thanglongcomputer.vn\/index.php?rest_route=%2Fwp%2Fv2%2Fproduct_cat&post=1952"},{"taxonomy":"product_tag","embeddable":true,"href":"https:\/\/thanglongcomputer.vn\/index.php?rest_route=%2Fwp%2Fv2%2Fproduct_tag&post=1952"}],"curies":[{"name":"wp","href":"https:\/\/api.w.org\/{rel}","templated":true}]}}