{"id":1951,"date":"2025-02-18T16:53:34","date_gmt":"2025-02-18T09:53:34","guid":{"rendered":"https:\/\/thanglongcomputer.vn\/san-pham\/chuot-logitech-g502-hero-gaming\/"},"modified":"2025-02-28T16:40:33","modified_gmt":"2025-02-28T09:40:33","slug":"chuot-logitech-g502-hero-gaming","status":"publish","type":"product","link":"https:\/\/thanglongcomputer.vn\/?product=chuot-logitech-g502-hero-gaming","title":{"rendered":"Chu\u1ed9t Logitech G502 Hero Gaming"},"content":{"rendered":"<h2 class=\"box-title\"><img decoding=\"async\" class=\"loading\" style=\"color: #555555; font-size: 14.4px;\" src=\"https:\/\/hanoicomputercdn.com\/media\/lib\/09-06-2022\/mouse-logitech-g502-hero-gaming-usb-black-01.png\" alt=\"Chu\u1ed9t game Logitech G502 Hero (USB\/RGB\/\u0111en) 1\" width=\"100%\" data-was-processed=\"true\" \/><\/h2>\n<div class=\"static-html-group js-static-container\">\n<div id=\"js-product-description\" class=\"js-static-content static-html-content\">\n<h3>C\u1ea2M BI\u1ebeN HERO 25K<\/h3>\n<p><img decoding=\"async\" class=\"loading\" src=\"https:\/\/hanoicomputercdn.com\/media\/lib\/09-06-2022\/mouse-logitech-g502-hero-gaming-usb-black-02.jpg\" alt=\"Chu\u1ed9t game Logitech G502 Hero (USB\/RGB\/\u0111en) 2\" width=\"100%\" data-was-processed=\"true\" \/><\/p>\n<h3>11 N\u00daT C\u00d3 TH\u1ec2 L\u1eacP TR\u00ccNH<\/h3>\n<p><img decoding=\"async\" class=\"loading\" src=\"https:\/\/hanoicomputercdn.com\/media\/lib\/09-06-2022\/mouse-logitech-g502-hero-gaming-usb-black-03.jpg\" alt=\"Chu\u1ed9t game Logitech G502 Hero (USB\/RGB\/\u0111en) 3\" width=\"100%\" data-was-processed=\"true\" \/><\/p>\n<h3>TR\u1eccNG L\u01af\u1ee2NG C\u00d3 TH\u1ec2 \u0110I\u1ec0U CH\u1ec8NH<\/h3>\n<p><img decoding=\"async\" class=\"loading\" src=\"https:\/\/hanoicomputercdn.com\/media\/lib\/09-06-2022\/mouse-logitech-g502-hero-gaming-usb-black-04.jpg\" alt=\"Chu\u1ed9t game Logitech G502 Hero (USB\/RGB\/\u0111en) 4\" width=\"100%\" data-was-processed=\"true\" \/><\/p>\n<h3>LIGHTSYNC RGB<\/h3>\n<p><img decoding=\"async\" class=\"loading\" src=\"https:\/\/hanoicomputercdn.com\/media\/lib\/09-06-2022\/mouse-logitech-g502-hero-gaming-usb-black-05.jpg\" alt=\"Chu\u1ed9t game Logitech G502 Hero (USB\/RGB\/\u0111en) \" width=\"100%\" data-was-processed=\"true\" \/><\/p>\n<\/div>\n<\/div>\n","protected":false},"excerpt":{"rendered":"<p class=\"group-title\"><strong>Th\u00f4ng s\u1ed1 s\u1ea3n ph\u1ea9m<\/strong><\/p>\n<div>\n<ul>\n<li class=\"item\">Phi\u00ean b\u1ea3n m\u1edbi c\u1ee7a Logitech G502<\/li>\n<li class=\"item\">M\u1eaft c\u1ea3m bi\u1ebfn Logitech HERO<\/li>\n<li class=\"item\">Phi\u00ean b\u1ea3n m\u1edbi thay th\u1ebf d\u00e2y c\u00e1p cao su (phi\u00ean b\u1ea3n c\u0169 l\u00e0 d\u00e2y b\u1ecdc d\u00f9)<\/li>\n<li class=\"item\">\u0110\u1ed9 ch\u00ednh x\u00e1c cao h\u01a1n c\u00f9ng DPI t\u1ed1i \u0111a 25000<\/li>\n<li class=\"item\">Ch\u1ea5t l\u01b0\u1ee3ng \u0111\u01b0\u1ee3c c\u1ea3i thi\u1ec7n r\u00f5 r\u1ec7t<\/li>\n<li class=\"item\">H\u1ec7 th\u1ed1ng Led RGB LIGHTSYNC<\/li>\n<li class=\"item\">N\u00fat cu\u1ed9n c\u00f4ng ngh\u1ec7 Hyper Scroll<\/li>\n<li class=\"item\">N\u00fat b\u1ea5m ch\u00ednh 50 tri\u1ec7u l\u01b0\u1ee3t nh\u1ea5n<\/li>\n<\/ul>\n<\/div>\n","protected":false},"featured_media":2897,"comment_status":"open","ping_status":"closed","template":"","meta":{"_acf_changed":false},"product_brand":[221],"product_cat":[75,165],"product_tag":[87,178,179,174],"class_list":{"0":"post-1951","1":"product","2":"type-product","3":"status-publish","4":"has-post-thumbnail","6":"product_brand-logitech","7":"product_cat-phu-kien-laptop","8":"product_cat-chuot-mouse","9":"product_tag-black","10":"product_tag-g502","11":"product_tag-hero","12":"product_tag-logitech","14":"first","15":"instock","16":"sale","17":"shipping-taxable","18":"purchasable","19":"product-type-simple"},"acf":[],"jetpack_sharing_enabled":true,"_links":{"self":[{"href":"https:\/\/thanglongcomputer.vn\/index.php?rest_route=\/wp\/v2\/product\/1951","targetHints":{"allow":["GET"]}}],"collection":[{"href":"https:\/\/thanglongcomputer.vn\/index.php?rest_route=\/wp\/v2\/product"}],"about":[{"href":"https:\/\/thanglongcomputer.vn\/index.php?rest_route=\/wp\/v2\/types\/product"}],"replies":[{"embeddable":true,"href":"https:\/\/thanglongcomputer.vn\/index.php?rest_route=%2Fwp%2Fv2%2Fcomments&post=1951"}],"wp:featuredmedia":[{"embeddable":true,"href":"https:\/\/thanglongcomputer.vn\/index.php?rest_route=\/wp\/v2\/media\/2897"}],"wp:attachment":[{"href":"https:\/\/thanglongcomputer.vn\/index.php?rest_route=%2Fwp%2Fv2%2Fmedia&parent=1951"}],"wp:term":[{"taxonomy":"product_brand","embeddable":true,"href":"https:\/\/thanglongcomputer.vn\/index.php?rest_route=%2Fwp%2Fv2%2Fproduct_brand&post=1951"},{"taxonomy":"product_cat","embeddable":true,"href":"https:\/\/thanglongcomputer.vn\/index.php?rest_route=%2Fwp%2Fv2%2Fproduct_cat&post=1951"},{"taxonomy":"product_tag","embeddable":true,"href":"https:\/\/thanglongcomputer.vn\/index.php?rest_route=%2Fwp%2Fv2%2Fproduct_tag&post=1951"}],"curies":[{"name":"wp","href":"https:\/\/api.w.org\/{rel}","templated":true}]}}