{"id":1950,"date":"2025-02-18T16:53:34","date_gmt":"2025-02-18T09:53:34","guid":{"rendered":"https:\/\/thanglongcomputer.vn\/san-pham\/chuot-logitech-g102-gen-2-lightsync-black-white\/"},"modified":"2025-02-28T16:40:29","modified_gmt":"2025-02-28T09:40:29","slug":"chuot-logitech-g102-gen-2-lightsync-black-white","status":"publish","type":"product","link":"https:\/\/thanglongcomputer.vn\/?product=chuot-logitech-g102-gen-2-lightsync-black-white","title":{"rendered":"Chu\u1ed9t Logitech G102 Gen 2 Lightsync Black\/White"},"content":{"rendered":"<h2 class=\"box-title\">\u0110\u00e1nh gi\u00e1: Chu\u1ed9t game Logitech G102 Gen2 Black (USB\/RGB\/\u0110en)<\/h2>\n<div class=\"static-html-group js-static-container\">\n<div id=\"js-product-description\" class=\"js-static-content static-html-content\">\n<p><img decoding=\"async\" class=\"loading\" src=\"https:\/\/hanoicomputercdn.com\/media\/lib\/53012_gioi-thieu-mouse-logitech-g102-lightsync-rgb-black.jpg\" alt=\"Gi\u1edbi thi\u1ec7u Mouse Logitech G102 Lightsync RGB Black \" width=\"100%\" data-was-processed=\"true\" \/><\/p>\n<h3>Led RGB LightSync<\/h3>\n<p>Ch\u1ecdn t\u1eeb c\u00e1c m\u00e0u s\u1eafc s\u1ed1ng \u0111\u1ed9ng, c\u00e0i \u0111\u1eb7t l\u1ea5y c\u1ea3m h\u1ee9ng t\u1eeb tr\u00f2 ch\u01a1i v\u00e0 ph\u01b0\u01a1ng ti\u1ec7n, hay l\u1eadp tr\u00ecnh m\u00e0u s\u1eafc c\u1ee7a ri\u00eang b\u1ea1n t\u1eeb 16,8 tri\u1ec7u m\u00e0u.<\/p>\n<p><img decoding=\"async\" class=\"loading\" src=\"https:\/\/hanoicomputercdn.com\/media\/lib\/15-06-2022\/chuot-choi-game-logitech-g102-gen2-black-usb-rgb-den-001.jpg\" alt=\"Chu\u1ed9t ch\u01a1i game Logitech G102 Gen2 Black (USB\/RGB\/\u0110en) 2\" width=\"100%\" data-was-processed=\"true\" \/><\/p>\n<h3>C\u1ea3m bi\u1ebfn ch\u00ednh x\u00e1c<\/h3>\n<p><img decoding=\"async\" class=\"loading\" src=\"https:\/\/hanoicomputercdn.com\/media\/lib\/15-06-2022\/chuot-choi-game-logitech-g102-gen2-black-usb-rgb-den-002.jpg\" alt=\"Chu\u1ed9t ch\u01a1i game Logitech G102 Gen2 Black (USB\/RGB\/\u0110en) 3\" width=\"100%\" data-was-processed=\"true\" \/><\/p>\n<h3>Thi\u1ebft k\u1ebf c\u1ed5 \u0111i\u1ec3n<\/h3>\n<p><img decoding=\"async\" class=\"loading\" src=\"https:\/\/hanoicomputercdn.com\/media\/lib\/15-06-2022\/chuot-choi-game-logitech-g102-gen2-black-usb-rgb-den-003.jpg\" alt=\"Chu\u1ed9t ch\u01a1i game Logitech G102 Gen2 Black (USB\/RGB\/\u0110en) 4\" width=\"100%\" data-was-processed=\"true\" \/><\/p>\n<h3>\u1ee8ng l\u1ef1c n\u00fat \u0111\u01b0\u1ee3c t\u1ed1i \u01b0u ho\u00e1<\/h3>\n<p><img decoding=\"async\" class=\"loading\" src=\"https:\/\/hanoicomputercdn.com\/media\/lib\/15-06-2022\/chuot-choi-game-logitech-g102-gen2-black-usb-rgb-den-004.jpg\" alt=\"Chu\u1ed9t ch\u01a1i game Logitech G102 Gen2 Black (USB\/RGB\/\u0110en) 5\" width=\"100%\" data-was-processed=\"true\" \/><\/p>\n<p>&nbsp;<\/p>\n<\/div>\n<div class=\"static-btn-group\"><\/div>\n<\/div>\n","protected":false},"excerpt":{"rendered":"<p class=\"group-title\">Th\u00f4ng s\u1ed1 s\u1ea3n ph\u1ea9m<\/p>\n<div>\n<div class=\"item\">Mouse Logitech G102 Lightsync RGB Black<\/div>\n<div class=\"item\">Phi\u00ean b\u1ea3n n\u00e2ng c\u1ea5p c\u1ee7a chu\u1ed9t ch\u01a1i game &#8220;qu\u1ed1c d\u00e2n&#8221; G102 Prodigy<\/div>\n<div class=\"item\">\u0110\u1ed9 ph\u00e2n gi\u1ea3i : 8000 DPI<\/div>\n<div class=\"item\">Led RGB 16.8 tri\u1ec7u m\u00e0u v\u1edbi t\u00ednh n\u0103ng Lightsync \u0111\u1ed3ng b\u1ed9 led c\u1ee7a Logitech<\/div>\n<div class=\"item\">B\u1ed5 sung hi\u1ec7u \u1ee9ng s\u00f3ng cho d\u1ea3i led RGB c\u1ee7a chu\u1ed9t<\/div>\n<div class=\"item\">M\u1eaft \u0111\u1ecdc \u0111\u01b0\u1ee3c n\u00e2ng c\u1ea5p cho gia t\u1ed1c t\u1ed1t h\u01a1n<\/div>\n<div class=\"item\">S\u1eed d\u1ee5ng switch Omron cho \u0111\u1ed9 b\u1ec1n cao h\u01a1n<\/div>\n<\/div>\n","protected":false},"featured_media":2901,"comment_status":"open","ping_status":"closed","template":"","meta":{"_acf_changed":false},"product_brand":[221],"product_cat":[75,165],"product_tag":[87,175,176,177,174,85],"class_list":{"0":"post-1950","1":"product","2":"type-product","3":"status-publish","4":"has-post-thumbnail","6":"product_brand-logitech","7":"product_cat-phu-kien-laptop","8":"product_cat-chuot-mouse","9":"product_tag-black","10":"product_tag-g102","11":"product_tag-gen2","12":"product_tag-lightsync","13":"product_tag-logitech","14":"product_tag-white","16":"first","17":"instock","18":"sale","19":"shipping-taxable","20":"purchasable","21":"product-type-simple"},"acf":[],"jetpack_sharing_enabled":true,"_links":{"self":[{"href":"https:\/\/thanglongcomputer.vn\/index.php?rest_route=\/wp\/v2\/product\/1950","targetHints":{"allow":["GET"]}}],"collection":[{"href":"https:\/\/thanglongcomputer.vn\/index.php?rest_route=\/wp\/v2\/product"}],"about":[{"href":"https:\/\/thanglongcomputer.vn\/index.php?rest_route=\/wp\/v2\/types\/product"}],"replies":[{"embeddable":true,"href":"https:\/\/thanglongcomputer.vn\/index.php?rest_route=%2Fwp%2Fv2%2Fcomments&post=1950"}],"wp:featuredmedia":[{"embeddable":true,"href":"https:\/\/thanglongcomputer.vn\/index.php?rest_route=\/wp\/v2\/media\/2901"}],"wp:attachment":[{"href":"https:\/\/thanglongcomputer.vn\/index.php?rest_route=%2Fwp%2Fv2%2Fmedia&parent=1950"}],"wp:term":[{"taxonomy":"product_brand","embeddable":true,"href":"https:\/\/thanglongcomputer.vn\/index.php?rest_route=%2Fwp%2Fv2%2Fproduct_brand&post=1950"},{"taxonomy":"product_cat","embeddable":true,"href":"https:\/\/thanglongcomputer.vn\/index.php?rest_route=%2Fwp%2Fv2%2Fproduct_cat&post=1950"},{"taxonomy":"product_tag","embeddable":true,"href":"https:\/\/thanglongcomputer.vn\/index.php?rest_route=%2Fwp%2Fv2%2Fproduct_tag&post=1950"}],"curies":[{"name":"wp","href":"https:\/\/api.w.org\/{rel}","templated":true}]}}