{"id":1949,"date":"2025-02-18T16:53:34","date_gmt":"2025-02-18T09:53:34","guid":{"rendered":"https:\/\/thanglongcomputer.vn\/san-pham\/chuot-may-tinh-fuhlen-l102-optical-black-usb\/"},"modified":"2025-02-28T16:40:43","modified_gmt":"2025-02-28T09:40:43","slug":"chuot-may-tinh-fuhlen-l102-optical-black-usb","status":"publish","type":"product","link":"https:\/\/thanglongcomputer.vn\/?product=chuot-may-tinh-fuhlen-l102-optical-black-usb","title":{"rendered":"Chu\u1ed9t m\u00e1y t\u00ednh Fuhlen L102 Optical Black USB"},"content":{"rendered":"<p><strong>Chu\u1ed9t Fuhlen L102<\/strong>\u00a0Optical Black USB c\u00f3 thi\u1ebft k\u1ebf Ergonomic kh\u1ecfe kho\u1eb3n, c\u1ea7m kh\u00e1 v\u1eeba tay v\u00e0 tho\u1ea3i m\u00e1i \u0111\u1ec3 ng\u01b0\u1eddi d\u00f9ng c\u00f3 th\u1ec3 thao t\u00e1c, s\u1eed d\u1ee5ng trong m\u1ed9t th\u1eddi gian d\u00e0i m\u00e0 kh\u00f4ng c\u00f3 c\u1ea3m gi\u00e1c b\u1ecb m\u1ecfi tay v\u00e0 kh\u00f3 ch\u1ecbu. B\u1ea1n c\u00f3 th\u1ec3 ch\u01a1i game, l\u01b0\u1edbt web \u0111\u1ecdc tin t\u1ee9c h\u00e0ng gi\u1edd li\u1ec1n m\u00e0 v\u1eabn tho\u1ea3i m\u00e1i. Chu\u1ed9t Fuhlen L102 s\u1eed d\u1ee5ng c\u00f4ng ngh\u1ec7 c\u1ea3m bi\u1ebfn quang hi\u1ec7n \u0111\u1ea1i v\u1edbi \u0111\u1ed9 ph\u00e2n gi\u1ea3i 1000 DPI. Do \u0111\u00f3 mang \u0111\u1ebfn cho b\u1ea1n nhi\u1ec1u l\u1ef1a ch\u1ecdn khi gi\u1ea3i tr\u00ed, v\u00e0 l\u00e0m vi\u1ec7c.<\/p>\n<p>V\u1ecf chu\u1ed9t \u0111\u01b0\u1ee3c l\u00e0m b\u1eb1ng ch\u1ea5t li\u1ec7u nh\u1ef1a cao c\u1ea5p, kh\u1ea3 n\u0103ng ch\u1ed1ng va \u0111\u1eadp cao, c\u00f3 c\u1ed5ng c\u1eafm USB, d\u1ec5 d\u00e0ng k\u1ebft n\u1ed1i v\u1edbi c\u1ea3 PC v\u00e0 laptop. Thi\u1ebft k\u1ebf c\u1ee7a s\u1ea3n ph\u1ea9m kh\u00e1 \u0111\u01a1n gi\u1ea3n, bao g\u1ed3m 3 n\u00fat b\u1ea5m c\u01a1 b\u1ea3n: chu\u1ed9t tr\u00e1i, chu\u1ed9t ph\u1ea3i v\u00e0 n\u00fat cu\u1ed9n.<\/p>\n<h3>T\u00ednh n\u0103ng s\u1ea3n ph\u1ea9m<\/h3>\n<p dir=\"ltr\"><strong>Chu\u1ed9t ch\u01a1i game Fuhlen L102<\/strong>\u00a0gi\u00e1 r\u1ebb\u00a0l\u00e0 lo\u1ea1i\u00a0chu\u1ed9t\u00a0m\u00e1y t\u00ednh\u00a0ph\u1ed5\u00a0th\u00f4ng\u00a0v\u1edbi c\u1ea3m bi\u1ebfn quang h\u1ecdc, c\u1eafm c\u1ed5ng giao ti\u1ebfp USB ch\u1eafc ch\u1eafn. Th\u00edch h\u1ee3p s\u1eed d\u1ee5ng cho laptop, m\u00e1y t\u00ednh \u0111\u1ec3 b\u00e0n, ti vi smart\u2026D\u00e2y c\u1eafm d\u00e0i t\u1edbi 2m \u0111\u01b0\u1eddng k\u00ednh d\u00e2y l\u00e0 4mm ch\u1ed1ng \u0111\u1ee9t, \u0111\u1ea3m b\u1ea3o \u0111\u01b0\u1eddng truy\u1ec1n. D\u00e2y d\u00e0i n\u00ean b\u1ea1n c\u00f3 th\u1ec3 c\u1eafm v\u00e0 di chuy\u1ec3n d\u1ec5 d\u00e0ng h\u01a1n khi l\u00e0m vi\u1ec7c. C\u00e1c n\u00fat b\u1ea5m, cu\u1ed9n ch\u1ec9 kh\u00e1 nh\u1ea1y v\u00e0 linh ho\u1ea1t<\/p>\n<p dir=\"ltr\">\u0110\u1ed9 nh\u1ea1y c\u1ee7a\u00a0<strong>Fuhlen L102<\/strong>\u00a0l\u00ean t\u1edbi 1000dpi. V\u1edbi m\u1ee9c \u0111\u1ed9 nh\u1ea1y n\u00e0y b\u1ea1n c\u00f3 th\u1ec3 d\u00f9ng l\u00e0m vi\u1ec7c v\u0103n ph\u00f2ng v\u00e0 ch\u01a1i game \u0111\u1ec1u kh\u00e1 t\u1ed1t. Ch\u00ednh v\u00ec v\u1eady m\u00e0 Fuhlen L102 \u0111\u01b0\u1ee3c d\u00f9ng r\u1ea5t nhi\u1ec1u trong c\u00e1c ph\u00f2ng net, qu\u00e1n game.C\u00e1c ho\u1ea1t \u0111\u1ed9ng c\u1ee7a nh\u1eefng game th\u1ee7 s\u1ebd tr\u1edf n\u00ean s\u1ed1ng \u0111\u1ed9ng v\u00e0 ho\u00e0n h\u1ea3o h\u01a1n bao gi\u1edd h\u1ebft. \u0110\u1eb7c bi\u1ec7t, Fuhlen L102 c\u00f2n c\u00f3 th\u1ec3 ch\u1ecbu \u0111\u01b0\u1ee3c t\u1edbi 3 tri\u1ec7u l\u01b0\u1ee3t click chu\u1ed9t v\u1edbi gia t\u1ed1c tr\u00ean m\u1eb7t ph\u1eb3ng kh\u00e1 cao, ho\u1ea1t \u0111\u00f4ng t\u1ed1t\u00a0tr\u00ean m\u1ecdi b\u1ec1 m\u1eb7t c\u00f3 \u0111\u1ecba h\u00ecnh b\u1eb1ng ph\u1eb3ng, c\u00f9ng v\u1edbi \u0111\u00f3 l\u00e0 t\u1ed1c \u0111\u1ed9 d\u1ecbch chuy\u1ec3n r\u1ea5t \u1ea5n t\u01b0\u1ee3ng<\/p>\n","protected":false},"excerpt":{"rendered":"<p class=\"group-title\"><strong>Th\u00f4ng s\u1ed1 s\u1ea3n ph\u1ea9m<\/strong><\/p>\n<div>\n<ul>\n<li class=\"item\">Lo\u1ea1i chu\u1ed9t:C\u00f3 d\u00e2y<\/li>\n<li class=\"item\">Giao ti\u1ebfp:USB<\/li>\n<li class=\"item\">m\u00e0u:Black<\/li>\n<li class=\"item\">V\u00f2ng \u0111\u1eddi ph\u00edm:3 tri\u1ec7u click for Games<\/li>\n<\/ul>\n<\/div>\n","protected":false},"featured_media":2902,"comment_status":"open","ping_status":"closed","template":"","meta":{"_acf_changed":false},"product_brand":[220],"product_cat":[75,165],"product_tag":[87,173,163,172,147],"class_list":{"0":"post-1949","1":"product","2":"type-product","3":"status-publish","4":"has-post-thumbnail","6":"product_brand-fuhlen","7":"product_cat-phu-kien-laptop","8":"product_cat-chuot-mouse","9":"product_tag-black","10":"product_tag-chuot-van-phong","11":"product_tag-fuhlen","12":"product_tag-l102","13":"product_tag-usb","15":"first","16":"instock","17":"sale","18":"shipping-taxable","19":"purchasable","20":"product-type-simple"},"acf":[],"jetpack_sharing_enabled":true,"_links":{"self":[{"href":"https:\/\/thanglongcomputer.vn\/index.php?rest_route=\/wp\/v2\/product\/1949","targetHints":{"allow":["GET"]}}],"collection":[{"href":"https:\/\/thanglongcomputer.vn\/index.php?rest_route=\/wp\/v2\/product"}],"about":[{"href":"https:\/\/thanglongcomputer.vn\/index.php?rest_route=\/wp\/v2\/types\/product"}],"replies":[{"embeddable":true,"href":"https:\/\/thanglongcomputer.vn\/index.php?rest_route=%2Fwp%2Fv2%2Fcomments&post=1949"}],"wp:featuredmedia":[{"embeddable":true,"href":"https:\/\/thanglongcomputer.vn\/index.php?rest_route=\/wp\/v2\/media\/2902"}],"wp:attachment":[{"href":"https:\/\/thanglongcomputer.vn\/index.php?rest_route=%2Fwp%2Fv2%2Fmedia&parent=1949"}],"wp:term":[{"taxonomy":"product_brand","embeddable":true,"href":"https:\/\/thanglongcomputer.vn\/index.php?rest_route=%2Fwp%2Fv2%2Fproduct_brand&post=1949"},{"taxonomy":"product_cat","embeddable":true,"href":"https:\/\/thanglongcomputer.vn\/index.php?rest_route=%2Fwp%2Fv2%2Fproduct_cat&post=1949"},{"taxonomy":"product_tag","embeddable":true,"href":"https:\/\/thanglongcomputer.vn\/index.php?rest_route=%2Fwp%2Fv2%2Fproduct_tag&post=1949"}],"curies":[{"name":"wp","href":"https:\/\/api.w.org\/{rel}","templated":true}]}}