{"id":1947,"date":"2025-02-18T16:53:34","date_gmt":"2025-02-18T09:53:34","guid":{"rendered":"https:\/\/thanglongcomputer.vn\/san-pham\/chuot-asus-tuf-gaming-m3-the-he-ii\/"},"modified":"2025-02-24T10:13:13","modified_gmt":"2025-02-24T03:13:13","slug":"chuot-asus-tuf-gaming-m3-the-he-ii","status":"publish","type":"product","link":"https:\/\/thanglongcomputer.vn\/?product=chuot-asus-tuf-gaming-m3-the-he-ii","title":{"rendered":"Chu\u1ed9t Gaming c\u00f3 d\u00e2y ASUS TUF M3 GEN II &#8211; 90MP0320-BMUA00"},"content":{"rendered":"<p><img decoding=\"async\" src=\"https:\/\/hanoicomputercdn.com\/media\/lib\/14-11-2024\/nrg-nov-2024-2000x1000px.jpg\" \/><\/p>\n","protected":false},"excerpt":{"rendered":"<p class=\"group-title\"><strong>Th\u00f4ng s\u1ed1 s\u1ea3n ph\u1ea9m<\/strong><\/p>\n<div>\n<ul>\n<li>ASUS TUF Gaming M3 Gen II l\u00e0 chu\u1ed9t ch\u01a1i game c\u00f3 d\u00e2y si\u00eau nh\u1eb9 ch\u1ec9 n\u1eb7ng 59 gam v\u1edbi kh\u1ea3 n\u0103ng ch\u1ed1ng b\u1ee5i v\u00e0 n\u01b0\u1edbc IP56, B\u1ed9 ph\u1eadn B\u1ea3o v\u1ec7 Kh\u00e1ng khu\u1ea9n ASUS, c\u1ea3m bi\u1ebfn 8000 dpi, switch c\u00f3 tu\u1ed5i th\u1ecd 60 tri\u1ec7u l\u1ea7n nh\u1ea5p, feet chu\u1ed9t PTFE v\u00e0 s\u00e1u n\u00fat c\u00f3 th\u1ec3 l\u1eadp tr\u00ecnh.<\/li>\n<li>Thi\u1ebft k\u1ebf ti\u1ec7n d\u1ee5ng, si\u00eau nh\u1eb9: Ch\u1ec9 n\u1eb7ng 59 gram, v\u1edbi l\u1edbp v\u1ecf \u0111\u01b0\u1ee3c ch\u1ebf t\u1ea1o \u0111\u1eb7c bi\u1ec7t cho c\u00e1c game th\u1ee7 thu\u1eadn tay ph\u1ea3i<\/li>\n<li>C\u1ea3m bi\u1ebfn quang h\u1ecdc 8000 dpi: Cung c\u1ea5p kh\u1ea3 n\u0103ng theo d\u00f5i ch\u00ednh x\u00e1c \u0111\u1ebfn t\u1eebng pixel, v\u1edbi n\u00fat DPI \u0111\u1ec3 chuy\u1ec3n nhanh gi\u1eefa b\u1ed1n m\u1ee9c \u0111\u1ed9 nh\u1ea1y<\/li>\n<li>Kh\u1ea3 n\u0103ng ch\u1ed1ng b\u1ee5i v\u00e0 n\u01b0\u1edbc IP56: L\u1edbp ph\u1ee7 b\u1ea3o v\u1ec7 \u0111\u1ea3m b\u1ea3o \u0111\u1ed9 b\u1ec1n l\u00e2u d\u00e0i<\/li>\n<\/ul>\n<div id=\"js-pd-summary\" class=\"pd-summary-group\">\n<div><\/div>\n<\/div>\n<div class=\"pd-variant-group\"><\/div>\n<\/div>\n","protected":false},"featured_media":2887,"comment_status":"open","ping_status":"closed","template":"","meta":{"_acf_changed":false},"product_brand":[115],"product_cat":[165],"product_tag":[82,166,168,167,155,104],"class_list":{"0":"post-1947","1":"product","2":"type-product","3":"status-publish","4":"has-post-thumbnail","6":"product_brand-asus","7":"product_cat-chuot-mouse","8":"product_tag-asus","9":"product_tag-chuot","10":"product_tag-ii","11":"product_tag-m3","12":"product_tag-red-switch","13":"product_tag-tuf-gaming","15":"first","16":"instock","17":"sale","18":"shipping-taxable","19":"purchasable","20":"product-type-simple"},"acf":[],"jetpack_sharing_enabled":true,"_links":{"self":[{"href":"https:\/\/thanglongcomputer.vn\/index.php?rest_route=\/wp\/v2\/product\/1947","targetHints":{"allow":["GET"]}}],"collection":[{"href":"https:\/\/thanglongcomputer.vn\/index.php?rest_route=\/wp\/v2\/product"}],"about":[{"href":"https:\/\/thanglongcomputer.vn\/index.php?rest_route=\/wp\/v2\/types\/product"}],"replies":[{"embeddable":true,"href":"https:\/\/thanglongcomputer.vn\/index.php?rest_route=%2Fwp%2Fv2%2Fcomments&post=1947"}],"wp:featuredmedia":[{"embeddable":true,"href":"https:\/\/thanglongcomputer.vn\/index.php?rest_route=\/wp\/v2\/media\/2887"}],"wp:attachment":[{"href":"https:\/\/thanglongcomputer.vn\/index.php?rest_route=%2Fwp%2Fv2%2Fmedia&parent=1947"}],"wp:term":[{"taxonomy":"product_brand","embeddable":true,"href":"https:\/\/thanglongcomputer.vn\/index.php?rest_route=%2Fwp%2Fv2%2Fproduct_brand&post=1947"},{"taxonomy":"product_cat","embeddable":true,"href":"https:\/\/thanglongcomputer.vn\/index.php?rest_route=%2Fwp%2Fv2%2Fproduct_cat&post=1947"},{"taxonomy":"product_tag","embeddable":true,"href":"https:\/\/thanglongcomputer.vn\/index.php?rest_route=%2Fwp%2Fv2%2Fproduct_tag&post=1947"}],"curies":[{"name":"wp","href":"https:\/\/api.w.org\/{rel}","templated":true}]}}