{"id":1944,"date":"2025-02-18T16:53:33","date_gmt":"2025-02-18T09:53:33","guid":{"rendered":"https:\/\/thanglongcomputer.vn\/san-pham\/ban-phim-asus-tuf-k1\/"},"modified":"2025-02-28T16:40:14","modified_gmt":"2025-02-28T09:40:14","slug":"ban-phim-asus-tuf-k1","status":"publish","type":"product","link":"https:\/\/thanglongcomputer.vn\/?product=ban-phim-asus-tuf-k1","title":{"rendered":"B\u00e0n ph\u00edm ASUS TUF K1"},"content":{"rendered":"<h2 class=\"box-title\"><img decoding=\"async\" class=\"loading\" style=\"font-size: 20.16px;\" src=\"https:\/\/hanoicomputercdn.com\/media\/lib\/14-11-2024\/nrg-nov-2024-2000x1000px.jpg\" data-was-processed=\"true\" \/><\/h2>\n<div class=\"static-html-group js-static-container\">\n<div id=\"js-product-description\" class=\"js-static-content static-html-content\">\n<h3>Thi\u1ebft k\u1ebf c\u00f4ng th\u00e1i h\u1ecdc, th\u00e1ch th\u1ee9c th\u1eddi gian<\/h3>\n<p><strong>Asus TUF K1<\/strong>\u00a0l\u00e0\u00a0b\u00e0n ph\u00edm ch\u01a1i game\u00a0mang l\u1ea1i hi\u1ec7u n\u0103ng v\u01b0\u1ee3t tr\u1ed9i v\u00e0 \u0111\u1ed9 b\u1ec1n th\u00e1ch th\u1ee9c th\u1eddi gian. B\u00e0n ph\u00edm \u0111\u01b0\u1ee3c trang b\u1ecb c\u00e1c ph\u00edm b\u1ea5m c\u00f3 \u0111\u1ed9 ph\u1ea3n h\u1ed3i \u00eam \u00e1i v\u1edbi m\u1ed7i l\u1ea7n nh\u1ea5n. V\u1edbi ph\u1ea7n \u0111\u1ec7m k\u00ea c\u1ed5 tay c\u00f3 th\u1ec3 th\u00e1o r\u1eddi v\u00e0 ch\u00e2n c\u00f3 th\u1ec3 \u0111i\u1ec1u ch\u1ec9nh hai m\u1ee9c chi\u1ec1u cao,\u00a0<strong>TUF Gaming K1<\/strong>\u00a0\u0111\u01b0\u1ee3c thi\u1ebft k\u1ebf ti\u1ec7n d\u1ee5ng \u0111\u1ec3 mang l\u1ea1i s\u1ef1 tho\u1ea3i m\u00e1i t\u1ed1i \u01b0u.<\/p>\n<p><img decoding=\"async\" class=\"loading\" src=\"https:\/\/phucanhcdn.com\/media\/lib\/15-03-2022\/asustufk1bvh1.jpg\" alt=\"\" data-was-processed=\"true\" \/><\/p>\n<h3>Ch\u1ed1ng n\u01b0\u1edbc v\u1edbi l\u1edbp m\u1ea1 chuy\u00ean d\u1ee5ng<\/h3>\n<p><strong>TUF Gaming K1<\/strong>\u00a0\u0111\u01b0\u1ee3c gia c\u00f4ng ch\u1eafc ch\u1eafn c\u1ea3 \u1edf ph\u1ea7n trong v\u00e0 ph\u1ea7n ngo\u00e0i \u0111\u1ec3 c\u00f3 kh\u1ea3 n\u0103ng ph\u1ee5c v\u1ee5 nhi\u1ec1u n\u0103m li\u1ec1n. L\u1edbp v\u1ecf b\u00ean ngo\u00e0i c\u1ee7a b\u00e0n ph\u00edm n\u00e0y c\u00f3 m\u1ed9t l\u1edbp ph\u1ee7 gia c\u01b0\u1eddng \u0111\u1eb7c bi\u1ec7t \u0111\u1ec3 \u0111\u00e1p \u1ee9ng y\u00eau c\u1ea7u c\u1ee7a h\u01a1n 10 b\u00e0i th\u1eed nghi\u1ec7m nghi\u00eam ng\u1eb7t v\u1ec1 m\u00e0i m\u00f2n, ma s\u00e1t v\u00e0 m\u1ed3 h\u00f4i. V\u1edbi kh\u1ea3 n\u0103ng ch\u1ed1ng th\u1ea5m n\u01b0\u1edbc l\u00ean \u0111\u1ebfn 300ml,\u00a0b\u00e0n ph\u00edm gaming Asus\u00a0n\u00e0y b\u1ea3o \u0111\u1ea3m r\u1eb1ng n\u01b0\u1edbc tr\u00e0n ra t\u1eeb lon ho\u1eb7c c\u1ed1c s\u1ebd kh\u00f4ng \u1ea3nh h\u01b0\u1edfng \u0111\u1ebfn pha h\u00e0nh \u0111\u1ed9ng c\u1ee7a b\u1ea1n.<\/p>\n<p><img decoding=\"async\" class=\"loading\" src=\"https:\/\/phucanhcdn.com\/media\/lib\/15-03-2022\/asustufk1bvh6.jpg\" alt=\"\" data-was-processed=\"true\" \/><\/p>\n<h3>Hi\u1ec7u su\u1ea5t \u0111\u1ea1t chu\u1ea9n gaming<\/h3>\n<p><strong>TUF Gaming K1<\/strong>\u00a0mang l\u1ea1i ph\u1ea3n c\u1ea3m gi\u00e1c b\u1ea5m ph\u00edm tuy\u1ec7t v\u1eddi nh\u1edd mi\u1ebfng \u0111\u1ec7m gi\u00fap ph\u00edm b\u1ea5m b\u1eadt ng\u01b0\u1ee3c l\u1ea1i, kh\u00f4ng ph\u00e1t ra ti\u1ebfng \u0111\u1ed9ng m\u00e0 v\u1eabn r\u1ea5t tho\u1ea3i m\u00e1i. B\u00e0n ph\u00edm n\u00e0y c\u0169ng c\u0169ng \u0111\u01b0\u1ee3c thi\u1ebft k\u1ebf v\u1edbi c\u00f4ng ngh\u1ec7 ghi nh\u1eadn 19 ph\u00edm b\u1ea5m c\u00f9ng l\u00fac (NKRO), nh\u1edd \u0111\u00f3 \u0111\u1ea3m b\u1ea3o \u0111\u1ed9 ch\u00ednh x\u00e1c v\u01b0\u1ee3t tr\u1ed9i v\u00e0 kh\u00f4ng b\u1ecb b\u1ecf l\u1ee1 l\u1ea7n nh\u1ea5n ph\u00edm n\u00e0o.<\/p>\n<p><img decoding=\"async\" class=\"loading\" src=\"https:\/\/phucanhcdn.com\/media\/lib\/15-03-2022\/asustufk1bvh2.jpg\" alt=\"\" data-was-processed=\"true\" \/><\/p>\n<h3>D\u1ea3i \u0111\u00e8n RGB l\u1ea5p l\u00e1nh \u00e1nh s\u00e1ng<\/h3>\n<p><strong>TUF Gaming K1<\/strong>\u00a0c\u00f3 n\u0103m v\u00f9ng chi\u1ebfu s\u00e1ng ri\u00eang bi\u1ec7t v\u00e0 c\u00e1c thanh RGB n\u1ed5i b\u1eadt \u1edf c\u1ea3 hai b\u00ean b\u00e0n ph\u00edm. Ng\u01b0\u1eddi d\u00f9ng c\u00f3 th\u1ec3 l\u1ef1a ch\u1ecdn to\u00e0n b\u1ed9 ph\u1ed5 m\u00e0u \u0111\u1ec3 t\u00f9y ch\u1ec9nh ri\u00eang t\u1eebng v\u00f9ng, nh\u1edd \u0111\u00f3 gi\u00fap b\u1ea1n \u0111i\u1ec1u khi\u1ec3n d\u00e0n m\u00e1y c\u1ee7a m\u00ecnh t\u1ecfa s\u00e1ng theo \u0111\u00fang \u00fd mu\u1ed1n. \u1ee8ng d\u1ee5ng ASUS Armoury Crate v\u1edbi c\u01a1 ch\u1ebf \u0111i\u1ec1u khi\u1ec3n RGB ti\u00ean ti\u1ebfn gi\u00fap \u0111\u1ed3ng b\u1ed9 h\u00f3a c\u1ea5u h\u00ecnh \u0111\u00e8n v\u00e0 game v\u1edbi n\u1ed9i dung c\u1ee7a b\u1ea1n.<\/p>\n<p><img decoding=\"async\" class=\"loading\" src=\"https:\/\/phucanhcdn.com\/media\/lib\/15-03-2022\/asustufk1bvh5.jpg\" alt=\"\" data-was-processed=\"true\" \/><\/p>\n<h3>N\u00fam v\u1eb7n \u00e2m l\u01b0\u1ee3ng chuy\u00ean d\u1ee5ng<\/h3>\n<p>V\u1edbi n\u00fam ch\u1ec9nh \u00e2m l\u01b0\u1ee3ng chuy\u00ean d\u1ee5ng \u1edf g\u00f3c tr\u00ean b\u00ean ph\u1ea3i,\u00a0<strong>TUF Gaming K1<\/strong>\u00a0gi\u00fap b\u1ea1n \u0111i\u1ec1u khi\u1ec3n \u00e2m thanh trong game m\u1ed9t c\u00e1ch nhanh ch\u00f3ng v\u00e0 d\u1ec5 d\u00e0ng. B\u1ea1n c\u00f3 th\u1ec3 d\u1ec5 d\u00e0ng v\u1eb7n n\u00fam m\u00e0 v\u1eabn b\u00e1m s\u00e1t t\u1eebng h\u00e0nh \u0111\u1ed9ng tr\u00ean m\u00e0n h\u00ecnh.<\/p>\n<p><img decoding=\"async\" class=\"loading\" src=\"https:\/\/phucanhcdn.com\/media\/lib\/15-03-2022\/asustufk1bvh4.jpg\" alt=\"\" data-was-processed=\"true\" \/><\/p>\n<h3>D\u1ec5 d\u00e0ng l\u1eadp tr\u00ecnh nh\u1edd b\u1ed9 nh\u1edb tr\u00ean bo m\u1ea1ch<\/h3>\n<p><strong>TUF Gaming K1<\/strong>\u00a0c\u00f3 t\u00e1m ph\u00edm c\u00f3 th\u1ec3 l\u1eadp tr\u00ecnh, h\u1ed7 tr\u1ee3 ghi macro theo th\u1eddi gian th\u1ef1c, gi\u00fap d\u1ec5 d\u00e0ng thi\u1ebft l\u1eadp b\u00e0n ph\u00edm c\u1ee7a b\u1ea1n \u0111\u1ec3 mang l\u1ea1i tr\u1ea3i nghi\u1ec7m ch\u01a1i c\u00e1 nh\u00e2n h\u00f3a. V\u1edbi m\u1ed9t b\u1ed9 nh\u1edb m\u1eb7c \u0111\u1ecbnh tr\u00ean bo m\u1ea1ch v\u00e0 ba b\u1ed9 nh\u1edb t\u00f9y ch\u1ec9nh, b\u00e0n ph\u00edm n\u00e0y cho ph\u00e9p b\u1ea1n mang theo b\u00e0n ph\u00edm v\u1edbi c\u00e1c c\u00e0i \u0111\u1eb7t t\u00f9y ch\u1ec9nh b\u00ean m\u00ecnh m\u1ecdi l\u00fac m\u1ecdi n\u01a1i.<\/p>\n<p><img decoding=\"async\" class=\"loading\" src=\"https:\/\/phucanhcdn.com\/media\/lib\/15-03-2022\/asustufk1bvh7.jpg\" alt=\"\" data-was-processed=\"true\" \/><\/p>\n<\/div>\n<div class=\"static-btn-group\"><\/div>\n<\/div>\n","protected":false},"excerpt":{"rendered":"<div id=\"js-pd-summary\" class=\"pd-summary-group active\">\n<p class=\"group-title\"><strong>Th\u00f4ng s\u1ed1 s\u1ea3n ph\u1ea9m<\/strong><\/p>\n<div>\n<ul>\n<li class=\"item\">Chu\u1ea9n k\u1ebft n\u1ed1i: D\u00e2y USB<\/li>\n<li class=\"item\">Layout Fullsize 104 ph\u00edm<\/li>\n<li class=\"item\">T\u00ednh n\u0103ng Anti-Ghosting c\u00f3 kh\u1ea3 n\u0103ng b\u1ea5m c\u00f9ng l\u00fac 19 ph\u00edm<\/li>\n<li class=\"item\">T\u00edch h\u1ee3p n\u00fat \u00e2m l\u01b0\u1ee3ng \u0111i\u1ec1u ch\u1ec9nh \u00e2m thanh d\u1ec5 d\u00e0ng<\/li>\n<li class=\"item\">Khung nh\u1ef1a c\u01b0\u1eddng l\u1ef1c, b\u1ec1n b\u1ec9 v\u1edbi kh\u1ea3 n\u0103ng ch\u1ed1ng th\u1ea5m n\u01b0\u1edbc l\u00ean \u0111\u1ebfn 300 ml, mang l\u1ea1i \u0111\u1ed9 \u1ed5n \u0111\u1ecbnh v\u00e0 \u0111\u1ed9 tin c\u1eady v\u01b0\u1ee3t tr\u1ed9i<\/li>\n<li class=\"item\">C\u00e1c ph\u00edm c\u00f3 th\u1ec3 l\u1eadp tr\u00ecnh Macro d\u1ec5 d\u00e0ng<\/li>\n<li class=\"item\">Ph\u1ea7n \u0111\u1ec7m k\u00ea c\u1ed5 tay ti\u1ec7n d\u1ee5ng c\u00f3 th\u1ec3 th\u00e1o r\u1eddi \u0111\u1ec3 mang l\u1ea1i s\u1ef1 tho\u1ea3i m\u00e1i d\u00e0i l\u00e2u<\/li>\n<\/ul>\n<\/div>\n<\/div>\n<div class=\"pd-variant-group\"><\/div>\n","protected":false},"featured_media":2865,"comment_status":"open","ping_status":"closed","template":"","meta":{"_acf_changed":false},"product_brand":[115],"product_cat":[75,137],"product_tag":[82,139,160,104],"class_list":{"0":"post-1944","1":"product","2":"type-product","3":"status-publish","4":"has-post-thumbnail","6":"product_brand-asus","7":"product_cat-phu-kien-laptop","8":"product_cat-ban-phim","9":"product_tag-asus","10":"product_tag-ban-phim-co","11":"product_tag-k1","12":"product_tag-tuf-gaming","14":"first","15":"instock","16":"sale","17":"shipping-taxable","18":"purchasable","19":"product-type-simple"},"acf":[],"jetpack_sharing_enabled":true,"_links":{"self":[{"href":"https:\/\/thanglongcomputer.vn\/index.php?rest_route=\/wp\/v2\/product\/1944","targetHints":{"allow":["GET"]}}],"collection":[{"href":"https:\/\/thanglongcomputer.vn\/index.php?rest_route=\/wp\/v2\/product"}],"about":[{"href":"https:\/\/thanglongcomputer.vn\/index.php?rest_route=\/wp\/v2\/types\/product"}],"replies":[{"embeddable":true,"href":"https:\/\/thanglongcomputer.vn\/index.php?rest_route=%2Fwp%2Fv2%2Fcomments&post=1944"}],"wp:featuredmedia":[{"embeddable":true,"href":"https:\/\/thanglongcomputer.vn\/index.php?rest_route=\/wp\/v2\/media\/2865"}],"wp:attachment":[{"href":"https:\/\/thanglongcomputer.vn\/index.php?rest_route=%2Fwp%2Fv2%2Fmedia&parent=1944"}],"wp:term":[{"taxonomy":"product_brand","embeddable":true,"href":"https:\/\/thanglongcomputer.vn\/index.php?rest_route=%2Fwp%2Fv2%2Fproduct_brand&post=1944"},{"taxonomy":"product_cat","embeddable":true,"href":"https:\/\/thanglongcomputer.vn\/index.php?rest_route=%2Fwp%2Fv2%2Fproduct_cat&post=1944"},{"taxonomy":"product_tag","embeddable":true,"href":"https:\/\/thanglongcomputer.vn\/index.php?rest_route=%2Fwp%2Fv2%2Fproduct_tag&post=1944"}],"curies":[{"name":"wp","href":"https:\/\/api.w.org\/{rel}","templated":true}]}}