{"id":1943,"date":"2025-02-18T16:53:33","date_gmt":"2025-02-18T09:53:33","guid":{"rendered":"https:\/\/thanglongcomputer.vn\/san-pham\/ban-phim-asus-rog-strix-scope-tkl-red-switch\/"},"modified":"2025-02-28T16:40:00","modified_gmt":"2025-02-28T09:40:00","slug":"ban-phim-asus-rog-strix-scope-tkl-red-switch","status":"publish","type":"product","link":"https:\/\/thanglongcomputer.vn\/?product=ban-phim-asus-rog-strix-scope-tkl-red-switch","title":{"rendered":"B\u00e0n ph\u00edm ASUS ROG Strix Scope TKL Red Switch"},"content":{"rendered":"<p><img decoding=\"async\" src=\"https:\/\/hanoicomputercdn.com\/media\/lib\/30-06-2022\/ban-phim-asus-rog-strix-scope-nx-tkl-1.jpg\" alt=\"B\u00e0n ph\u00edm Asus ROG Strix Scope NX TKL\" \/><\/p>\n","protected":false},"excerpt":{"rendered":"<p class=\"group-title\"><strong>Th\u00f4ng s\u1ed1 s\u1ea3n ph\u1ea9m<\/strong><\/p>\n<div>\n<ul>\n<li class=\"item\">B\u00e0n ph\u00edm Asus ROG Strix Scope NX TKL<\/li>\n<li class=\"item\">Ph\u00edm Left Ctrl d\u00e0i g\u1ea5p 2 l\u1ea7n b\u00ecnh th\u01b0\u1eddng, \u0111\u1ea3m b\u1ea3o kh\u00f4ng b\u1ecb b\u1ea5m tr\u01b0\u1ee3t c\u00e1c thao t\u00e1c trong game<\/li>\n<li class=\"item\">Layout TKL g\u1ecdn g\u00e0ng v\u1edbi d\u00e2y c\u00e1p c\u00f3 th\u1ec3 th\u00e1o r\u1eddi<\/li>\n<li class=\"item\">Chuy\u1ec3n \u0111\u1ed5i nhanh: Chuy\u1ec3n ngay l\u1eadp t\u1ee9c v\u1edbi c\u00e1c ph\u00edm ch\u1ee9c n\u0103ng v\u00e0 media<\/li>\n<li class=\"item\">Ph\u00edm Stealh: \u1ea8n t\u1ea5t c\u1ea3 \u00e2m thanh, \u1ee9ng d\u1ee5ng \u0111\u1ec3 b\u1ea3o v\u1ec7 quy\u1ec1n ri\u00eang t\u01b0<\/li>\n<li class=\"item\">Switch ROG NX \u0111\u1ed9c quy\u1ec1n c\u1ee7a Asus<\/li>\n<li class=\"item\">K\u1ebft c\u1ea5u b\u1eb1ng nh\u00f4m cho \u0111\u1ed9 b\u1ec1n v\u00e0 t\u00ednh th\u1ea9m m\u1ef9 cao<\/li>\n<\/ul>\n<\/div>\n","protected":false},"featured_media":2869,"comment_status":"open","ping_status":"closed","template":"","meta":{"_acf_changed":false},"product_brand":[115],"product_cat":[75,137],"product_tag":[82,139,159,125,156,158],"class_list":{"0":"post-1943","1":"product","2":"type-product","3":"status-publish","4":"has-post-thumbnail","6":"product_brand-asus","7":"product_cat-phu-kien-laptop","8":"product_cat-ban-phim","9":"product_tag-asus","10":"product_tag-ban-phim-co","11":"product_tag-redswitch","12":"product_tag-rogstrix","13":"product_tag-scopeii","14":"product_tag-tkl","16":"first","17":"onbackorder","18":"sale","19":"shipping-taxable","20":"purchasable","21":"product-type-simple"},"acf":[],"jetpack_sharing_enabled":true,"_links":{"self":[{"href":"https:\/\/thanglongcomputer.vn\/index.php?rest_route=\/wp\/v2\/product\/1943","targetHints":{"allow":["GET"]}}],"collection":[{"href":"https:\/\/thanglongcomputer.vn\/index.php?rest_route=\/wp\/v2\/product"}],"about":[{"href":"https:\/\/thanglongcomputer.vn\/index.php?rest_route=\/wp\/v2\/types\/product"}],"replies":[{"embeddable":true,"href":"https:\/\/thanglongcomputer.vn\/index.php?rest_route=%2Fwp%2Fv2%2Fcomments&post=1943"}],"wp:featuredmedia":[{"embeddable":true,"href":"https:\/\/thanglongcomputer.vn\/index.php?rest_route=\/wp\/v2\/media\/2869"}],"wp:attachment":[{"href":"https:\/\/thanglongcomputer.vn\/index.php?rest_route=%2Fwp%2Fv2%2Fmedia&parent=1943"}],"wp:term":[{"taxonomy":"product_brand","embeddable":true,"href":"https:\/\/thanglongcomputer.vn\/index.php?rest_route=%2Fwp%2Fv2%2Fproduct_brand&post=1943"},{"taxonomy":"product_cat","embeddable":true,"href":"https:\/\/thanglongcomputer.vn\/index.php?rest_route=%2Fwp%2Fv2%2Fproduct_cat&post=1943"},{"taxonomy":"product_tag","embeddable":true,"href":"https:\/\/thanglongcomputer.vn\/index.php?rest_route=%2Fwp%2Fv2%2Fproduct_tag&post=1943"}],"curies":[{"name":"wp","href":"https:\/\/api.w.org\/{rel}","templated":true}]}}