{"id":1937,"date":"2025-02-18T16:53:33","date_gmt":"2025-02-18T09:53:33","guid":{"rendered":"https:\/\/thanglongcomputer.vn\/san-pham\/ban-phim-may-tinh-mik-shiba\/"},"modified":"2025-02-28T16:39:25","modified_gmt":"2025-02-28T09:39:25","slug":"ban-phim-may-tinh-mik-shiba","status":"publish","type":"product","link":"https:\/\/thanglongcomputer.vn\/?product=ban-phim-may-tinh-mik-shiba","title":{"rendered":"B\u00c0N PH\u00cdM MA\u0301Y TI\u0301NH MIK SHIBA"},"content":{"rendered":"<p>B\u00e0n ph\u00edm MIK SHIBA c\u00f3 thi\u1ebft k\u1ebf \u0111\u01a1n gi\u1ea3n, ki\u1ec3u d\u00e1ng m\u1ecfng, th\u00f4ng d\u1ee5ng v\u1edbi v\u1ecf \u0111\u01b0\u1ee3c l\u00e0m b\u1eb1ng ch\u1ea5t li\u1ec7u nh\u1ef1a b\u1ec1n, cao c\u1ea5p v\u00e0 \u0111\u01b0\u1ee3c ph\u1ee7 m\u1ed9t l\u1edbp s\u01a1n m\u00e0u \u0111en ch\u1ed1ng b\u1ee5i b\u1ea3o v\u1ec7 b\u00e0n ph\u00edm kh\u1ecfi nh\u1eefng ch\u1ea5n \u0111\u1ed9ng b\u1ea5t ch\u1ee3t, gi\u1ea3m thi\u1ec3u thi\u1ec7t h\u1ea1i cho c\u00e1c linh ki\u1ec7n b\u00ean trong.<\/p>\n<p>B\u00e0n ph\u00edm MIK SHIBA c\u00f3 thi\u1ebft k\u1ebf ki\u1ec3u d\u00e1ng full layout v\u1edbi \u0111\u1ea7y \u0111\u1ee7 104 ph\u00edm, c\u00e1c ph\u00edm \u0111\u01b0\u01a1c thi\u1ebft k\u1ebf m\u1ecfng, nh\u1eb9 c\u00f9ng v\u1edbi \u0111\u1ed9 \u0111\u00e0n h\u1ed3i t\u1ed1t, d\u1ec5 d\u00e0ng g\u00f5 tr\u00ean \u0111\u1ea7u ng\u00f3n tay mang l\u1ea1i c\u1ea3m gi\u00e1c tho\u1ea3i m\u00e1i cho ng\u01b0\u1eddi d\u00f9ng khi s\u1eed d\u1ee5ng, kh\u00f4ng g\u00e2y m\u1ecfi, nh\u1ee9c tay khi l\u00e0m vi\u1ec7c trong th\u1eddi gian d\u00e0i. C\u00e1c k\u00fd t\u1ef1 tr\u00ean ph\u00edm \u0111\u01b0\u1ee3c kh\u1eafc b\u1eb1ng laser ch\u1ed1ng m\u1edd, t\u1ed3n t\u1ea1i l\u00e2u d\u00e0i v\u1edbi th\u1eddi gian th\u00edch h\u1ee3p cho ng\u01b0\u1eddi d\u00f9ng c\u00f3 nhu c\u1ea7u \u0111\u00e1nh m\u00e1y li\u00ean t\u1ee5c, kh\u00f4ng g\u00e2y \u1ea3nh h\u01b0\u1edfng \u0111\u1ebfn qu\u00e1 tr\u00ecnh l\u00e0m vi\u1ec7c.<\/p>\n<p>B\u00e0n ph\u00edm MIK SHIBA s\u1eed d\u1ee5ng k\u1ebft n\u1ed1i c\u1ed5ng USB th\u00f4ng d\u1ee5ng, d\u1ec5 d\u00e0ng k\u1ebft n\u1ed1i, kh\u00f4ng g\u00e2y kh\u00f3 kh\u0103n cho ng\u01b0\u1eddi d\u00f9ng khi t\u00ecm \u1ed5 k\u1ebft n\u1ed1i. D\u00e2y c\u00e1p \u0111\u01b0\u1ee3c l\u00e0m b\u1eb1ng ch\u1ea5t li\u1ec7u cao su b\u1ec1n, d\u1ebbo gi\u00fap cho ng\u01b0\u1eddi d\u00f9ng c\u00f3 th\u1ec3 qu\u1ea5n, g\u1ea5p g\u1ecdn g\u00e0ng khi s\u1eed d\u1ee5ng trong v\u0103n ph\u00f2ng l\u00e0m vi\u1ec7c v\u00e0 b\u1ea3o v\u1ec7 an to\u00e0n cho c\u00e1c l\u00f5i d\u00e2y b\u00ean trong kh\u00f4ng b\u1ecb h\u01b0 h\u1ea1i.<\/p>\n<p>\u0110\u1ed9 b\u1ec1n ph\u00edm l\u00ean t\u1edbi 10 tri\u1ec7u\u00a0l\u1ea7n nh\u1ea5n<\/p>\n","protected":false},"excerpt":{"rendered":"<p>B\u00e0n ph\u00edm MIK SHIBA c\u00f3 thi\u1ebft k\u1ebf \u0111\u01a1n gi\u1ea3n, ki\u1ec3u d\u00e1ng m\u1ecfng, th\u00f4ng d\u1ee5ng v\u1edbi v\u1ecf \u0111\u01b0\u1ee3c l\u00e0m b\u1eb1ng ch\u1ea5t li\u1ec7u nh\u1ef1a b\u1ec1n, cao c\u1ea5p v\u00e0 \u0111\u01b0\u1ee3c ph\u1ee7 m\u1ed9t l\u1edbp s\u01a1n m\u00e0u \u0111en ch\u1ed1ng b\u1ee5i b\u1ea3o v\u1ec7 b\u00e0n ph\u00edm kh\u1ecfi nh\u1eefng ch\u1ea5n \u0111\u1ed9ng b\u1ea5t ch\u1ee3t, gi\u1ea3m thi\u1ec3u thi\u1ec7t h\u1ea1i cho c\u00e1c linh ki\u1ec7n b\u00ean trong. &#8230;<\/p>\n","protected":false},"featured_media":2837,"comment_status":"open","ping_status":"closed","template":"","meta":{"_acf_changed":false},"product_brand":[106],"product_cat":[75,137],"product_tag":[142,88,143],"class_list":{"0":"post-1937","1":"product","2":"type-product","3":"status-publish","4":"has-post-thumbnail","6":"product_brand-mik","7":"product_cat-phu-kien-laptop","8":"product_cat-ban-phim","9":"product_tag-ban-phim-van-phong","10":"product_tag-mik","11":"product_tag-shiba","13":"first","14":"instock","15":"sale","16":"shipping-taxable","17":"purchasable","18":"product-type-simple"},"acf":[],"jetpack_sharing_enabled":true,"_links":{"self":[{"href":"https:\/\/thanglongcomputer.vn\/index.php?rest_route=\/wp\/v2\/product\/1937","targetHints":{"allow":["GET"]}}],"collection":[{"href":"https:\/\/thanglongcomputer.vn\/index.php?rest_route=\/wp\/v2\/product"}],"about":[{"href":"https:\/\/thanglongcomputer.vn\/index.php?rest_route=\/wp\/v2\/types\/product"}],"replies":[{"embeddable":true,"href":"https:\/\/thanglongcomputer.vn\/index.php?rest_route=%2Fwp%2Fv2%2Fcomments&post=1937"}],"wp:featuredmedia":[{"embeddable":true,"href":"https:\/\/thanglongcomputer.vn\/index.php?rest_route=\/wp\/v2\/media\/2837"}],"wp:attachment":[{"href":"https:\/\/thanglongcomputer.vn\/index.php?rest_route=%2Fwp%2Fv2%2Fmedia&parent=1937"}],"wp:term":[{"taxonomy":"product_brand","embeddable":true,"href":"https:\/\/thanglongcomputer.vn\/index.php?rest_route=%2Fwp%2Fv2%2Fproduct_brand&post=1937"},{"taxonomy":"product_cat","embeddable":true,"href":"https:\/\/thanglongcomputer.vn\/index.php?rest_route=%2Fwp%2Fv2%2Fproduct_cat&post=1937"},{"taxonomy":"product_tag","embeddable":true,"href":"https:\/\/thanglongcomputer.vn\/index.php?rest_route=%2Fwp%2Fv2%2Fproduct_tag&post=1937"}],"curies":[{"name":"wp","href":"https:\/\/api.w.org\/{rel}","templated":true}]}}