{"id":1936,"date":"2025-02-18T16:53:33","date_gmt":"2025-02-18T09:53:33","guid":{"rendered":"https:\/\/thanglongcomputer.vn\/san-pham\/ban-phim-co-gaming-adata-xpg-mage\/"},"modified":"2025-02-28T16:39:20","modified_gmt":"2025-02-28T09:39:20","slug":"ban-phim-co-gaming-adata-xpg-mage","status":"publish","type":"product","link":"https:\/\/thanglongcomputer.vn\/?product=ban-phim-co-gaming-adata-xpg-mage","title":{"rendered":"B\u00c0N PH\u00cdM C\u01a0 GAMING ADATA XPG MAGE"},"content":{"rendered":"","protected":false},"excerpt":{"rendered":"<div><strong>Th\u00f4ng s\u1ed1 s\u1ea3n ph\u1ea9m<\/strong><\/div>\n<div>\n<ul>\n<li>T\u01b0\u01a1ng th\u00edch v\u1edbi XPG PRIME<\/li>\n<li>C\u00e1c C\u00f4ng T\u1eafc Ph\u00edm C\u01a1 H\u1ecdc S\u1eafc \u0110\u1ecf RGB<\/li>\n<li>Hi\u1ec7u \u1ee8ng \u00c1nh S\u00e1ng RGB M\u1ed9t N\u00fat B\u1ea5m<\/li>\n<li>C\u00e1c Ph\u00edm B\u1ea5m Ch\u1ed1ng Ghost 100%<\/li>\n<li>C\u00e1p USB Type-C C\u00f3 Th\u1ec3 Th\u00e1o R\u1eddi<\/li>\n<li>V\u1ecf Nh\u00f4m Nh\u1eb9<\/li>\n<li>3 Giao Di\u1ec7n C\u00f3 Th\u1ec3 T\u00f9y Bi\u1ebfn<\/li>\n<li>Ch\u1ebf \u0110\u1ed9 Ch\u01a1i Game<\/li>\n<li>C\u00e1c Ph\u00edm \u0110i\u1ec1u Khi\u1ec3n Media (T\u00ednh N\u0103ng Chung)<\/li>\n<\/ul>\n<\/div>\n","protected":false},"featured_media":2836,"comment_status":"open","ping_status":"closed","template":"","meta":{"_acf_changed":false},"product_brand":[217],"product_cat":[75,137],"product_tag":[138,139,140,141],"class_list":{"0":"post-1936","1":"product","2":"type-product","3":"status-publish","4":"has-post-thumbnail","6":"product_brand-adata","7":"product_cat-phu-kien-laptop","8":"product_cat-ban-phim","9":"product_tag-adata","10":"product_tag-ban-phim-co","11":"product_tag-gaming","12":"product_tag-xpg-mage","14":"first","15":"instock","16":"shipping-taxable","17":"purchasable","18":"product-type-simple"},"acf":[],"jetpack_sharing_enabled":true,"_links":{"self":[{"href":"https:\/\/thanglongcomputer.vn\/index.php?rest_route=\/wp\/v2\/product\/1936","targetHints":{"allow":["GET"]}}],"collection":[{"href":"https:\/\/thanglongcomputer.vn\/index.php?rest_route=\/wp\/v2\/product"}],"about":[{"href":"https:\/\/thanglongcomputer.vn\/index.php?rest_route=\/wp\/v2\/types\/product"}],"replies":[{"embeddable":true,"href":"https:\/\/thanglongcomputer.vn\/index.php?rest_route=%2Fwp%2Fv2%2Fcomments&post=1936"}],"wp:featuredmedia":[{"embeddable":true,"href":"https:\/\/thanglongcomputer.vn\/index.php?rest_route=\/wp\/v2\/media\/2836"}],"wp:attachment":[{"href":"https:\/\/thanglongcomputer.vn\/index.php?rest_route=%2Fwp%2Fv2%2Fmedia&parent=1936"}],"wp:term":[{"taxonomy":"product_brand","embeddable":true,"href":"https:\/\/thanglongcomputer.vn\/index.php?rest_route=%2Fwp%2Fv2%2Fproduct_brand&post=1936"},{"taxonomy":"product_cat","embeddable":true,"href":"https:\/\/thanglongcomputer.vn\/index.php?rest_route=%2Fwp%2Fv2%2Fproduct_cat&post=1936"},{"taxonomy":"product_tag","embeddable":true,"href":"https:\/\/thanglongcomputer.vn\/index.php?rest_route=%2Fwp%2Fv2%2Fproduct_tag&post=1936"}],"curies":[{"name":"wp","href":"https:\/\/api.w.org\/{rel}","templated":true}]}}