{"id":1901,"date":"2025-02-14T17:30:24","date_gmt":"2025-02-14T10:30:24","guid":{"rendered":"https:\/\/thanglongcomputer.vn\/san-pham\/tan-nhiet-cpu-id-cooling-se-214-xt-argb\/"},"modified":"2025-02-14T20:34:34","modified_gmt":"2025-02-14T13:34:34","slug":"tan-nhiet-cpu-id-cooling-se-214-xt-argb","status":"publish","type":"product","link":"https:\/\/thanglongcomputer.vn\/?product=tan-nhiet-cpu-id-cooling-se-214-xt-argb","title":{"rendered":"T\u1ea2N NHI\u1ec6T CPU ID-COOLING SE-214-XT ARGB"},"content":{"rendered":"<h2 class=\"box-title\">\u0110\u00e1nh gi\u00e1: T\u1ea3n nhi\u1ec7t kh\u00ed ID-Cooling CPU SE-214-XT ARGB<\/h2>\n<div class=\"static-html-group js-static-container\">\n<div id=\"js-product-description\" class=\"js-static-content static-html-content\">\n<h3 align=\"center\">T\u1ea3n nhi\u1ec7t kh\u00ed ID-Cooling CPU SE-214-XT ARGB<\/h3>\n<p><img decoding=\"async\" class=\"loading\" src=\"https:\/\/hanoicomputercdn.com\/media\/lib\/31-03-2022\/se214-xt-black-mota.jpg\" alt=\"T\u1ea3n nhi\u1ec7t kh\u00ed ID-Cooling CPU SE-214-XT ARGB\" width=\"100%\" data-was-processed=\"true\" \/><\/p>\n<h3 align=\"center\">T\u1ea3n nhi\u1ec7t kh\u00ed ID-Cooling CPU SE-214-XT ARGB<\/h3>\n<p>Ph\u1ea7n cover v\u1edbi t\u00f4ng m\u00e0u \u0111en ch\u1ee7 \u0111\u1ea1o c\u1ee7a t\u1ea3n<\/p>\n<p><img decoding=\"async\" class=\"loading\" src=\"https:\/\/hanoicomputercdn.com\/media\/lib\/31-03-2022\/se214-xt-black-mota2.jpg\" alt=\"T\u1ea3n nhi\u1ec7t kh\u00ed ID-Cooling CPU SE-214-XT ARGB\" width=\"100%\" data-was-processed=\"true\" \/><\/p>\n<h3 align=\"center\">T\u1ea3n nhi\u1ec7t kh\u00ed ID-Cooling CPU SE-214-XT ARGB<\/h3>\n<p>C\u00e1c l\u00e1 nh\u00f4m \u0111\u01b0\u1ee3c x\u1ebfp v\u1edbi nhau th\u00e0nh t\u1eebng l\u1edbp gi\u00fap t\u1ea3n nhi\u1ec7t hi\u1ec7u qu\u1ea3<\/p>\n<p><img decoding=\"async\" class=\"loading\" src=\"https:\/\/hanoicomputercdn.com\/media\/lib\/31-03-2022\/se214-xt-mota3.jpg\" alt=\"T\u1ea3n nhi\u1ec7t kh\u00ed ID-Cooling CPU SE-214-XT ARGB White\" width=\"100%\" data-was-processed=\"true\" \/><\/p>\n<h3 align=\"center\">T\u1ea3n nhi\u1ec7t kh\u00ed ID-Cooling CPU SE-214-XT ARGB<\/h3>\n<p>Kh\u00f4ng lo b\u1ecb c\u1ea5n ram trong qu\u00e1 tr\u00ecnh l\u1eafp \u0111\u1eb7t v\u00e0 s\u1eed d\u1ee5ng<\/p>\n<p><img decoding=\"async\" class=\"loading\" src=\"https:\/\/hanoicomputercdn.com\/media\/lib\/31-03-2022\/se214-xt-mota4.jpg\" alt=\"T\u1ea3n nhi\u1ec7t kh\u00ed ID-Cooling CPU SE-214-XT ARGB White\" width=\"100%\" data-was-processed=\"true\" \/><\/p>\n<h3 align=\"center\">T\u1ea3n nhi\u1ec7t kh\u00ed ID-Cooling CPU SE-214-XT ARGB<\/h3>\n<p>\u0110i\u1ec1u ch\u1ec9nh t\u1ed1c \u0111\u1ed9 qu\u1ea1t PWM gi\u00fap t\u0103ng hi\u1ec7u n\u0103ng c\u0169ng nh\u01b0 c\u00e2n b\u1eb1ng gi\u1ea3m ti\u1ebfng \u1ed3n<\/p>\n<p><img decoding=\"async\" class=\"loading\" src=\"https:\/\/hanoicomputercdn.com\/media\/lib\/31-03-2022\/se214-xt-mota5.jpg\" alt=\"T\u1ea3n nhi\u1ec7t kh\u00ed ID-Cooling CPU SE-214-XT ARGB White\" width=\"100%\" data-was-processed=\"true\" \/><\/p>\n<h3 align=\"center\">T\u1ea3n nhi\u1ec7t kh\u00ed ID-Cooling CPU SE-214-XT ARGB<\/h3>\n<p>V\u1edbi 4 \u1ed1ng \u0111\u1ed3ng HDT V3.0 gi\u00fap c\u1ea3i thi\u1ec7n th\u00eam 30% hi\u1ec7u n\u0103ng t\u1ea3n nhi\u1ec7t<\/p>\n<p><img decoding=\"async\" class=\"loading\" src=\"https:\/\/hanoicomputercdn.com\/media\/lib\/31-03-2022\/se214-xt-mota6.jpg\" alt=\"T\u1ea3n nhi\u1ec7t kh\u00ed ID-Cooling CPU SE-214-XT ARGB White\" width=\"100%\" data-was-processed=\"true\" \/><\/p>\n<h3 align=\"center\">T\u1ea3n nhi\u1ec7t kh\u00ed ID-Cooling CPU SE-214-XT ARGB<\/h3>\n<p>T\u01b0\u01a1ng th\u00edch c\u00e1c lo\u1ea1i socket LGA 1700 th\u1ebf h\u1ec7 m\u1edbi<\/p>\n<p><img decoding=\"async\" class=\"loading\" src=\"https:\/\/hanoicomputercdn.com\/media\/lib\/31-03-2022\/se214-xt-mota7.jpg\" alt=\"T\u1ea3n nhi\u1ec7t kh\u00ed ID-Cooling CPU SE-214-XT ARGB White\" width=\"100%\" data-was-processed=\"true\" \/><\/p>\n<\/div>\n<\/div>\n","protected":false},"excerpt":{"rendered":"<p class=\"group-title\"><strong>Th\u00f4ng s\u1ed1 s\u1ea3n ph\u1ea9m:<\/strong><\/p>\n<div>\n<ul>\n<li class=\"item\">H\u1ed7 tr\u1ee3 full socket c\u00e1c d\u00f2ng CPU c\u1ee7a Intel v\u00e0 AMD<\/li>\n<li class=\"item\">Thi\u1ebft k\u1ebf 4 \u1ed1ng \u0111\u1ed3ng gi\u00fap t\u0103ng kh\u1ea3 n\u0103ng t\u1ea3n nhi\u1ec7t<\/li>\n<li class=\"item\">Chi\u1ec1u cao t\u1ea3n 150mm<\/li>\n<li class=\"item\">T\u1ea3n nhi\u1ec7t m\u1ee9c 150 TDP<\/li>\n<\/ul>\n<\/div>\n","protected":false},"featured_media":1911,"comment_status":"open","ping_status":"closed","template":"","meta":{"_acf_changed":false},"product_brand":[133],"product_cat":[68],"product_tag":[132,120,130,131],"class_list":{"0":"post-1901","1":"product","2":"type-product","3":"status-publish","4":"has-post-thumbnail","6":"product_brand-id-cooling","7":"product_cat-tan-nhiet","8":"product_tag-214-xt","9":"product_tag-argb","10":"product_tag-id-cooling","11":"product_tag-tan-nhiet-khi","13":"first","14":"instock","15":"sale","16":"shipping-taxable","17":"purchasable","18":"product-type-simple"},"acf":[],"jetpack_sharing_enabled":true,"_links":{"self":[{"href":"https:\/\/thanglongcomputer.vn\/index.php?rest_route=\/wp\/v2\/product\/1901","targetHints":{"allow":["GET"]}}],"collection":[{"href":"https:\/\/thanglongcomputer.vn\/index.php?rest_route=\/wp\/v2\/product"}],"about":[{"href":"https:\/\/thanglongcomputer.vn\/index.php?rest_route=\/wp\/v2\/types\/product"}],"replies":[{"embeddable":true,"href":"https:\/\/thanglongcomputer.vn\/index.php?rest_route=%2Fwp%2Fv2%2Fcomments&post=1901"}],"wp:featuredmedia":[{"embeddable":true,"href":"https:\/\/thanglongcomputer.vn\/index.php?rest_route=\/wp\/v2\/media\/1911"}],"wp:attachment":[{"href":"https:\/\/thanglongcomputer.vn\/index.php?rest_route=%2Fwp%2Fv2%2Fmedia&parent=1901"}],"wp:term":[{"taxonomy":"product_brand","embeddable":true,"href":"https:\/\/thanglongcomputer.vn\/index.php?rest_route=%2Fwp%2Fv2%2Fproduct_brand&post=1901"},{"taxonomy":"product_cat","embeddable":true,"href":"https:\/\/thanglongcomputer.vn\/index.php?rest_route=%2Fwp%2Fv2%2Fproduct_cat&post=1901"},{"taxonomy":"product_tag","embeddable":true,"href":"https:\/\/thanglongcomputer.vn\/index.php?rest_route=%2Fwp%2Fv2%2Fproduct_tag&post=1901"}],"curies":[{"name":"wp","href":"https:\/\/api.w.org\/{rel}","templated":true}]}}