{"id":1897,"date":"2025-02-14T17:02:24","date_gmt":"2025-02-14T10:02:24","guid":{"rendered":"https:\/\/thanglongcomputer.vn\/?post_type=product&#038;p=1897"},"modified":"2025-02-14T17:06:56","modified_gmt":"2025-02-14T10:06:56","slug":"tan-nhiet-nuoc-aio-asus-rog-ryujin-ii-360-argb","status":"publish","type":"product","link":"https:\/\/thanglongcomputer.vn\/?product=tan-nhiet-nuoc-aio-asus-rog-ryujin-ii-360-argb","title":{"rendered":"T\u1ea3n nhi\u1ec7t n\u01b0\u1edbc Asus ROG RYUJIN II 360 ARGB"},"content":{"rendered":"<h2 class=\"titlle-descreption font-weight-500\">Gi\u1edbi thi\u1ec7u T\u1ea3n nhi\u1ec7t n\u01b0\u1edbc Asus ROG RYUJIN II 360 ARGB<\/h2>\n<div id=\"content-desc\" class=\"content-descreption-detail static-html position-relative active\">\n<h3 align=\"center\">T\u1ea3n nhi\u1ec7t n\u01b0\u1edbc Asus ROG RYUJIN II 360 ARGB<\/h3>\n<p><strong>Hi\u1ec7u n\u0103ng\u00a0T\u1ea3n nhi\u1ec7t n\u01b0\u1edbc Asus ROG RYUJIN II 360 ARGB<\/strong><\/p>\n<p>B\u1ed9 l\u00e0m m\u00e1t CPU l\u1ecfng t\u1ea5t c\u1ea3 trong m\u1ed9t ROG Ryujin II 360 v\u1edbi m\u00e0n h\u00ecnh LCD 3,5 &#8220;, qu\u1ea1t b\u01a1m nh\u00fang v\u00e0 3 qu\u1ea1t t\u1ea3n nhi\u1ec7t ROG 120mm ARGB<\/p>\n<div class=\"OverViewBanner__overBannerTextSubDescription__yGfhU\">\n<p>M\u00e1y b\u01a1m Asetek th\u1ebf h\u1ec7 th\u1ee9 b\u1ea3y mang l\u1ea1i kh\u1ea3 n\u0103ng l\u00e0m m\u00e1t v\u01b0\u1ee3t tr\u1ed9i v\u00e0 ti\u1ebfng \u1ed3n t\u1ed1i thi\u1ec3u v\u1edbi ph\u1ea1m vi ho\u1ea1t \u0111\u1ed9ng b\u1eaft \u0111\u1ea7u t\u1eeb 840 v\u00f2ng \/ ph\u00fat.<\/p>\n<p><img loading=\"lazy\" decoding=\"async\" class=\"lazy entered loaded\" src=\"https:\/\/nguyencongpc.vn\/media\/lib\/10-06-2022\/tnnhitncasusrogryujinii360argb5.jpeg\" alt=\"\" width=\"1\" height=\"1\" data-src=\"\/media\/lib\/10-06-2022\/tnnhitncasusrogryujinii360argb5.jpeg\" data-ll-status=\"loaded\" data-was-processed=\"true\" \/><img decoding=\"async\" src=\"https:\/\/nguyencongpc.vn\/media\/lib\/10-06-2022\/tnnhitncasusrogryujinii360argb5.jpeg\" \/><\/p>\n<p>M\u00e0n h\u00ecnh LCD 3,5 &#8220;cho s\u1ed1 li\u1ec7u th\u1ed1ng k\u00ea h\u1ec7 th\u1ed1ng th\u1eddi gian th\u1ef1c v\u00e0 bi\u1ec3u tr\u01b0ng ho\u1eb7c h\u00ecnh \u1ea3nh \u0111\u1ed9ng \u0111\u01b0\u1ee3c c\u00e1 nh\u00e2n h\u00f3a<\/p>\n<p>Qu\u1ea1t ROG ARGB ch\u1ea5t l\u01b0\u1ee3ng mang \u0111\u1ebfn lu\u1ed3ng kh\u00f4ng kh\u00ed cao v\u00e0 ti\u1ebfng \u1ed3n t\u1ed1i thi\u1ec3u<\/p>\n<p>B\u01a1m qu\u1ea1t nh\u00fang gi\u00fap l\u00e0m m\u00e1t khu v\u1ef1c VRM v\u00e0 M.2<\/p>\n<p><img loading=\"lazy\" decoding=\"async\" class=\"lazy entered loaded\" src=\"https:\/\/nguyencongpc.vn\/media\/lib\/10-06-2022\/tnnhitncasusrogryujinii360argb3.jpeg\" alt=\"\" width=\"1\" height=\"1\" data-src=\"\/media\/lib\/10-06-2022\/tnnhitncasusrogryujinii360argb3.jpeg\" data-ll-status=\"loaded\" data-was-processed=\"true\" \/><img decoding=\"async\" src=\"https:\/\/nguyencongpc.vn\/media\/lib\/10-06-2022\/tnnhitncasusrogryujinii360argb3.jpeg\" \/><\/p>\n<p>\u1ed0ng tay \u0111\u01b0\u1ee3c gia c\u1ed1 \u0111\u1ec3 t\u0103ng \u0111\u1ed9 b\u1ec1n<\/p>\n<p>\u0110\u01b0\u1ee3c t\u1ea1o ki\u1ec3u \u0111\u1ec3 b\u1ed5 sung cho bo m\u1ea1ch ch\u1ee7 ROG, \u1edf giai \u0111o\u1ea1n trung t\u00e2m c\u1ee7a b\u1ea3n d\u1ef1ng c\u1ee7a b\u1ea1n<\/p>\n<\/div>\n<h1 class=\"page-title argb\" data-w-id=\"b5929e2d-7434-83f1-36d0-78ac2a9f9027\">Asus ROG Ryujin II\u00a0<span class=\"title-gradient\">ARGB<\/span><\/h1>\n<div class=\"animation-wrapper\" data-w-id=\"e24d05bf-ba1f-e111-845c-6e56ddc06ee0\">\n<p class=\"paragraph intro-paragraph\">B\u1ed9 l\u00e0m m\u00e1t t\u1ea5t c\u1ea3 trong m\u1ed9t ROG Ryujin II ARGB h\u00e0ng \u0111\u1ea7u mang l\u1ea1i hi\u1ec7u su\u1ea5t t\u1ea3n nhi\u1ec7t t\u1ed1i \u01b0u cho c\u00e1c game th\u1ee7 \u0111ang t\u00ecm ki\u1ebfm \u0111i\u1ec1u t\u1ed1t nh\u1ea5t tuy\u1ec7t \u0111\u1ed1i.\u00a0V\u1edbi m\u00e1y b\u01a1m Asetek th\u1ebf h\u1ec7 th\u1ee9 7, qu\u1ea1t ROG ARGB v\u00e0 m\u1ed9t qu\u1ea1t nh\u00fang cho khu v\u1ef1c \u1ed5 c\u1eafm CPU, n\u00f3 khai th\u00e1c c\u1ea3 n\u01b0\u1edbc v\u00e0 kh\u00f4ng kh\u00ed \u0111\u1ec3 cung c\u1ea5p kh\u1ea3 n\u0103ng l\u00e0m m\u00e1t \u0111\u00e1ng kinh ng\u1ea1c.\u00a0V\u00e0 v\u1edbi m\u00e0n h\u00ecnh LCD hi\u1ec3n th\u1ecb th\u1ed1ng k\u00ea h\u1ec7 th\u1ed1ng v\u00e0 \u0111\u1ed3 h\u1ecda c\u00f3 th\u1ec3 t\u00f9y ch\u1ec9nh, ROG Ryujin II ARGB tr\u1edf th\u00e0nh tr\u00e1i tim c\u1ee7a h\u1ec7 th\u1ed1ng c\u1ee7a b\u1ea1n.<\/p>\n<p class=\"paragraph intro-paragraph\"><img loading=\"lazy\" decoding=\"async\" class=\"lazy entered loaded\" src=\"https:\/\/nguyencongpc.vn\/media\/lib\/10-06-2022\/tnnhitncasusrogryujinii360argb1.jpeg\" alt=\"\" width=\"1\" height=\"1\" data-src=\"\/media\/lib\/10-06-2022\/tnnhitncasusrogryujinii360argb1.jpeg\" data-was-processed=\"true\" data-ll-status=\"loaded\" \/><img decoding=\"async\" src=\"https:\/\/nguyencongpc.vn\/media\/lib\/10-06-2022\/tnnhitncasusrogryujinii360argb1.jpeg\" \/><\/p>\n<h2 class=\"section-title mb30\"><strong>M\u00e0n h\u00ecnh LCD k\u00edch th\u01b0\u1edbc l\u1edbn 3,5&#8243; th\u1ebf h\u1ec7 m\u1edbi, t\u00f9y ch\u1ec9nh hi\u1ec3n th\u1ecb \u0111a d\u1ea1ng\u00a0<\/strong><\/h2>\n<div class=\"tabs w-tabs\" data-duration-in=\"300\" data-duration-out=\"100\">\n<div class=\"tabs-content w-tab-content\">\n<div id=\"w-tabs-0-data-w-pane-0\" class=\"tab-pane w-tab-pane w--tab-active\" data-w-tab=\"Tab 1\" data-w-id=\"ed7a9e42-72c0-078c-b08e-72b65ea9ee61\">\n<p class=\"paragraph\">M\u00e0n h\u00ecnh LCD 3,5 inch tr\u00ean ROG Ryujin II l\u00e0 m\u00e0n h\u00ecnh LCD l\u1edbn nh\u1ea5t tr\u00ean b\u1ed9 l\u00e0m m\u00e1t AIO trong ng\u00e0nh v\u00e0 truy\u1ec1n cho b\u1ea3n d\u1ef1ng c\u1ee7a b\u1ea1n nh\u1eefng h\u00ecnh \u1ea3nh c\u00f3 th\u1ec3 t\u00f9y ch\u1ec9nh.<\/p>\n<p class=\"paragraph\"><img loading=\"lazy\" decoding=\"async\" class=\"lazy entered loaded\" src=\"https:\/\/nguyencongpc.vn\/media\/lib\/10-06-2022\/tnnhitncasusrogryujinii360argb2.jpeg\" alt=\"\" width=\"1\" height=\"1\" data-src=\"\/media\/lib\/10-06-2022\/tnnhitncasusrogryujinii360argb2.jpeg\" data-was-processed=\"true\" data-ll-status=\"loaded\" \/><img decoding=\"async\" src=\"https:\/\/nguyencongpc.vn\/media\/lib\/10-06-2022\/tnnhitncasusrogryujinii360argb2.jpeg\" \/><\/p>\n<h2 class=\"section-title mb30\">Kh\u1ea3 n\u0103ng t\u01b0\u01a1ng th\u00edch m\u1edf r\u1ed9ng<\/h2>\n<p class=\"paragraph center-paragraph\" data-w-id=\"39ca45d2-b242-761f-078b-73c4d9916ab8\">D\u00f2ng ROG Ryujin II t\u01b0\u01a1ng th\u00edch v\u1edbi nhi\u1ec1u n\u1ec1n t\u1ea3ng bo m\u1ea1ch ch\u1ee7 Intel v\u00e0 AMD, cho ph\u00e9p b\u1ea1n gh\u00e9p n\u1ed1i linh ho\u1ea1t v\u1edbi s\u1ef1 l\u1ef1a ch\u1ecdn c\u1ee7a b\u1ed9 x\u1eed l\u00fd.\u00a0N\u00f3 c\u0169ng \u0111\u01b0\u1ee3c trang b\u1ecb \u1ed1ng 38 cm \u0111\u1ec3 gi\u00fap vi\u1ec7c l\u1eafp v\u00e0 \u0111\u1ecbnh tuy\u1ebfn d\u1ec5 d\u00e0ng h\u01a1n.<\/p>\n<p class=\"paragraph center-paragraph\" data-w-id=\"39ca45d2-b242-761f-078b-73c4d9916ab8\"><img loading=\"lazy\" decoding=\"async\" class=\"lazy entered loaded\" src=\"https:\/\/nguyencongpc.vn\/media\/lib\/10-06-2022\/tnnhitncasusrogryujinii360argb4.jpeg\" alt=\"\" width=\"1\" height=\"1\" data-src=\"\/media\/lib\/10-06-2022\/tnnhitncasusrogryujinii360argb4.jpeg\" data-was-processed=\"true\" data-ll-status=\"loaded\" \/><img decoding=\"async\" src=\"https:\/\/nguyencongpc.vn\/media\/lib\/10-06-2022\/tnnhitncasusrogryujinii360argb4.jpeg\" \/><\/p>\n<\/div>\n<\/div>\n<\/div>\n<\/div>\n<div id=\"eJOY__extension_root\" class=\"eJOY__extension_root_class\"><\/div>\n<\/div>\n","protected":false},"excerpt":{"rendered":"<p class=\"title font-weight-600\"><strong>Th\u00f4ng s\u1ed1 s\u1ea3n ph\u1ea3m:<\/strong><\/p>\n<div id=\"js-pd-summary\" class=\"pd-summary-group active\">\n<div class=\"item\">\n<ul>\n<li>K\u00edch th\u01b0\u1edbc Water Block: 78.15 x 87.5 x 81 mm<\/li>\n<li>Ch\u1ea5t ki\u1ec7t Block (CPU plate): \u0110\u1ed3ng<\/li>\n<li>Pump Solution: 7th gen Asetek pump<\/li>\n<li>H\u1ed7 s\u1ee3 CPU Socket:Intel: LGA 1150, 1151, 1152, 1155, 1156, 1200, 1366, 2011, 2011-3, 2066 \u2013 AMD: AM4, TR4*<\/li>\n<li>Ch\u1ea5t li\u1ec7u Radiator: Aluminum<\/li>\n<\/ul>\n<\/div>\n<\/div>\n","protected":false},"featured_media":1807,"comment_status":"open","ping_status":"closed","template":"","meta":{"_acf_changed":false},"product_brand":[115],"product_cat":[68],"product_tag":[124,123,82,87,118,83,95,121,116],"class_list":{"0":"post-1897","1":"product","2":"type-product","3":"status-publish","4":"has-post-thumbnail","6":"product_brand-asus","7":"product_cat-tan-nhiet","8":"product_tag-124","9":"product_tag-aio","10":"product_tag-asus","11":"product_tag-black","12":"product_tag-quat","13":"product_tag-rog","14":"product_tag-rog-strix","15":"product_tag-ryujin-ii","16":"product_tag-tan-nhiet","18":"first","19":"instock","20":"sale","21":"featured","22":"shipping-taxable","23":"purchasable","24":"product-type-simple"},"acf":[],"jetpack_sharing_enabled":true,"_links":{"self":[{"href":"https:\/\/thanglongcomputer.vn\/index.php?rest_route=\/wp\/v2\/product\/1897","targetHints":{"allow":["GET"]}}],"collection":[{"href":"https:\/\/thanglongcomputer.vn\/index.php?rest_route=\/wp\/v2\/product"}],"about":[{"href":"https:\/\/thanglongcomputer.vn\/index.php?rest_route=\/wp\/v2\/types\/product"}],"replies":[{"embeddable":true,"href":"https:\/\/thanglongcomputer.vn\/index.php?rest_route=%2Fwp%2Fv2%2Fcomments&post=1897"}],"wp:featuredmedia":[{"embeddable":true,"href":"https:\/\/thanglongcomputer.vn\/index.php?rest_route=\/wp\/v2\/media\/1807"}],"wp:attachment":[{"href":"https:\/\/thanglongcomputer.vn\/index.php?rest_route=%2Fwp%2Fv2%2Fmedia&parent=1897"}],"wp:term":[{"taxonomy":"product_brand","embeddable":true,"href":"https:\/\/thanglongcomputer.vn\/index.php?rest_route=%2Fwp%2Fv2%2Fproduct_brand&post=1897"},{"taxonomy":"product_cat","embeddable":true,"href":"https:\/\/thanglongcomputer.vn\/index.php?rest_route=%2Fwp%2Fv2%2Fproduct_cat&post=1897"},{"taxonomy":"product_tag","embeddable":true,"href":"https:\/\/thanglongcomputer.vn\/index.php?rest_route=%2Fwp%2Fv2%2Fproduct_tag&post=1897"}],"curies":[{"name":"wp","href":"https:\/\/api.w.org\/{rel}","templated":true}]}}