{"id":1896,"date":"2025-02-14T16:56:07","date_gmt":"2025-02-14T09:56:07","guid":{"rendered":"https:\/\/thanglongcomputer.vn\/?post_type=product&#038;p=1896"},"modified":"2025-02-14T17:00:41","modified_gmt":"2025-02-14T10:00:41","slug":"tan-nhiet-nuoc-aio-asus-rog-ryujin-ii-240","status":"publish","type":"product","link":"https:\/\/thanglongcomputer.vn\/?product=tan-nhiet-nuoc-aio-asus-rog-ryujin-ii-240","title":{"rendered":"T\u1ea3n nhi\u1ec7t n\u01b0\u1edbc AIO ASUS ROG Ryujin II 240"},"content":{"rendered":"<h2><strong>T\u00ednh n\u0103ng c\u1ee7a\u00a0T\u1ea3n nhi\u1ec7t n\u01b0\u1edbc ASUS ROG RYUJIN II 240<\/strong><\/h2>\n<h3><strong>M\u00e0n h\u00ecnh LCD\u00a0<\/strong><\/h3>\n<p>ROG Ryujin II 240 l\u00e0 t\u1ea3n AIO c\u00f3 m\u00e0n h\u00ecnh k\u00edch th\u01b0\u1edbc l\u1edbn nh\u1ea5t hi\u1ec7n t\u1ea1i.\u00a0B\u1ea3ng \u0111i\u1ec1u khi\u1ec3n LCD c\u00f3 th\u1ec3 \u0111\u01b0\u1ee3c \u0111i\u1ec1u ch\u1ec9nh th\u00f4ng qua Armoury Crate \u0111\u1ec3 hi\u1ec3n th\u1ecb th\u00f4ng tin h\u1ec7 th\u1ed1ng quan tr\u1ecdng. V\u1edbi m\u00e0n h\u00ecnh mang \u0111\u1eadm ch\u1ea5t c\u00e1 nh\u00e2n h\u00f3a th\u00ec b\u1ea1n c\u00f3 th\u1ec3 t\u1ea3i h\u00ecnh \u1ea3nh ho\u1eb7c GIF l\u00ean m\u00e0n h\u00ecnh LCD.<\/p>\n<p><img decoding=\"async\" src=\"https:\/\/product.hstatic.net\/1000026716\/product\/gearvn.com-products-asus-rog-ryujin-ii-240-1_6aa8024f43b8404c92e5ff13f01fd7cc_large.jpg\" \/><\/p>\n<p>&nbsp;<\/p>\n<p>D\u00f2ng ROG Ryujin II 240 bao g\u1ed3m \u0111\u0103ng k\u00fd m\u1ed9t n\u0103m cho ph\u1ea7n m\u1ec1m AIDA64 Extreme, cung c\u1ea5p kh\u1ea3 n\u0103ng gi\u00e1m s\u00e1t n\u00e2ng cao ph\u1ea7n c\u1ee9ng v\u00e0 ph\u1ea7n m\u1ec1m, \u0111\u1ed3ng th\u1eddi cung c\u1ea5p m\u00e0n h\u00ecnh \u0111\u1ed9c quy\u1ec1n hi\u1ec3n th\u1ecb hi\u1ec7u su\u1ea5t h\u1ec7 th\u1ed1ng v\u00e0 c\u00e1c th\u00e0nh ph\u1ea7n.<\/p>\n<p><img decoding=\"async\" src=\"https:\/\/product.hstatic.net\/1000026716\/product\/gearvn.com-products-asus-rog-ryujin-ii-240-7_97c598d82e6d4b62bc1dfabd4f886bf5_large.jpg\" \/><\/p>\n<h3><strong>B\u01a1m Asetek th\u1ebf h\u1ec7 th\u1ee9 7<\/strong><\/h3>\n<p>ASUS ROG RYUJIN II 240 \u0111\u01b0\u1ee3c trang b\u1ecb m\u00e1y b\u01a1m Asetek th\u1ebf h\u1ec7 th\u1ee9 7 ho\u00e0n to\u00e0n m\u1edbi cung c\u1ea5p kh\u1ea3 n\u0103ng l\u00e0m m\u00e1t \u0111\u01b0\u1ee3c c\u1ea3i thi\u1ec7n v\u00e0 ho\u1ea1t \u0111\u1ed9ng c\u1ef1c k\u1ef3 \u00eam \u00e1i.<\/p>\n<p>&nbsp;<\/p>\n<p><img decoding=\"async\" src=\"https:\/\/product.hstatic.net\/1000026716\/product\/gearvn.com-products-asus-rog-ryujin-ii-240-2_5469c66928e64a219f0699155418159a_large.jpg\" \/><\/p>\n<p>&nbsp;<\/p>\n<h3><strong>Kh\u1ea3 n\u0103ng t\u01b0\u01a1ng th\u00edch<\/strong><\/h3>\n<p>D\u00f2ng ROG Ryujin II 240 t\u01b0\u01a1ng th\u00edch v\u1edbi nhi\u1ec1u n\u1ec1n t\u1ea3ng bo m\u1ea1ch ch\u1ee7 Intel v\u00e0 AMD, cho ph\u00e9p b\u1ea1n gh\u00e9p n\u1ed1i linh ho\u1ea1t v\u1edbi nhi\u1ec1u lo\u1ea1i b\u1ed9 vi x\u1eed l\u00fd\u00a0kh\u00e1c nhau. N\u00f3 c\u0169ng \u0111\u01b0\u1ee3c trang b\u1ecb \u1ed1ng d\u1eabn n\u01b0\u1edbc d\u00e0i 38 cm \u0111\u1ec3 gi\u00fap vi\u1ec7c l\u1eafp v\u00e0 \u0111\u1ecbnh tuy\u1ebfn d\u1ec5 d\u00e0ng h\u01a1n.<\/p>\n<p>&nbsp;<\/p>\n<p><img decoding=\"async\" src=\"https:\/\/product.hstatic.net\/1000026716\/product\/gearvn.com-products-asus-rog-ryujin-ii-240-5_bf255d57d461493e903ae0347b366c5f_large.jpg\" \/><\/p>\n<h3><strong>Qu\u1ea1t t\u1ea3n nhi\u1ec7t Noctua<\/strong><\/h3>\n<p>&nbsp;<\/p>\n<p>\u0110\u1ec3 v\u01b0\u1ee3t qua nh\u1eefng th\u00e1ch th\u1ee9c v\u1ec1 nhi\u1ec7t c\u1ee7a c\u00e1c CPU \u0111a nh\u00e2n m\u1edbi nh\u1ea5t, ROG Ryujin II 240 \u0111\u01b0\u1ee3c trang b\u1ecb 3 qu\u1ea1t t\u1ea3n nhi\u1ec7t Noctua iPPC 2000 PWM c\u1ea5p c\u00f4ng nghi\u1ec7p mang l\u1ea1i hi\u1ec7u su\u1ea5t cao v\u00e0 ti\u1ebfng \u1ed3n th\u1ea5p \u0111\u1ec3 b\u1ea1n t\u1eadp trung t\u1ed1i \u0111a v\u00e0o c\u00f4ng vi\u1ec7c c\u1ee7a m\u00ecnh.<\/p>\n<p>&nbsp;<\/p>\n<p><img decoding=\"async\" src=\"https:\/\/product.hstatic.net\/1000026716\/product\/gearvn.com-products-asus-rog-ryujin-ii-240-10_05e68cb5ef0442368ea31b12a387c597_large.jpg\" \/><\/p>\n<h3><strong>B\u1ed9 \u0111i\u1ec1u khi\u1ec3n \u0111i k\u00e8m<\/strong><\/h3>\n<p>B\u1ed9 \u0111i\u1ec1u khi\u1ec3n cho ROG Ryujin II 240mm c\u00f3 b\u1ed1n \u0111\u1ea7u c\u1eafm qu\u1ea1t PWM c\u00f3 th\u1ec3 \u0111\u01b0\u1ee3c \u0111i\u1ec1u ch\u1ec9nh th\u00f4ng qua FanXpert 4. N\u00f3 c\u0169ng cung c\u1ea5p b\u1ed1n \u0111\u1ea7u c\u1eafm ARGB \u0111\u1ec3 li\u00ean k\u1ebft v\u1edbi c\u00e1c d\u1ea3i v\u00e0 th\u00e0nh ph\u1ea7n c\u00f3 th\u1ec3 \u0111\u1ecbnh \u0111\u1ecba ch\u1ec9 \u0111\u1ec3 chi\u1ebfu s\u00e1ng cho b\u1ea3n d\u1ef1ng c\u1ee7a b\u1ea1n.<\/p>\n<p>&nbsp;<\/p>\n<p><img decoding=\"async\" src=\"https:\/\/product.hstatic.net\/1000026716\/product\/gearvn.com-products-asus-rog-ryujin-ii-240-8_dc3aa4dcf3724be9801ea3fa2b5df034_large.jpg\" \/><\/p>\n","protected":false},"excerpt":{"rendered":"<p class=\"title font-weight-600\"><strong>Th\u00f4ng s\u1ed1 s\u1ea3n ph\u1ea3m:<\/strong><\/p>\n<div id=\"js-pd-summary\" class=\"pd-summary-group active\">\n<div class=\"item\">\n<ul>\n<li>T\u01b0\u01a1ng th\u00edch Intel: LGA 1700, 1200,1150, 1151, 1152, 1155, 1156, 1200, 1366, 2011, 2011-3, 2066 \/ AMD: AM4, TR4 * ( Gi\u00e1 \u0111\u1ee1 \u0111i k\u00e8m v\u1edbi CPU TR4).<\/li>\n<li>K\u00edch th\u01b0\u1edbc radiator ( k\u00e9t l\u00e0m m\u00e1t) : 272 x 122 x 27 mm<\/li>\n<li>K\u00edch th\u01b0\u1edbc kh\u1ed1i b\u01a1m : 78,15 x 87,5 x 81 mm<\/li>\n<li>B\u1ed9 t\u1ea3n nhi\u1ec7t n\u01b0\u1edbc Asus ROG Ryujin II mang l\u1ea1i hi\u1ec7u su\u1ea5t t\u1ea3n nhi\u1ec7t t\u1ed1i \u01b0u cho c\u00e1c game th\u1ee7 \u0111ang t\u00ecm ki\u1ebfm s\u1ea3n ph\u1ea9m t\u1ea3n nhi\u1ec7t t\u1ed1t nh\u1ea5t.<\/li>\n<\/ul>\n<\/div>\n<\/div>\n","protected":false},"featured_media":1818,"comment_status":"open","ping_status":"closed","template":"","meta":{"_acf_changed":false},"product_brand":[115],"product_cat":[68],"product_tag":[122,123,82,87,118,83,95,121,116],"class_list":{"0":"post-1896","1":"product","2":"type-product","3":"status-publish","4":"has-post-thumbnail","6":"product_brand-asus","7":"product_cat-tan-nhiet","8":"product_tag-122","9":"product_tag-aio","10":"product_tag-asus","11":"product_tag-black","12":"product_tag-quat","13":"product_tag-rog","14":"product_tag-rog-strix","15":"product_tag-ryujin-ii","16":"product_tag-tan-nhiet","18":"first","19":"instock","20":"sale","21":"featured","22":"shipping-taxable","23":"purchasable","24":"product-type-simple"},"acf":[],"jetpack_sharing_enabled":true,"_links":{"self":[{"href":"https:\/\/thanglongcomputer.vn\/index.php?rest_route=\/wp\/v2\/product\/1896","targetHints":{"allow":["GET"]}}],"collection":[{"href":"https:\/\/thanglongcomputer.vn\/index.php?rest_route=\/wp\/v2\/product"}],"about":[{"href":"https:\/\/thanglongcomputer.vn\/index.php?rest_route=\/wp\/v2\/types\/product"}],"replies":[{"embeddable":true,"href":"https:\/\/thanglongcomputer.vn\/index.php?rest_route=%2Fwp%2Fv2%2Fcomments&post=1896"}],"wp:featuredmedia":[{"embeddable":true,"href":"https:\/\/thanglongcomputer.vn\/index.php?rest_route=\/wp\/v2\/media\/1818"}],"wp:attachment":[{"href":"https:\/\/thanglongcomputer.vn\/index.php?rest_route=%2Fwp%2Fv2%2Fmedia&parent=1896"}],"wp:term":[{"taxonomy":"product_brand","embeddable":true,"href":"https:\/\/thanglongcomputer.vn\/index.php?rest_route=%2Fwp%2Fv2%2Fproduct_brand&post=1896"},{"taxonomy":"product_cat","embeddable":true,"href":"https:\/\/thanglongcomputer.vn\/index.php?rest_route=%2Fwp%2Fv2%2Fproduct_cat&post=1896"},{"taxonomy":"product_tag","embeddable":true,"href":"https:\/\/thanglongcomputer.vn\/index.php?rest_route=%2Fwp%2Fv2%2Fproduct_tag&post=1896"}],"curies":[{"name":"wp","href":"https:\/\/api.w.org\/{rel}","templated":true}]}}