{"id":1895,"date":"2025-02-14T16:49:33","date_gmt":"2025-02-14T09:49:33","guid":{"rendered":"https:\/\/thanglongcomputer.vn\/?post_type=product&#038;p=1895"},"modified":"2025-02-14T17:02:09","modified_gmt":"2025-02-14T10:02:09","slug":"tan-nhiet-cpu-asus-rog-ryujinii-240-argb","status":"publish","type":"product","link":"https:\/\/thanglongcomputer.vn\/?product=tan-nhiet-cpu-asus-rog-ryujinii-240-argb","title":{"rendered":"T\u1ea3n nhi\u1ec7t n\u01b0\u1edbc AIO ASUS ROG Ryujin II 240 ARGB"},"content":{"rendered":"<h2 class=\"titlle-descreption font-weight-500\">Gi\u1edbi thi\u1ec7u T\u1ea3n nhi\u1ec7t n\u01b0\u1edbc AIO ASUS ROG Ryujin II 240 ARGB<\/h2>\n<div id=\"content-desc\" class=\"content-descreption-detail static-html position-relative active\">\n<h3 align=\"center\"><em>T\u1ea3n nhi\u1ec7t n\u01b0\u1edbc AIO ASUS ROG Ryujin II 240 ARGB<\/em><\/h3>\n<h3 align=\"center\">T\u1ea3n nhi\u1ec7t n\u01b0\u1edbc AIO<\/h3>\n<p>&#8211; B\u1ed9 t\u1ea3n nhi\u1ec7t n\u01b0\u1edbc Asus ROG Ryujin II mang l\u1ea1i hi\u1ec7u su\u1ea5t t\u1ea3n nhi\u1ec7t t\u1ed1i \u01b0u cho c\u00e1c game th\u1ee7 \u0111ang t\u00ecm ki\u1ebfm s\u1ea3n ph\u1ea9m t\u1ea3n nhi\u1ec7t t\u1ed1t nh\u1ea5t.<\/p>\n<p>&#8211; V\u1edbi m\u00e1y b\u01a1m Asetek th\u1ebf h\u1ec7 th\u1ee9 7, qu\u1ea1t t\u1ea3n nhi\u1ec7t PPC Noctua v\u00e0 qu\u1ea1t cho khu v\u1ef1c Block CPU, Asus ROG Ryujin II cung c\u1ea5p c\u1ea3 2 gi\u1ea3i ph\u00e1p t\u1ea3n nhi\u1ec7t hi\u1ec7u qu\u1ea3 c\u1ea3 n\u01b0\u1edbc v\u00e0 kh\u00f4ng kh\u00ed \u0111\u1ec3 mang l\u1ea1i kh\u1ea3 n\u0103ng l\u00e0m m\u00e1t \u0111\u00e1ng kinh ng\u1ea1c.<\/p>\n<p>&#8211; M\u00e0n h\u00ecnh LCD 3,5&#8243; hi\u1ec3n th\u1ecb th\u00f4ng s\u1ed1 h\u1ec7 th\u1ed1ng v\u00e0 \u0111\u1ed3 h\u1ecda c\u00f3 th\u1ec3 t\u00f9y ch\u1ec9nh, ROG Ryujin II tr\u1edf th\u00e0nh tr\u00e1i tim b\u1ed9 m\u00e1y gaming c\u1ee7a b\u1ea1n.<\/p>\n<p><img decoding=\"async\" class=\"lazy entered exited loaded\" src=\"https:\/\/nguyencongpc.vn\/media\/lib\/18-08-2022\/tnnhitncaioasusrogryujinii240argb1.jpg\" alt=\"\" data-was-processed=\"true\" \/><\/p>\n<p><strong>Qu\u1ea1t ARGB<\/strong><\/p>\n<p>\u0110\u1ec3 v\u01b0\u1ee3t qua nh\u1eefng th\u00e1ch th\u1ee9c v\u1ec1 nhi\u1ec7t sinh ra t\u1eeb c\u00e1c CPU \u0111a nh\u00e2n m\u1edbi nh\u1ea5t, ROG Ryujin II s\u1eed d\u1ee5ng qu\u1ea1t t\u1ea3n nhi\u1ec7t ROG AF12S ARGB nh\u1eb1m mang l\u1ea1i hi\u1ec7u su\u1ea5t cao v\u00e0 ho\u1ea1t \u0111\u1ed9ng gi\u1ea3m thi\u1ec3u ti\u1ebfng \u1ed3n.<\/p>\n<p><img decoding=\"async\" class=\"lazy entered exited loaded\" src=\"https:\/\/nguyencongpc.vn\/media\/lib\/18-08-2022\/tnnhitncaioasusrogryujinii240argb2.jpg\" alt=\"\" data-was-processed=\"true\" \/><\/p>\n<p><strong>Qu\u1ea1t T\u00edch H\u1ee3p<\/strong><\/p>\n<p>ROG Ryujin II v\u01b0\u1ee3t qua c\u00e1c m\u1eb7t h\u1ea1n ch\u1ebf c\u1ee7a b\u1ed9 t\u1ea3n nhi\u1ec7t n\u01b0\u1edbc truy\u1ec1n th\u1ed1ng b\u1eb1ng c\u00e1ch s\u1eed d\u1ee5ng m\u1ed9t qu\u1ea1t 60 mm \u0111\u01b0\u1ee3c g\u1eafn trong v\u1ecf m\u00e1y b\u01a1m, \u0111\u1ec3 \u0111\u1ea3m b\u1ea3o lu\u1ed3ng kh\u00f4ng kh\u00ed m\u1ea1nh m\u1ebd l\u00e0m m\u00e1t \u0111\u1ebfn khu v\u1ef1c socket CPU. Qu\u1ea1t n\u00e0y c\u00f3 nhi\u1ec7m v\u1ee5 lu\u00e2n chuy\u1ec3n kh\u00f4ng kh\u00ed \u0111\u1ebfn c\u00e1c VRM CPU, khe c\u1eafm M.2 v\u00e0 c\u00e1c th\u00e0nh ph\u1ea7n linh ki\u1ec7n xung quanh \u0111\u1ec3 gi\u1ea3m nhi\u1ec7t \u0111\u1ed9, nh\u1eb1m t\u0103ng hi\u1ec7u su\u1ea5t v\u00e0 \u0111\u1ed9 \u1ed5n \u0111\u1ecbnh.<\/p>\n<p><img decoding=\"async\" class=\"lazy entered exited loaded\" src=\"https:\/\/nguyencongpc.vn\/media\/lib\/18-08-2022\/tnnhitncaioasusrogryujinii240argb3.jpg\" alt=\"\" data-was-processed=\"true\" \/><\/p>\n<p><strong>Kh\u1ea3 N\u0103ng T\u01b0\u01a1ng Th\u00edch Cao<\/strong><\/p>\n<p>D\u00f2ng s\u1ea3n ph\u1ea9m b\u1ed9 t\u1ea3n nhi\u1ec7t AIO ROG Ryujin II t\u01b0\u01a1ng th\u00edch v\u1edbi nhi\u1ec1u n\u1ec1n t\u1ea3ng bo m\u1ea1ch ch\u1ee7 Intel\u00ae v\u00e0 AMD, cho ph\u00e9p b\u1ea1n c\u00f3 nhi\u1ec1u s\u1ef1 l\u1ef1a ch\u1ecdn khi l\u1eafp m\u00e1y. B\u1ed9 t\u1ea3n nhi\u1ec7t c\u0169ng \u0111\u01b0\u1ee3c trang b\u1ecb \u1ed1ng d\u1eabn d\u00e0i 38 cm \u0111\u1ec3 gi\u00fap vi\u1ec7c l\u1eafp v\u00e0 \u0111i d\u00e2y d\u1ec5 d\u00e0ng h\u01a1n.<\/p>\n<p><img decoding=\"async\" class=\"lazy loading entered\" src=\"https:\/\/nguyencongpc.vn\/media\/lib\/18-08-2022\/tnnhitncaioasusrogryujinii240argb4.jpg\" alt=\"\" data-was-processed=\"true\" data-ll-status=\"loading\" \/><br \/>\n<strong>GI\u00c1 \u0110\u1ee0 \u1ed4 C\u1eaeM CPU<\/strong><\/p>\n<p>Intel<\/p>\n<p>LGA 1700, 1200, 1150, 1151, 1152, 1155, 1156, 2011, 2011-3, 2066<\/p>\n<p><strong>AMD<\/strong><\/p>\n<p>AM4, TR4\/sTRX4*\u200b *Gi\u00e1 \u0111\u1ee1 \u0111\u01b0\u1ee3c \u0111i k\u00e8m v\u1edbi b\u1ed9 vi x\u1eed l\u00fd TR4 \/ sTRX4<\/p>\n<\/div>\n","protected":false},"excerpt":{"rendered":"<p class=\"title font-weight-600\"><strong>Th\u00f4ng s\u1ed1 s\u1ea3n ph\u1ea3m:<\/strong><\/p>\n<div id=\"js-pd-summary\" class=\"pd-summary-group active\">\n<div class=\"item\">\n<ul>\n<li>T\u01b0\u01a1ng th\u00edch Intel: LGA 1700, 1200,1150, 1151, 1152, 1155, 1156, 1200, 1366, 2011, 2011-3, 2066 \/ AMD: AM4, TR4 * ( Gi\u00e1 \u0111\u1ee1 \u0111i k\u00e8m v\u1edbi CPU TR4).<\/li>\n<li>K\u00edch th\u01b0\u1edbc radiator ( k\u00e9t l\u00e0m m\u00e1t) : 272 x 122 x 27 mm<\/li>\n<li>K\u00edch th\u01b0\u1edbc kh\u1ed1i b\u01a1m : 78,15 x 87,5 x 81 mm<\/li>\n<li>B\u1ed9 t\u1ea3n nhi\u1ec7t n\u01b0\u1edbc Asus ROG Ryujin II mang l\u1ea1i hi\u1ec7u su\u1ea5t t\u1ea3n nhi\u1ec7t t\u1ed1i \u01b0u cho c\u00e1c game th\u1ee7 \u0111ang t\u00ecm ki\u1ebfm s\u1ea3n ph\u1ea9m t\u1ea3n nhi\u1ec7t t\u1ed1t nh\u1ea5t<\/li>\n<\/ul>\n<\/div>\n<\/div>\n","protected":false},"featured_media":1804,"comment_status":"open","ping_status":"closed","template":"","meta":{"_acf_changed":false},"product_brand":[115],"product_cat":[68],"product_tag":[122,123,120,82,87,118,83,95,121,116],"class_list":{"0":"post-1895","1":"product","2":"type-product","3":"status-publish","4":"has-post-thumbnail","6":"product_brand-asus","7":"product_cat-tan-nhiet","8":"product_tag-122","9":"product_tag-aio","10":"product_tag-argb","11":"product_tag-asus","12":"product_tag-black","13":"product_tag-quat","14":"product_tag-rog","15":"product_tag-rog-strix","16":"product_tag-ryujin-ii","17":"product_tag-tan-nhiet","19":"first","20":"instock","21":"sale","22":"featured","23":"shipping-taxable","24":"purchasable","25":"product-type-simple"},"acf":[],"jetpack_sharing_enabled":true,"_links":{"self":[{"href":"https:\/\/thanglongcomputer.vn\/index.php?rest_route=\/wp\/v2\/product\/1895","targetHints":{"allow":["GET"]}}],"collection":[{"href":"https:\/\/thanglongcomputer.vn\/index.php?rest_route=\/wp\/v2\/product"}],"about":[{"href":"https:\/\/thanglongcomputer.vn\/index.php?rest_route=\/wp\/v2\/types\/product"}],"replies":[{"embeddable":true,"href":"https:\/\/thanglongcomputer.vn\/index.php?rest_route=%2Fwp%2Fv2%2Fcomments&post=1895"}],"wp:featuredmedia":[{"embeddable":true,"href":"https:\/\/thanglongcomputer.vn\/index.php?rest_route=\/wp\/v2\/media\/1804"}],"wp:attachment":[{"href":"https:\/\/thanglongcomputer.vn\/index.php?rest_route=%2Fwp%2Fv2%2Fmedia&parent=1895"}],"wp:term":[{"taxonomy":"product_brand","embeddable":true,"href":"https:\/\/thanglongcomputer.vn\/index.php?rest_route=%2Fwp%2Fv2%2Fproduct_brand&post=1895"},{"taxonomy":"product_cat","embeddable":true,"href":"https:\/\/thanglongcomputer.vn\/index.php?rest_route=%2Fwp%2Fv2%2Fproduct_cat&post=1895"},{"taxonomy":"product_tag","embeddable":true,"href":"https:\/\/thanglongcomputer.vn\/index.php?rest_route=%2Fwp%2Fv2%2Fproduct_tag&post=1895"}],"curies":[{"name":"wp","href":"https:\/\/api.w.org\/{rel}","templated":true}]}}