{"id":1795,"date":"2025-02-14T15:51:35","date_gmt":"2025-02-14T08:51:35","guid":{"rendered":"https:\/\/thanglongcomputer.vn\/?post_type=product&#038;p=1795"},"modified":"2025-02-14T16:46:33","modified_gmt":"2025-02-14T09:46:33","slug":"quat-tan-nhiet-asus-rog-strix-xf120","status":"publish","type":"product","link":"https:\/\/thanglongcomputer.vn\/?product=quat-tan-nhiet-asus-rog-strix-xf120","title":{"rendered":"Qu\u1ea1t T\u1ea3n Nhi\u1ec7t ASUS ROG STRIX XF120"},"content":{"rendered":"<h2 class=\"titlle-descreption font-weight-500\">Gi\u1edbi thi\u1ec7u Qu\u1ea1t T\u1ea3n Nhi\u1ec7t ASUS ROG STRIX XF120<\/h2>\n<div id=\"content-desc\" class=\"content-descreption-detail static-html position-relative active\">\n<p><strong>Qu\u1ea1t T\u1ea3n Nhi\u1ec7t ASUS ROG STRIX XF 120<\/strong>\u00a0mang \u0111\u1ebfn s\u1ef1 k\u1ebft h\u1ee3p t\u1ed1i \u01b0u gi\u1eefa lu\u1ed3ng kh\u00f4ng kh\u00ed v\u00e0 \u00e1p su\u1ea5t t\u0129nh \u0111\u1ec3 s\u1eed d\u1ee5ng l\u00e0m m\u00e1t\u00a0<a href=\"https:\/\/nguyencongpc.vn\/case-vo-may-tinh\" target=\"_blank\" rel=\"noopener\">v\u1ecf m\u00e1y t\u00ednh<\/a>,\u00a0<a href=\"https:\/\/nguyencongpc.vn\/tan-nhiet\/tan-nhiet-nuoc-aio\" target=\"_blank\" rel=\"noopener\">b\u1ed9 t\u1ea3n nhi\u1ec7t n\u01b0\u1edbc<\/a>\u00a0ho\u1eb7c qu\u1ea1t l\u00e0m m\u00e1t cho\u00a0<a href=\"https:\/\/nguyencongpc.vn\/tan-nhiet\/tan-nhiet-khi\" target=\"_blank\" rel=\"noopener\">t\u1ea3n nhi\u1ec7t kh\u00ed<\/a>. N\u00f3 c\u00f3 c\u00f4ng ngh\u1ec7 bay t\u1eeb t\u00ednh gi\u00fap gi\u1ea3m ma s\u00e1t khi qu\u1ea1t quay \u0111\u1ec3 t\u1ea1o ra \u00e2m thanh \u00eam \u00e1i v\u00e0 tu\u1ed5i th\u1ecd 400.000 gi\u1edd, trong khi c\u00e1c c\u00e1nh qu\u1ea1t c\u00f3 r\u00e3nh \u0111\u1eb7c bi\u1ec7t v\u00e0 thi\u1ebft k\u1ebf ch\u1ed1ng rung gi\u00fap gi\u1ea3m ti\u1ebfng \u1ed3n t\u1ed1i \u0111a.<img decoding=\"async\" src=\"https:\/\/nguyencongpc.vn\/photos\/17\/ASUS-ROG-STRIX-XF-120-7.jpg\" \/><\/p>\n<h3><strong>T\u00ednh n\u0103ng n\u1ed5i tr\u1ed9i<\/strong><\/h3>\n<p><img loading=\"lazy\" decoding=\"async\" class=\"lazy entered loaded\" src=\"https:\/\/nguyencongpc.vn\/photos\/17\/ASUS-ROG-STRIX-XF-120-7.jpg\" width=\"1\" height=\"1\" data-src=\"https:\/\/nguyencongpc.vn\/photos\/17\/ASUS-ROG-STRIX-XF-120-7.jpg\" data-was-processed=\"true\" data-ll-status=\"loaded\" \/><\/p>\n<p>&#8211; \u0110a n\u0103ng: Cho ph\u00e9p s\u1eed d\u1ee5ng l\u00e0m m\u00e1t v\u1ecf m\u00e1y t\u00ednh, b\u1ed9 t\u1ea3n nhi\u1ec7t ho\u1eb7c qu\u1ea1t l\u00e0m m\u00e1t cho t\u1ea3n nhi\u1ec7t kh\u00ed.<br \/>\n&#8211; V\u00f2ng bi MagLev: \u1ed4n \u0111\u1ecbnh \u0111\u1ec3 gi\u1ea3m ma s\u00e1t v\u00e0 ti\u1ebfng \u1ed3n, \u0111\u1ed3ng th\u1eddi cung c\u1ea5p tu\u1ed5i th\u1ecd l\u00ean \u0111\u1ebfn 400.000 gi\u1edd<br \/>\n&#8211; \u0110\u1ed9 \u1ed3n th\u1ea5p: 22,5 dB (A) mang l\u1ea1i t\u1ea7n s\u1ed1 \u00e2m thanh \u1ed5n \u0111\u1ecbnh v\u00e0 y\u00ean t\u0129nh.<br \/>\n&#8211; Thi\u1ebft k\u1ebf khung v\u00e0 c\u00e1nh qu\u1ea1t kh\u00ed \u0111\u1ed9ng h\u1ecdc: Gi\u1ea3m thi\u1ec3u s\u1ef1 nhi\u1ec5u lo\u1ea1n v\u00e0 t\u1ed1i \u0111a h\u00f3a lu\u1ed3ng kh\u00f4ng kh\u00ed<br \/>\n&#8211; Ph\u1ea1m vi ho\u1ea1t \u0111\u1ed9ng r\u1ed9ng r\u00e3i: ph\u1ea1m vi 250 &#8211; 1800 v\u00f2ng \/ ph\u00fat \u0111\u1ec3 linh ho\u1ea1t v\u00e0 y\u00ean t\u0129nh.<br \/>\n&#8211; Mi\u1ebfng \u0111\u1ec7m v\u00e0 gi\u00e1 \u0111\u1ee1 ch\u1ed1ng rung: Gi\u1ea3m \u0111\u1ed9 rung v\u00e0 ch\u1ed1ng rung<br \/>\n&#8211; B\u1ea3o h\u00e0nh 5 n\u0103m.<\/p>\n<p><img decoding=\"async\" src=\"https:\/\/nguyencongpc.vn\/photos\/17\/ASUS-ROG-STRIX-XF-120-PQ.jpg\" \/><\/p>\n<p>&nbsp;<\/p>\n<h3><strong>\u0110a n\u0103ng<\/strong><\/h3>\n<p><img loading=\"lazy\" decoding=\"async\" class=\"lazy entered loaded\" src=\"https:\/\/nguyencongpc.vn\/photos\/17\/ASUS-ROG-STRIX-XF-120-PQ.jpg\" width=\"1\" height=\"1\" data-src=\"https:\/\/nguyencongpc.vn\/photos\/17\/ASUS-ROG-STRIX-XF-120-PQ.jpg\" data-was-processed=\"true\" data-ll-status=\"loaded\" \/><\/p>\n<p>Qu\u1ea1t ROG Strix XF 120 cung c\u1ea5p hi\u1ec7u su\u1ea5t l\u00e0m m\u00e1t v\u01b0\u1ee3t tr\u1ed9i \u1edf khu v\u1ef1c gi\u1eefa quan tr\u1ecdng c\u1ee7a \u0111\u01b0\u1eddng cong P \/ Q. \u0110i\u1ec1u n\u00e0y c\u00f3 ngh\u0129a l\u00e0 hi\u1ec7u su\u1ea5t \u0111\u01b0\u1ee3c t\u1ed1i \u01b0u h\u00f3a v\u1edbi \u0111\u1ed9 \u1ed3n \u0111\u01b0\u1ee3c gi\u1ea3m thi\u1ec3u cho c\u1ea3 c\u00e1c \u1ee9ng d\u1ee5ng l\u00e0m m\u00e1t \u00e1p su\u1ea5t t\u0129nh v\u00e0 lu\u1ed3ng kh\u00f4ng kh\u00ed, bao g\u1ed3m l\u00e0m\u00a0 l\u00e0m m\u00e1t v\u1ecf m\u00e1y t\u00ednh, b\u1ed9 t\u1ea3n nhi\u1ec7t n\u01b0\u1edbc ho\u1eb7c qu\u1ea1t l\u00e0m m\u00e1t cho t\u1ea3n nhi\u1ec7t kh\u00ed.<\/p>\n<p>&nbsp;<\/p>\n<p><img decoding=\"async\" src=\"https:\/\/nguyencongpc.vn\/photos\/17\/ASUS-ROG-STRIX-XF-120-MagLev.jpg\" \/><\/p>\n<h3><strong>V\u00f2ng bi c\u00f4ng ngh\u1ec7 MagLev<\/strong><\/h3>\n<p><img loading=\"lazy\" decoding=\"async\" class=\"lazy entered loaded\" src=\"https:\/\/nguyencongpc.vn\/photos\/17\/ASUS-ROG-STRIX-XF-120-MagLev.jpg\" width=\"1\" height=\"1\" data-src=\"https:\/\/nguyencongpc.vn\/photos\/17\/ASUS-ROG-STRIX-XF-120-MagLev.jpg\" data-was-processed=\"true\" data-ll-status=\"loaded\" \/><br \/>\nV\u00f2ng bi qu\u1ea1t trong ASUS ROG Strix XF 120 c\u00f3 c\u00f4ng ngh\u1ec7 360\u00b0 MagLev \u0111\u1ec3 ch\u1ed1ng nghi\u00eang v\u00e0 ma s\u00e1t. C\u00f4ng ngh\u1ec7 n\u00e0y mang l\u1ea1i hi\u1ec7u su\u1ea5t l\u00e0m m\u00e1t v\u01b0\u1ee3t tr\u1ed9i, ti\u1ebfng \u1ed3n th\u1ea5p v\u00e0 tu\u1ed5i th\u1ecd cao l\u00ean \u0111\u1ebfn 400.000 gi\u1edd.<\/p>\n<p>&nbsp;<\/p>\n<p><img decoding=\"async\" src=\"https:\/\/nguyencongpc.vn\/photos\/17\/ASUS-ROG-STRIX-XF-120-5.jpg\" \/><\/p>\n<h3><strong>C\u00e1nh qu\u1ea1t c\u00f3 r\u00e3nh<\/strong><\/h3>\n<p><img loading=\"lazy\" decoding=\"async\" class=\"lazy entered loaded\" src=\"https:\/\/nguyencongpc.vn\/photos\/17\/ASUS-ROG-STRIX-XF-120-5.jpg\" width=\"1\" height=\"1\" data-src=\"https:\/\/nguyencongpc.vn\/photos\/17\/ASUS-ROG-STRIX-XF-120-5.jpg\" data-was-processed=\"true\" data-ll-status=\"loaded\" \/><br \/>\nC\u00e1c r\u00e3nh \u0111\u01b0\u1ee3c thi\u1ebft k\u1ebf ch\u00ednh x\u00e1c tr\u00ean c\u00e1nh qu\u1ea1t h\u01b0\u1edbng v\u00e0 t\u1eadp trung kh\u00f4ng kh\u00ed \u0111\u1ec3 l\u01b0u th\u00f4ng tr\u01a1n tru d\u1ecdc theo c\u00e1c c\u00e1nh \u0111\u1ec3 gi\u1ea3m s\u1ef1 ph\u00e2n t\u00e1ch d\u00f2ng ch\u1ea3y. \u0110i\u1ec1u n\u00e0y l\u00e0m t\u0103ng hi\u1ec7u su\u1ea5t c\u1ee7a qu\u1ea1t v\u00e0 gi\u1ea3m ti\u1ebfng \u1ed3n.<\/p>\n<p><img decoding=\"async\" src=\"https:\/\/nguyencongpc.vn\/photos\/17\/ASUS-ROG-STRIX-XF-120-Frame.jpg\" \/><\/p>\n<p>&nbsp;<\/p>\n<h3><strong>Khung n\u1eafn lu\u1ed3ng<\/strong><\/h3>\n<p><img loading=\"lazy\" decoding=\"async\" class=\"lazy entered loaded\" src=\"https:\/\/nguyencongpc.vn\/photos\/17\/ASUS-ROG-STRIX-XF-120-Frame.jpg\" width=\"1\" height=\"1\" data-src=\"https:\/\/nguyencongpc.vn\/photos\/17\/ASUS-ROG-STRIX-XF-120-Frame.jpg\" data-was-processed=\"true\" data-ll-status=\"loaded\" \/><br \/>\nG\u00f3c v\u00e0 \u0111\u1ed9 cong c\u1ee7a thanh ch\u1ed1ng khung \u0111\u01b0\u1ee3c thi\u1ebft k\u1ebf c\u1ea9n th\u1eadn \u0111\u1ec3 \u0111\u1ecbnh h\u01b0\u1edbng v\u00e0 chuy\u1ec3n lu\u1ed3ng kh\u00f4ng kh\u00ed theo h\u01b0\u1edbng d\u00f2ng t\u1eadp trung cao. Thi\u1ebft k\u1ebf n\u00e0y gi\u1ea3m thi\u1ec3u s\u1ef1 nhi\u1ec5u lo\u1ea1n v\u00e0 lu\u1ed3ng kh\u00f4ng kh\u00ed t\u1eadp trung v\u00e0o 1 khu v\u1ef1c nh\u1ecf ch\u1ee9 kh\u00f4ng b\u1ecb t\u1ea3n ra qu\u00e1 r\u1ed9ng, gi\u00fap t\u0103ng c\u01b0\u1eddng \u00e1p su\u1ea5t t\u0129nh.<\/p>\n<p>&nbsp;<\/p>\n<p><img decoding=\"async\" src=\"https:\/\/nguyencongpc.vn\/photos\/17\/ASUS-ROG-STRIX-XF-120-3.jpg\" \/><\/p>\n<h3><strong>\u0110i\u1ec1u khi\u1ec3n t\u1ed1c \u0111\u1ed9 t\u1ef1 \u0111\u1ed9ng ch\u00ednh x\u00e1c v\u00e0 linh ho\u1ea1t<\/strong><\/h3>\n<p><img loading=\"lazy\" decoding=\"async\" class=\"lazy entered loaded\" src=\"https:\/\/nguyencongpc.vn\/photos\/17\/ASUS-ROG-STRIX-XF-120-3.jpg\" width=\"1\" height=\"1\" data-src=\"https:\/\/nguyencongpc.vn\/photos\/17\/ASUS-ROG-STRIX-XF-120-3.jpg\" data-was-processed=\"true\" data-ll-status=\"loaded\" \/><br \/>\nPh\u1ea1m vi ho\u1ea1t \u0111\u1ed9ng r\u1ed9ng t\u1eeb 250 &#8211; 1800 v\u00f2ng \/ ph\u00fat mang l\u1ea1i \u0111\u1ed9 ch\u00ednh x\u00e1c v\u00e0 linh ho\u1ea1t \u0111\u1ec3 t\u1ed1i \u0111a h\u00f3a hi\u1ec7u su\u1ea5t l\u00e0m m\u00e1t tr\u00ean nhi\u1ec1u kh\u1ed1i l\u01b0\u1ee3ng c\u00f4ng vi\u1ec7c kh\u00e1c nhau v\u00e0 qu\u1ea1t t\u1ef1 \u0111\u1ed9ng t\u1eaft khi \u0111\u01b0\u1ee3c \u0111\u1eb7t th\u00e0nh 0% PWM \u0111\u1ec3 gi\u1ea3m thi\u1ec3u ti\u1ebfng \u1ed3n khi x\u1eed l\u00fd kh\u1ed1i l\u01b0\u1ee3ng c\u00f4ng vi\u1ec7c nh\u1eb9 h\u01a1n.<\/p>\n<\/div>\n","protected":false},"excerpt":{"rendered":"<p class=\"title font-weight-600\"><strong>Th\u00f4ng s\u1ed1 s\u1ea3n ph\u1ea3m:<\/strong><\/p>\n<div id=\"js-pd-summary\" class=\"pd-summary-group active\">\n<div class=\"item\">\n<ul id=\"js-summary\" class=\"list-product-summary active\">\n<li class=\"item\"><span class=\"item \"><span class=\"item \"><span data-darkreader-inline-color=\"\">K\u00edch th\u01b0\u1edbc: 120 x 120 x 25 mm<\/span><\/span><\/span><\/li>\n<li class=\"item\"><span class=\"item \"><span class=\"item \"><span data-darkreader-inline-color=\"\">T\u1ed1c \u0111\u1ed9: 1800 v\u00f2ng \/ ph\u00fat (+\/- 10%)<\/span><\/span><\/span><\/li>\n<li class=\"item\"><span class=\"item \"><span class=\"item \"><span data-darkreader-inline-color=\"\">\u0110\u1ed9 \u1ed3n: 22,5 dB<\/span><\/span><\/span><\/li>\n<\/ul>\n<\/div>\n<\/div>\n","protected":false},"featured_media":1833,"comment_status":"open","ping_status":"closed","template":"","meta":{"_acf_changed":false},"product_brand":[115],"product_cat":[68],"product_tag":[82,87,118,83,95,116,117],"class_list":{"0":"post-1795","1":"product","2":"type-product","3":"status-publish","4":"has-post-thumbnail","6":"product_brand-asus","7":"product_cat-tan-nhiet","8":"product_tag-asus","9":"product_tag-black","10":"product_tag-quat","11":"product_tag-rog","12":"product_tag-rog-strix","13":"product_tag-tan-nhiet","14":"product_tag-xf120","16":"first","17":"instock","18":"sale","19":"featured","20":"shipping-taxable","21":"purchasable","22":"product-type-simple"},"acf":[],"jetpack_sharing_enabled":true,"_links":{"self":[{"href":"https:\/\/thanglongcomputer.vn\/index.php?rest_route=\/wp\/v2\/product\/1795","targetHints":{"allow":["GET"]}}],"collection":[{"href":"https:\/\/thanglongcomputer.vn\/index.php?rest_route=\/wp\/v2\/product"}],"about":[{"href":"https:\/\/thanglongcomputer.vn\/index.php?rest_route=\/wp\/v2\/types\/product"}],"replies":[{"embeddable":true,"href":"https:\/\/thanglongcomputer.vn\/index.php?rest_route=%2Fwp%2Fv2%2Fcomments&post=1795"}],"wp:featuredmedia":[{"embeddable":true,"href":"https:\/\/thanglongcomputer.vn\/index.php?rest_route=\/wp\/v2\/media\/1833"}],"wp:attachment":[{"href":"https:\/\/thanglongcomputer.vn\/index.php?rest_route=%2Fwp%2Fv2%2Fmedia&parent=1795"}],"wp:term":[{"taxonomy":"product_brand","embeddable":true,"href":"https:\/\/thanglongcomputer.vn\/index.php?rest_route=%2Fwp%2Fv2%2Fproduct_brand&post=1795"},{"taxonomy":"product_cat","embeddable":true,"href":"https:\/\/thanglongcomputer.vn\/index.php?rest_route=%2Fwp%2Fv2%2Fproduct_cat&post=1795"},{"taxonomy":"product_tag","embeddable":true,"href":"https:\/\/thanglongcomputer.vn\/index.php?rest_route=%2Fwp%2Fv2%2Fproduct_tag&post=1795"}],"curies":[{"name":"wp","href":"https:\/\/api.w.org\/{rel}","templated":true}]}}