{"id":1794,"date":"2025-02-14T15:39:42","date_gmt":"2025-02-14T08:39:42","guid":{"rendered":"https:\/\/thanglongcomputer.vn\/?post_type=product&#038;p=1794"},"modified":"2025-02-14T15:42:16","modified_gmt":"2025-02-14T08:42:16","slug":"nguon-may-tinh-mik-spower-650w","status":"publish","type":"product","link":"https:\/\/thanglongcomputer.vn\/?product=nguon-may-tinh-mik-spower-650w","title":{"rendered":"Ngu\u1ed3n M\u00e1y T\u00ednh MIK SPOWER C650B &#8211; 650W Bronze"},"content":{"rendered":"<h2 class=\"titlle-descreption font-weight-500\">Gi\u1edbi thi\u1ec7u NGU\u1ed2N MIK SPOWER C650B &#8211; 650W Bronze<\/h2>\n<div id=\"content-desc\" class=\"content-descreption-detail static-html position-relative active\">\n<p><img decoding=\"async\" class=\"lazy entered exited loaded\" src=\"https:\/\/nguyencongpc.vn\/media\/lib\/26-04-2023\/ngunmikspowerc650b-650wbronze3.jpeg\" alt=\"\" data-was-processed=\"true\" \/><\/p>\n<p>&nbsp;<\/p>\n<p><strong>D\u00e2y c\u00e1p ph\u1eb3ng<\/strong><\/p>\n<p><img decoding=\"async\" class=\"lazy entered exited loaded\" src=\"https:\/\/nguyencongpc.vn\/media\/lib\/26-04-2023\/ngunmikspowerc650b-650wbronze4.jpeg\" alt=\"\" data-was-processed=\"true\" \/><\/p>\n<p>&nbsp;<\/p>\n<p><strong>C\u1ed5ng k\u1ebft n\u1ed1i \u0111a d\u1ea1ng<\/strong><\/p>\n<p><img decoding=\"async\" class=\"lazy entered exited loaded\" src=\"https:\/\/nguyencongpc.vn\/media\/lib\/26-04-2023\/ngunmikspowerc650b-650wbronze1.jpeg\" alt=\"\" data-was-processed=\"true\" \/><\/p>\n<p>&nbsp;<\/p>\n<p><strong>Ngu\u1ed3n v\u00e0o v\u00e0 ngu\u1ed3n ra<\/strong><\/p>\n<p><img decoding=\"async\" class=\"lazy entered loaded loading\" src=\"https:\/\/nguyencongpc.vn\/media\/lib\/26-04-2023\/ngunmikspowerc650b-650wbronze2.jpeg\" alt=\"\" data-was-processed=\"true\" data-ll-status=\"loading\" \/><\/p>\n<div id=\"eJOY__extension_root\" class=\"eJOY__extension_root_class\"><\/div>\n<\/div>\n","protected":false},"excerpt":{"rendered":"<p class=\"title font-weight-600\"><strong>Th\u00f4ng s\u1ed1 s\u1ea3n ph\u1ea3m:<\/strong><\/p>\n<div id=\"js-pd-summary\" class=\"pd-summary-group active\">\n<div class=\"item\">\n<ul id=\"js-summary\" class=\"list-product-summary active\">\n<li>Thi\u1ebft k\u1ebf \u0111\u1ed9c \u0111\u00e1o v\u00e0 b\u1eaft m\u1eaft c\u00f9ng c\u00e1c d\u00e2y c\u1eafm r\u1ea5t d\u00e0i trong ph\u00e2n kh\u00fac ngu\u1ed3n ph\u1ed5 th\u00f4ng.<\/li>\n<li>T\u01b0\u01a1ng th\u00edch v\u1edbi chu\u1ea9n ATX<\/li>\n<li>H\u1ec7 th\u1ed1ng bi\u1ebfn \u00e1p cao c\u1ea5p gi\u00fap c\u00e2n b\u1eb1ng c\u00e1c m\u1ee9c \u0111i\u1ec7n \u00e1p.<\/li>\n<li>B\u1ed9 ngu\u1ed3n chu\u1ea9n Single Rail mang l\u1ea1i hi\u1ec7u n\u0103ng cao<\/li>\n<\/ul>\n<\/div>\n<\/div>\n","protected":false},"featured_media":1756,"comment_status":"open","ping_status":"closed","template":"","meta":{"_acf_changed":false},"product_brand":[106],"product_cat":[92],"product_tag":[103,87,114,88,93,94],"class_list":{"0":"post-1794","1":"product","2":"type-product","3":"status-publish","4":"has-post-thumbnail","6":"product_brand-mik","7":"product_cat-psu-nguon-may-tinh","8":"product_tag-650w","9":"product_tag-black","10":"product_tag-c650b","11":"product_tag-mik","12":"product_tag-nguon","13":"product_tag-psu","15":"first","16":"instock","17":"sale","18":"featured","19":"shipping-taxable","20":"purchasable","21":"product-type-simple"},"acf":[],"jetpack_sharing_enabled":true,"_links":{"self":[{"href":"https:\/\/thanglongcomputer.vn\/index.php?rest_route=\/wp\/v2\/product\/1794","targetHints":{"allow":["GET"]}}],"collection":[{"href":"https:\/\/thanglongcomputer.vn\/index.php?rest_route=\/wp\/v2\/product"}],"about":[{"href":"https:\/\/thanglongcomputer.vn\/index.php?rest_route=\/wp\/v2\/types\/product"}],"replies":[{"embeddable":true,"href":"https:\/\/thanglongcomputer.vn\/index.php?rest_route=%2Fwp%2Fv2%2Fcomments&post=1794"}],"wp:featuredmedia":[{"embeddable":true,"href":"https:\/\/thanglongcomputer.vn\/index.php?rest_route=\/wp\/v2\/media\/1756"}],"wp:attachment":[{"href":"https:\/\/thanglongcomputer.vn\/index.php?rest_route=%2Fwp%2Fv2%2Fmedia&parent=1794"}],"wp:term":[{"taxonomy":"product_brand","embeddable":true,"href":"https:\/\/thanglongcomputer.vn\/index.php?rest_route=%2Fwp%2Fv2%2Fproduct_brand&post=1794"},{"taxonomy":"product_cat","embeddable":true,"href":"https:\/\/thanglongcomputer.vn\/index.php?rest_route=%2Fwp%2Fv2%2Fproduct_cat&post=1794"},{"taxonomy":"product_tag","embeddable":true,"href":"https:\/\/thanglongcomputer.vn\/index.php?rest_route=%2Fwp%2Fv2%2Fproduct_tag&post=1794"}],"curies":[{"name":"wp","href":"https:\/\/api.w.org\/{rel}","templated":true}]}}