{"id":1793,"date":"2025-02-14T15:35:31","date_gmt":"2025-02-14T08:35:31","guid":{"rendered":"https:\/\/thanglongcomputer.vn\/?post_type=product&#038;p=1793"},"modified":"2025-03-05T15:17:30","modified_gmt":"2025-03-05T08:17:30","slug":"nguon-may-tinh-mik-spower-600w","status":"publish","type":"product","link":"https:\/\/thanglongcomputer.vn\/?product=nguon-may-tinh-mik-spower-600w","title":{"rendered":"Ngu\u1ed3n M\u00e1y T\u00ednh MIK SPOWER 600W"},"content":{"rendered":"<p class=\"box-title\">Th\u00f4ng tin s\u1ea3n ph\u1ea9m Ngu\u1ed3n MIK S-Power 600 (600W | Non-modular)<\/p>\n<div id=\"js-product-desc\" class=\"product-desc active\">\n<div id=\"js-desc-holder\">\n<p>V\u1edbi ti\u00eau chu\u1ea9n kh\u1eaft khe, MIK \u0111\u00e3 t\u1ea1o n\u00ean nh\u1eefng b\u1ed9 ngu\u1ed3n S-Power v\u1edbi hi\u1ec7u n\u0103ng cao c\u00f9ng v\u1edbi m\u1ee9c gi\u00e1 v\u00f4 c\u00f9ng \u1ea5n t\u01b0\u1ee3ng, phi\u00ean b\u1ea3n\u00a0<strong>S-Power 600<\/strong>\u00a0s\u1ebd l\u00e0 s\u1ea3n ph\u1ea9m ph\u00f9 h\u1ee3p cho nh\u1eefng h\u1ec7 th\u1ed1ng y\u00eau c\u1ea7u hi\u1ec7u n\u0103ng cao nh\u01b0ng v\u1eabn t\u1ed1i \u01b0u v\u1ec1 m\u1eb7t kinh t\u1ebf.<\/p>\n<p>&nbsp;<\/p>\n<h3><strong>T\u00ednh n\u0103ng n\u1ed5i b\u1eadt<\/strong><\/h3>\n<p><img decoding=\"async\" src=\"https:\/\/minhancomputercdn.com\/media\/product\/10003_mik_s_power_600w__2_.jpg\" alt=\"T\u00ednh n\u0103ng n\u1ed5i b\u1eadt\" width=\"100%\" \/><\/p>\n<p>&#8211; S-Power c\u00f3 hi\u1ec7u n\u0103ng tr\u00ean gi\u00e1 th\u00e0nh (Price per Performance \u2013 P\/p) r\u1ea5t t\u1ed1t khi ch\u01b0a \u0111\u1ebfn 1.000 VN\u0110 cho 1W.<br \/>\n&#8211; \u0110\u01b0\u1ee3c thi\u1ebft k\u1ebf \u0111\u1ed9c \u0111\u00e1o v\u00e0 b\u1eaft m\u1eaft c\u00f9ng c\u00e1c d\u00e2y c\u1eafm r\u1ea5t d\u00e0i.<br \/>\n&#8211; T\u01b0\u01a1ng th\u00edch v\u1edbi chu\u1ea9n ATX 12V 2.3A.<br \/>\n&#8211; H\u1ec7 th\u1ed1ng bi\u1ebfn \u00e1p cao c\u1ea5p gi\u00fap c\u00e2n b\u1eb1ng c\u00e1c m\u1ee9c \u0111i\u1ec7n \u00e1p. H\u1ed7 tr\u1ee3 v\u00e0 cho ph\u00e9p t\u1ea3i n\u1eb7ng \u1edf \u0111\u01b0\u1eddng \u0111i\u1ec7n \u00e1p 12V.<br \/>\n&#8211; B\u1ed9 ngu\u1ed3n chu\u1ea9n Single Rail mang l\u1ea1i hi\u1ec7u n\u0103ng cao c\u1ea5p \u1edf \u0111\u01b0\u1eddng \u0111i\u1ec7n \u00e1p 12V.<br \/>\n&#8211; Thi\u1ebft k\u1ebf v\u1edbi SECC cao c\u1ea5p c\u00f9ng l\u1edbp v\u1ecf b\u1ecdc \u0111en c\u00e1 t\u00ednh.<br \/>\n&#8211; H\u1ec7 th\u1ed1ng t\u1ea3n nhi\u1ec7t t\u1ed1i \u01b0u v\u1edbi qu\u1ea1t k\u00edch th\u01b0\u1edbc 12cm c\u00f3 kh\u1ea3 n\u0103ng t\u1ef1 \u0111\u1ed9ng \u0111i\u1ec1u ch\u1ec9nh t\u1ed1c \u0111\u1ed9 th\u00f4ng minh.<br \/>\n&#8211; \u0110\u1ea1t chu\u1ea9n ti\u1ebft ki\u1ec7m \u0111i\u1ec7n C6\/C7 ph\u00f9 h\u1ee3p v\u1edbi c\u00e1c h\u1ec7 th\u1ed1ng s\u1eed d\u1ee5ng vi x\u1eed l\u00fd m\u1edbi c\u1ee7a Intel &amp; AMD.<br \/>\n&#8211; \u0110\u1ea1t chu\u1ea9n an to\u00e0n cao c\u1ea5p nh\u01b0 OPP\/OVP\/UVP\/SCP\/SI.<\/p>\n<p>&nbsp;<\/p>\n<h3><strong>Thi\u1ebft k\u1ebf cao c\u1ea5p<\/strong><\/h3>\n<p><strong><img decoding=\"async\" src=\"https:\/\/minhancomputercdn.com\/media\/product\/10003_ngu___n_mik_s600_4.jpg\" alt=\"Thi\u1ebft k\u1ebf cao c\u1ea5p\" width=\"100%\" \/><\/strong><\/p>\n<p>\u0110\u01b0\u1ee3c thi\u1ebft k\u1ebf v\u1edbi v\u1ebb ngo\u00e0i \u0111\u1eb9p m\u1eaft, ngu\u1ed3n MIK S-Power 600 ph\u00f9 h\u1ee3p v\u1edbi nhi\u1ec1u h\u1ec7 th\u1ed1ng kh\u00e1c nhau, t\u1eeb nh\u1eefng nhu c\u1ea7u \u0111\u01a1n gi\u1ea3n nh\u01b0 v\u0103n ph\u00f2ng cho \u0111\u1ebfn game th\u1ee7. Kho\u00e1c tr\u00ean m\u00ecnh v\u1ebb ngo\u00e0i l\u1ecbch l\u00e3m v\u1edbi tone m\u00e0u \u0111en huy\u1ec1n b\u00ed, s\u1eb5n s\u00e0ng thu h\u00fat m\u1ecdi \u00e1nh nh\u00ecn.<\/p>\n<p>&nbsp;<\/p>\n<h3><strong>H\u1ec7 th\u1ed1ng bi\u1ebfn \u00e1p m\u1ea1nh m\u1ebd<\/strong><\/h3>\n<p><strong><img decoding=\"async\" src=\"https:\/\/minhancomputercdn.com\/media\/lib\/06-07-2022\/psu-mik-s-power-600-1.jpg\" alt=\"H\u1ec7 th\u1ed1ng bi\u1ebfn \u00e1p m\u1ea1nh m\u1ebd\" width=\"100%\" \/><\/strong><\/p>\n<p>Ngu\u1ed3n MIK S-Power 600 \u0111\u01b0\u1ee3c trang b\u1ecb h\u1ec7 th\u1ed1ng bi\u1ebfn \u00e1p c\u00f3 hi\u1ec7u n\u0103ng v\u01b0\u1ee3t tr\u1ed9i, c\u1ea3i thi\u1ec7n s\u1ef1 c\u00e2n b\u1eb1ng gi\u1eefa c\u00e1c m\u1ee9c \u0111i\u1ec7n \u00e1p 12V, 3,3V v\u00e0 5V. T\u1eeb \u0111\u00f3 t\u0103ng c\u01b0\u1eddng s\u1ef1 \u1ed5n \u0111\u1ecbnh, h\u1ed7 tr\u1ee3 h\u1ec7 th\u1ed1ng ho\u1ea1t \u0111\u1ed9ng 1 c\u00e1ch m\u01b0\u1ee3t m\u00e0.<\/p>\n<p>&nbsp;<\/p>\n<h3><strong>H\u1ec7 th\u1ed1ng t\u1ea3n nhi\u1ec7t<\/strong><\/h3>\n<p><img decoding=\"async\" src=\"https:\/\/minhancomputercdn.com\/media\/product\/10003_ngu___n_mik_s600_1.jpg\" alt=\"\" width=\"100%\" \/><\/p>\n<p>Trang b\u1ecb c\u00f4ng ngh\u1ec7 t\u1ea3n nhi\u1ec7t t\u1ed1i \u01b0u v\u1edbi qu\u1ea1t 12cm, t\u1ef1 \u0111\u1ed9ng \u0111i\u1ec1u ch\u1ec9nh t\u1ed1c \u0111\u1ed9 th\u00f4ng minh. Qu\u1ea1t s\u1ebd lu\u00f4n quay t\u1eeb khi h\u1ec7 th\u1ed1ng h\u1ec7 th\u1ed1ng \u0111\u01b0\u1ee3c kh\u1edfi \u0111\u1ed9ng, t\u0103ng t\u1ed1c d\u1ea7n khi h\u1ec7 th\u1ed1ng v\u01b0\u1ee3t ng\u01b0\u1ee1ng 25 \u0111\u1ed9 C.<\/p>\n<\/div>\n<\/div>\n","protected":false},"excerpt":{"rendered":"<p class=\"title font-weight-600\"><strong>Th\u00f4ng s\u1ed1 s\u1ea3n ph\u1ea3m:<\/strong><\/p>\n<div id=\"js-pd-summary\" class=\"pd-summary-group active\">\n<div class=\"item\">\n<ul id=\"js-summary\" class=\"list-product-summary active\">\n<li>Thi\u1ebft k\u1ebf \u0111\u1ed9c \u0111\u00e1o v\u00e0 b\u1eaft m\u1eaft c\u00f9ng c\u00e1c d\u00e2y c\u1eafm r\u1ea5t d\u00e0i trong ph\u00e2n kh\u00fac ngu\u1ed3n ph\u1ed5 th\u00f4ng.<\/li>\n<li>T\u01b0\u01a1ng th\u00edch v\u1edbi chu\u1ea9n ATX 12V 2.3A.<\/li>\n<li>H\u1ec7 th\u1ed1ng bi\u1ebfn \u00e1p cao c\u1ea5p gi\u00fap c\u00e2n b\u1eb1ng c\u00e1c m\u1ee9c \u0111i\u1ec7n \u00e1p.<\/li>\n<li>B\u1ed9 ngu\u1ed3n chu\u1ea9n Single Rail mang l\u1ea1i hi\u1ec7u n\u0103ng cao c\u1ea5p \u1edf \u0111\u01b0\u1eddng \u0111i\u1ec7n \u00e1p 12V.<\/li>\n<\/ul>\n<\/div>\n<\/div>\n","protected":false},"featured_media":3141,"comment_status":"open","ping_status":"closed","template":"","meta":{"_acf_changed":false},"product_brand":[106],"product_cat":[92],"product_tag":[113,87,88,93,94],"class_list":{"0":"post-1793","1":"product","2":"type-product","3":"status-publish","4":"has-post-thumbnail","6":"product_brand-mik","7":"product_cat-psu-nguon-may-tinh","8":"product_tag-600w","9":"product_tag-black","10":"product_tag-mik","11":"product_tag-nguon","12":"product_tag-psu","14":"first","15":"instock","16":"featured","17":"shipping-taxable","18":"purchasable","19":"product-type-simple"},"acf":[],"jetpack_sharing_enabled":true,"_links":{"self":[{"href":"https:\/\/thanglongcomputer.vn\/index.php?rest_route=\/wp\/v2\/product\/1793","targetHints":{"allow":["GET"]}}],"collection":[{"href":"https:\/\/thanglongcomputer.vn\/index.php?rest_route=\/wp\/v2\/product"}],"about":[{"href":"https:\/\/thanglongcomputer.vn\/index.php?rest_route=\/wp\/v2\/types\/product"}],"replies":[{"embeddable":true,"href":"https:\/\/thanglongcomputer.vn\/index.php?rest_route=%2Fwp%2Fv2%2Fcomments&post=1793"}],"wp:featuredmedia":[{"embeddable":true,"href":"https:\/\/thanglongcomputer.vn\/index.php?rest_route=\/wp\/v2\/media\/3141"}],"wp:attachment":[{"href":"https:\/\/thanglongcomputer.vn\/index.php?rest_route=%2Fwp%2Fv2%2Fmedia&parent=1793"}],"wp:term":[{"taxonomy":"product_brand","embeddable":true,"href":"https:\/\/thanglongcomputer.vn\/index.php?rest_route=%2Fwp%2Fv2%2Fproduct_brand&post=1793"},{"taxonomy":"product_cat","embeddable":true,"href":"https:\/\/thanglongcomputer.vn\/index.php?rest_route=%2Fwp%2Fv2%2Fproduct_cat&post=1793"},{"taxonomy":"product_tag","embeddable":true,"href":"https:\/\/thanglongcomputer.vn\/index.php?rest_route=%2Fwp%2Fv2%2Fproduct_tag&post=1793"}],"curies":[{"name":"wp","href":"https:\/\/api.w.org\/{rel}","templated":true}]}}