{"id":1792,"date":"2025-02-14T15:30:22","date_gmt":"2025-02-14T08:30:22","guid":{"rendered":"https:\/\/thanglongcomputer.vn\/?post_type=product&#038;p=1792"},"modified":"2025-02-14T15:39:04","modified_gmt":"2025-02-14T08:39:04","slug":"nguon-may-tinh-mik-s-power-500w","status":"publish","type":"product","link":"https:\/\/thanglongcomputer.vn\/?product=nguon-may-tinh-mik-s-power-500w","title":{"rendered":"Ngu\u1ed3n M\u00e1y T\u00ednh MIK SPOWER 500W"},"content":{"rendered":"<h2 class=\"titlle-descreption font-weight-500\">Gi\u1edbi thi\u1ec7u Ngu\u1ed3n MIK SPOWER 500W<\/h2>\n<div id=\"content-desc\" class=\"content-descreption-detail static-html position-relative active\">\n<ul>\n<li>S-Power c\u00f3 hi\u1ec7u n\u0103ng tr\u00ean gi\u00e1 th\u00e0nh (Price per Performance \u2013 P\/p) r\u1ea5t t\u1ed1t khi ch\u01b0a \u0111\u1ebfn 1.000 VN\u0110 cho 1W.<\/li>\n<li>\u0110\u01b0\u1ee3c MIK thi\u1ebft k\u1ebf \u0111\u1ed9c \u0111\u00e1o v\u00e0 b\u1eaft m\u1eaft c\u00f9ng c\u00e1c d\u00e2y c\u1eafm r\u1ea5t d\u00e0i trong ph\u00e2n kh\u00fac ngu\u1ed3n ph\u1ed5 th\u00f4ng.<\/li>\n<li>T\u01b0\u01a1ng th\u00edch v\u1edbi chu\u1ea9n ATX 12V 2.3A.<\/li>\n<li>H\u1ec7 th\u1ed1ng bi\u1ebfn \u00e1p cao c\u1ea5p gi\u00fap c\u00e2n b\u1eb1ng c\u00e1c m\u1ee9c \u0111i\u1ec7n \u00e1p. H\u1ed7 tr\u1ee3 v\u00e0 cho ph\u00e9p t\u1ea3i n\u1eb7ng \u1edf \u0111\u01b0\u1eddng \u0111i\u1ec7n \u00e1p 12V.<\/li>\n<li>B\u1ed9 ngu\u1ed3n chu\u1ea9n Single Rail mang l\u1ea1i hi\u1ec7u n\u0103ng cao c\u1ea5p \u1edf \u0111\u01b0\u1eddng \u0111i\u1ec7n \u00e1p 12V.<\/li>\n<li>Thi\u1ebft k\u1ebf v\u1edbi SECC cao c\u1ea5p c\u00f9ng l\u1edbp v\u1ecf b\u1ecdc \u0111en c\u00e1 t\u00ednh.<\/li>\n<li>H\u1ec7 th\u1ed1ng t\u1ea3n nhi\u1ec7t t\u1ed1i \u01b0u v\u1edbi qu\u1ea1t k\u00edch th\u01b0\u1edbc 12cm c\u00f3 kh\u1ea3 n\u0103ng t\u1ef1 \u0111\u1ed9ng \u0111i\u1ec1u ch\u1ec9nh t\u1ed1c \u0111\u1ed9 th\u00f4ng minh.<\/li>\n<li>\u0110\u1ea1t chu\u1ea9n ti\u1ebft ki\u1ec7m \u0111i\u1ec7n C6\/C7 ph\u00f9 h\u1ee3p v\u1edbi c\u00e1c h\u1ec7 th\u1ed1ng s\u1eed d\u1ee5ng vi x\u1eed l\u00fd m\u1edbi c\u1ee7a Intel &amp; AMD.<\/li>\n<li>\u0110\u01b0\u1ee3c MIK s\u1ea3n xu\u1ea5t t\u00edch h\u1ee3p c\u00e1c ti\u00eau chu\u1ea9n an to\u00e0n cao c\u1ea5p nh\u01b0 OPP\/OVP\/UVP\/SCP\/SI.<img loading=\"lazy\" decoding=\"async\" class=\"lazy entered loaded\" style=\"color: #555555;\" src=\"https:\/\/nguyencongpc.vn\/media\/lib\/06-09-2023\/500-1-2-1024x578.jpg\" alt=\"\" width=\"1\" height=\"1\" data-src=\"\/media\/lib\/06-09-2023\/500-1-2-1024x578.jpg\" data-was-processed=\"true\" data-ll-status=\"loaded\" \/><\/li>\n<\/ul>\n<p><img loading=\"lazy\" decoding=\"async\" class=\"lazy entered loaded\" src=\"https:\/\/nguyencongpc.vn\/media\/lib\/06-09-2023\/400-500-600-1024x576.jpg\" alt=\"\" width=\"1\" height=\"1\" data-src=\"\/media\/lib\/06-09-2023\/400-500-600-1024x576.jpg\" data-was-processed=\"true\" data-ll-status=\"loaded\" \/><img decoding=\"async\" src=\"https:\/\/nguyencongpc.vn\/media\/lib\/06-09-2023\/500-4-1024x575.jpg\" \/><img decoding=\"async\" src=\"https:\/\/nguyencongpc.vn\/media\/lib\/06-09-2023\/500-1-2-1024x578.jpg\" \/><img decoding=\"async\" src=\"https:\/\/nguyencongpc.vn\/media\/lib\/06-09-2023\/500-3-1024x574.jpg\" \/><img decoding=\"async\" src=\"https:\/\/nguyencongpc.vn\/media\/lib\/06-09-2023\/screenshot-at-apr-15-14-07-08-10.jpg\" \/><\/p>\n<p><img loading=\"lazy\" decoding=\"async\" class=\"lazy entered loaded\" src=\"https:\/\/nguyencongpc.vn\/media\/lib\/06-09-2023\/500-3-1024x574.jpg\" alt=\"\" width=\"1\" height=\"1\" data-src=\"\/media\/lib\/06-09-2023\/500-3-1024x574.jpg\" data-was-processed=\"true\" data-ll-status=\"loaded\" \/><\/p>\n<p><img loading=\"lazy\" decoding=\"async\" class=\"lazy entered loaded\" src=\"https:\/\/nguyencongpc.vn\/media\/lib\/06-09-2023\/screenshot-at-apr-15-14-07-08-10.jpg\" alt=\"\" width=\"1\" height=\"1\" data-src=\"\/media\/lib\/06-09-2023\/screenshot-at-apr-15-14-07-08-10.jpg\" data-was-processed=\"true\" data-ll-status=\"loaded\" \/><\/p>\n<\/div>\n","protected":false},"excerpt":{"rendered":"<p class=\"title font-weight-600\"><strong>Th\u00f4ng s\u1ed1 s\u1ea3n ph\u1ea3m:<\/strong><\/p>\n<div id=\"js-pd-summary\" class=\"pd-summary-group active\">\n<div class=\"item\">\n<ul id=\"js-summary\" class=\"list-product-summary active\">\n<li>T\u00ean s\u1ea3n ph\u1ea9m: Ngu\u1ed3n MIK SPOWER 500W<\/li>\n<li>C\u00f4ng su\u1ea5t danh \u0111\u1ecbnh: 500W<\/li>\n<li>C\u00f4ng su\u1ea5t 12V t\u1ed1i \u0111a: 402W<\/li>\n<li>T\u01b0\u01a1ng th\u00edch v\u1edbi chu\u1ea9n: ATX 12V 2.3A.<\/li>\n<li>H\u1ec7 th\u1ed1ng bi\u1ebfn \u00e1p cao c\u1ea5p gi\u00fap c\u00e2n b\u1eb1ng c\u00e1c m\u1ee9c \u0111i\u1ec7n \u00e1p.<\/li>\n<li>B\u1ed9 ngu\u1ed3n chu\u1ea9n Single Rail mang l\u1ea1i hi\u1ec7u n\u0103ng cao c\u1ea5p \u1edf \u0111\u01b0\u1eddng \u0111i\u1ec7n \u00e1p 12V.<\/li>\n<\/ul>\n<\/div>\n<\/div>\n","protected":false},"featured_media":1752,"comment_status":"open","ping_status":"closed","template":"","meta":{"_acf_changed":false},"product_brand":[106],"product_cat":[92],"product_tag":[112,87,88,93,94],"class_list":{"0":"post-1792","1":"product","2":"type-product","3":"status-publish","4":"has-post-thumbnail","6":"product_brand-mik","7":"product_cat-psu-nguon-may-tinh","8":"product_tag-500w","9":"product_tag-black","10":"product_tag-mik","11":"product_tag-nguon","12":"product_tag-psu","14":"first","15":"instock","16":"featured","17":"shipping-taxable","18":"purchasable","19":"product-type-simple"},"acf":[],"jetpack_sharing_enabled":true,"_links":{"self":[{"href":"https:\/\/thanglongcomputer.vn\/index.php?rest_route=\/wp\/v2\/product\/1792","targetHints":{"allow":["GET"]}}],"collection":[{"href":"https:\/\/thanglongcomputer.vn\/index.php?rest_route=\/wp\/v2\/product"}],"about":[{"href":"https:\/\/thanglongcomputer.vn\/index.php?rest_route=\/wp\/v2\/types\/product"}],"replies":[{"embeddable":true,"href":"https:\/\/thanglongcomputer.vn\/index.php?rest_route=%2Fwp%2Fv2%2Fcomments&post=1792"}],"wp:featuredmedia":[{"embeddable":true,"href":"https:\/\/thanglongcomputer.vn\/index.php?rest_route=\/wp\/v2\/media\/1752"}],"wp:attachment":[{"href":"https:\/\/thanglongcomputer.vn\/index.php?rest_route=%2Fwp%2Fv2%2Fmedia&parent=1792"}],"wp:term":[{"taxonomy":"product_brand","embeddable":true,"href":"https:\/\/thanglongcomputer.vn\/index.php?rest_route=%2Fwp%2Fv2%2Fproduct_brand&post=1792"},{"taxonomy":"product_cat","embeddable":true,"href":"https:\/\/thanglongcomputer.vn\/index.php?rest_route=%2Fwp%2Fv2%2Fproduct_cat&post=1792"},{"taxonomy":"product_tag","embeddable":true,"href":"https:\/\/thanglongcomputer.vn\/index.php?rest_route=%2Fwp%2Fv2%2Fproduct_tag&post=1792"}],"curies":[{"name":"wp","href":"https:\/\/api.w.org\/{rel}","templated":true}]}}