{"id":1790,"date":"2025-02-14T15:19:38","date_gmt":"2025-02-14T08:19:38","guid":{"rendered":"https:\/\/thanglongcomputer.vn\/?post_type=product&#038;p=1790"},"modified":"2025-02-14T15:29:48","modified_gmt":"2025-02-14T08:29:48","slug":"nguon-may-tinh-mik-350w","status":"publish","type":"product","link":"https:\/\/thanglongcomputer.vn\/?product=nguon-may-tinh-mik-350w","title":{"rendered":"Ngu\u1ed3n m\u00e1y t\u00ednh MIK SPOWER 350W (350W\/ Standard\/ \u0110en)"},"content":{"rendered":"<h2 class=\"mb-5 h4-semibold\">Th\u00f4ng tin s\u1ea3n ph\u1ea9m<\/h2>\n<div class=\"flex\">\n<div class=\"w-1\/2 pr-8\">\n<div class=\"relative w-full\">\n<div class=\"mb-2 l6-semibold\">M\u00f4 t\u1ea3 s\u1ea3n ph\u1ea9m<\/div>\n<div class=\"description-container overflow-hidden\">\n<p><b>B\u1ed9 ngu\u1ed3n m\u00e1y t\u00ednh MIK S-Power 350 \u0111\u01b0\u1ee3c trang b\u1ecb nhi\u1ec1u t\u00ednh n\u0103ng n\u1ed5i b\u1eadt, gi\u00fap \u0111\u00e1p \u1ee9ng nhu c\u1ea7u c\u1ee7a h\u1ea7u h\u1ebft c\u00e1c h\u1ec7 th\u1ed1ng m\u00e1y t\u00ednh t\u1ea7m trung v\u00e0 mang l\u1ea1i hi\u1ec7u su\u1ea5t cao, \u1ed5n \u0111\u1ecbnh v\u00e0 ti\u1ebft ki\u1ec7m \u0111i\u1ec7n n\u0103ng.<\/b><\/p>\n<h3><b>L\u00fd t\u01b0\u1edfng cho c\u00e1c h\u1ec7 th\u1ed1ng t\u1ea7m trung<\/b><\/h3>\n<p>B\u1ed9 ngu\u1ed3n m\u00e1y t\u00ednh MIK S-Power 350 l\u00e0 m\u1ed9t l\u1ef1a ch\u1ecdn l\u00fd t\u01b0\u1edfng cho c\u00e1c h\u1ec7 th\u1ed1ng m\u00e1y t\u00ednh t\u1ea7m trung. V\u1edbi c\u00f4ng su\u1ea5t 350W, PSU n\u00e0y s\u1ebd \u0111\u1ea3m b\u1ea3o cung c\u1ea5p \u0111\u1ee7 n\u0103ng l\u01b0\u1ee3ng cho c\u00e1c linh ki\u1ec7n c\u01a1 b\u1ea3n trong m\u00e1y t\u00ednh, bao g\u1ed3m b\u1ed9 x\u1eed l\u00fd, RAM, \u1ed5 c\u1ee9ng v\u00e0 c\u00e1c thi\u1ebft b\u1ecb ngo\u1ea1i vi kh\u00e1c. \u0110i\u1ec1u \u0111\u00f3 bi\u1ebfn S-Power 350 tr\u1edf th\u00e0nh m\u1ed9t gi\u1ea3i ph\u00e1p h\u1ee3p l\u00fd cho nh\u1eefng ng\u01b0\u1eddi d\u00f9ng kh\u00f4ng c\u1ea7n x\u00e2y d\u1ef1ng nh\u1eefng chi\u1ebfc PC qu\u00e1 kh\u1ee7ng v\u00e0 ph\u1ee9c t\u1ea1p.<\/p>\n<p>\u0110\u1ec3 \u0111\u1ea3m b\u1ea3o hi\u1ec7u su\u1ea5t l\u00e0m m\u00e1t v\u00e0 duy tr\u00ec nhi\u1ec7t \u0111\u1ed9 ho\u1ea1t \u0111\u1ed9ng t\u1ed1i \u01b0u, Ngu\u1ed3n m\u00e1y t\u00ednh MIK SPOWER 350W \u0111\u01b0\u1ee3c trang b\u1ecb m\u1ed9t qu\u1ea1t l\u00e0m m\u00e1t k\u00edch th\u01b0\u1edbc 120mm. Qu\u1ea1t n\u00e0y gi\u00fap l\u00e0m m\u00e1t c\u00e1c linh ki\u1ec7n v\u00e0 t\u1ea1o ra lu\u1ed3ng kh\u00f4ng kh\u00ed th\u00f4ng tho\u00e1ng trong h\u1ec7 th\u1ed1ng.<\/p>\n<figure id=\"attachment_13211\" class=\"wp-caption aligncenter\" aria-describedby=\"caption-attachment-13211\"><img loading=\"lazy\" decoding=\"async\" class=\"size-full wp-image-13211 lazy-load-active\" title=\"MIK SPOWER 350W 4\" src=\"https:\/\/xzone.com.vn\/wp-content\/uploads\/2023\/05\/mik-spower-400w-01.jpg\" sizes=\"auto, (max-width: 800px) 100vw, 800px\" srcset=\"https:\/\/xzone.com.vn\/wp-content\/uploads\/2023\/05\/mik-spower-400w-01.jpg 800w, https:\/\/xzone.com.vn\/wp-content\/uploads\/2023\/05\/mik-spower-400w-01-280x280.jpg 280w, https:\/\/xzone.com.vn\/wp-content\/uploads\/2023\/05\/mik-spower-400w-01-768x768.jpg 768w, https:\/\/xzone.com.vn\/wp-content\/uploads\/2023\/05\/mik-spower-400w-01-100x100.jpg 100w\" alt=\"MIK SPOWER 400W\" width=\"800\" height=\"800\" data-src=\"https:\/\/xzone.com.vn\/wp-content\/uploads\/2023\/05\/mik-spower-400w-01.jpg\" data-srcset=\"https:\/\/xzone.com.vn\/wp-content\/uploads\/2023\/05\/mik-spower-400w-01.jpg 800w, https:\/\/xzone.com.vn\/wp-content\/uploads\/2023\/05\/mik-spower-400w-01-280x280.jpg 280w, https:\/\/xzone.com.vn\/wp-content\/uploads\/2023\/05\/mik-spower-400w-01-768x768.jpg 768w, https:\/\/xzone.com.vn\/wp-content\/uploads\/2023\/05\/mik-spower-400w-01-100x100.jpg 100w\" \/><figcaption id=\"caption-attachment-13211\" class=\"wp-caption-text\"><em>Hi\u1ec7u n\u0103ng v\u01b0\u1ee3t tr\u1ed9i<\/em><\/figcaption><\/figure>\n<p>Ngo\u00e0i ra,\u00a0ngu\u1ed3n m\u00e1y t\u00ednh\u00a0MIK SPOWER 350W t\u00edch h\u1ee3p c\u00e1c t\u00ednh n\u0103ng an to\u00e0n nh\u01b0 b\u1ea3o v\u1ec7 qu\u00e1 t\u1ea3i (OPP), b\u1ea3o v\u1ec7 qu\u00e1 \u00e1p (OVP) v\u00e0 b\u1ea3o v\u1ec7 ng\u1eafn m\u1ea1ch (SCP). N\u00f3 c\u0169ng tu\u00e2n th\u1ee7 chu\u1ea9n ti\u1ebft ki\u1ec7m \u0111i\u1ec7n C6\/C7 \u0111\u1ec3 gi\u1ea3m ti\u00eau th\u1ee5 n\u0103ng l\u01b0\u1ee3ng khi h\u1ec7 th\u1ed1ng \u1edf tr\u1ea1ng th\u00e1i ch\u1edd.<\/p>\n<p>V\u1edbi ch\u1ea5t l\u01b0\u1ee3ng, hi\u1ec7u su\u1ea5t v\u00e0 t\u00ednh n\u0103ng an to\u00e0n c\u1ee7a m\u00ecnh, ngu\u1ed3n m\u00e1y t\u00ednh MIK SPOWER 350W l\u00e0 m\u1ed9t l\u1ef1a ch\u1ecdn t\u1ed1t cho vi\u1ec7c cung c\u1ea5p ngu\u1ed3n \u0111i\u1ec7n \u1ed5n \u0111\u1ecbnh v\u00e0 \u0111\u00e1ng tin c\u1eady cho h\u1ec7 th\u1ed1ng m\u00e1y t\u00ednh c\u1ee7a b\u1ea1n.<\/p>\n<h2><strong>Thi\u1ebft k\u1ebf cao c\u1ea5p<\/strong><\/h2>\n<p>\u0110\u01b0\u1ee3c MIK thi\u1ebft k\u1ebf v\u1edbi v\u1ebb ngo\u00e0i \u0111\u1eb9p m\u1eaft, ngu\u1ed3n m\u00e1y t\u00ednh MIK SPOWER 350W ph\u00f9 h\u1ee3p v\u1edbi nhi\u1ec1u h\u1ec7 th\u1ed1ng m\u00e1y t\u00ednh kh\u00e1c nhau. T\u1eeb nh\u01b0 c\u1ea7u v\u0103n ph\u00f2ng cho \u0111\u1ebfn game th\u1ee7 cao c\u1ea5p, Spower v\u1edbi v\u1ebb ngo\u00e0i \u0111\u1eb7c tr\u01b0ng s\u1ebd lu\u00f4n thu h\u00fat \u1edf m\u1ecdi g\u00f3c nh\u00ecn.<\/p>\n<h2><strong>Gi\u00e1 tr\u1ecb v\u01b0\u1ee3t tr\u1ed9i<\/strong><\/h2>\n<p>V\u1edbi ti\u00eau chu\u1ea9n kh\u1eaft khe, MIK \u0111\u00e3 l\u00e0m ra nh\u1eefng b\u1ed9 ngu\u1ed3n Spower v\u1edbi hi\u1ec7u n\u0103ng tr\u00ean gi\u00e1 th\u00e0nh \u1ea5n t\u01b0\u1ee3ng, khi ch\u01b0a \u0111\u1ebfn 1000VN\u0110 cho 1W c\u00f4ng su\u1ea5t. Phi\u00ean b\u1ea3n ngu\u1ed3n m\u00e1y t\u00ednh MIK SPOWER 350W s\u1ebd l\u00e0 s\u1ea3n ph\u1ea9m ph\u00f9 h\u1ee3p cho nh\u1eefng h\u1ec7 th\u1ed1ng y\u00eau c\u1ea7u s\u1ef1 \u1ed5n \u0111\u1ecbnh v\u00e0 ti\u1ebft ki\u1ec7m<\/p>\n<h2><strong>H\u1ec7 th\u1ed1ng t\u1ea3n nhi\u1ec7t t\u1ed1i \u01b0u<\/strong><\/h2>\n<figure id=\"attachment_13212\" class=\"wp-caption aligncenter\" aria-describedby=\"caption-attachment-13212\"><img loading=\"lazy\" decoding=\"async\" class=\"size-full wp-image-13212 lazy-load-active\" title=\"MIK SPOWER 350W 5\" src=\"https:\/\/xzone.com.vn\/wp-content\/uploads\/2023\/05\/mik-spower-400w-01-01.jpg\" sizes=\"auto, (max-width: 800px) 100vw, 800px\" srcset=\"https:\/\/xzone.com.vn\/wp-content\/uploads\/2023\/05\/mik-spower-400w-01-01.jpg 800w, https:\/\/xzone.com.vn\/wp-content\/uploads\/2023\/05\/mik-spower-400w-01-01-280x280.jpg 280w, https:\/\/xzone.com.vn\/wp-content\/uploads\/2023\/05\/mik-spower-400w-01-01-768x768.jpg 768w, https:\/\/xzone.com.vn\/wp-content\/uploads\/2023\/05\/mik-spower-400w-01-01-100x100.jpg 100w\" alt=\"MIK SPOWER 400W\" width=\"800\" height=\"800\" data-src=\"https:\/\/xzone.com.vn\/wp-content\/uploads\/2023\/05\/mik-spower-400w-01-01.jpg\" data-srcset=\"https:\/\/xzone.com.vn\/wp-content\/uploads\/2023\/05\/mik-spower-400w-01-01.jpg 800w, https:\/\/xzone.com.vn\/wp-content\/uploads\/2023\/05\/mik-spower-400w-01-01-280x280.jpg 280w, https:\/\/xzone.com.vn\/wp-content\/uploads\/2023\/05\/mik-spower-400w-01-01-768x768.jpg 768w, https:\/\/xzone.com.vn\/wp-content\/uploads\/2023\/05\/mik-spower-400w-01-01-100x100.jpg 100w\" \/><figcaption id=\"caption-attachment-13212\" class=\"wp-caption-text\"><em>T\u1ed1i \u01b0u kh\u1ea3 n\u0103ng t\u1ea3n nhi\u1ec7t<\/em><\/figcaption><\/figure>\n<p>Ngu\u1ed3n m\u00e1y t\u00ednh MIK SPOWER 350W \u0111\u01b0\u1ee3c MIK t\u00edch h\u1ee3p h\u1ec7 th\u1ed1ng t\u1ea3n nhi\u1ec7t t\u1ed1i \u01b0u v\u1edbi qu\u1ea1t 12cm c\u00f3 kh\u1ea3 n\u0103ng t\u1ef1 \u0111\u1ed9ng \u0111i\u1ec1u ch\u1ec9nh t\u1ed1c \u0111\u1ed9 th\u00f4ng minh. Qu\u1ea1t s\u1ebd lu\u00f4n quay t\u1eeb khi h\u1ec7 th\u1ed1ng \u0111\u01b0\u1ee3c kh\u1edfi \u0111\u1ed9ng v\u00e0 t\u0103ng t\u1ed1c d\u1ea7n sau khi \u0111\u1ea1t ng\u01b0\u1ee1ng 50% to\u00e0n t\u1ea3i t\u1ea1i 25 \u0111\u1ed9 C.<\/p>\n<h2><strong>Ch\u1ebf \u0111\u1ed9 b\u1ea3o h\u00e0nh v\u01b0\u1ee3t\u00a0 tr\u1ed9i<\/strong><\/h2>\n<p>C\u00e1c b\u1ed9 ngu\u1ed3n MIK Spower \u0111\u01b0\u1ee3c \u0111\u1ea3m b\u1ea3o quy\u1ec1n l\u1ee3i b\u1ea3o h\u00e0nh t\u1edbi ti\u00eau chu\u1ea9n cao. S\u1eb5n s\u00e0ng \u0111\u1ed5i ngay s\u1ea3n ph\u1ea9m kh\u00e1c khi c\u00f3 l\u1ed7i ph\u00e1t sinh trong qu\u00e1 tr\u00ecnh s\u1eed d\u1ee5ng!<\/p>\n<h2><strong>K\u1ebft qu\u1ea3<\/strong><\/h2>\n<p>Ngu\u1ed3n m\u00e1y t\u00ednh MIK SPOWER 350W l\u00e0 m\u1ed9t s\u1ea3n ph\u1ea9m c\u00f3 c\u00f4ng su\u1ea5t danh \u0111\u1ecbnh 350W, thu\u1ed9c chu\u1ea9n k\u00edch th\u01b0\u1edbc ATX. N\u00f3 \u0111\u01b0\u1ee3c thi\u1ebft k\u1ebf \u0111\u1ec3 cung c\u1ea5p \u0111i\u1ec7n cho h\u1ec7 th\u1ed1ng m\u00e1y t\u00ednh c\u00e1 nh\u00e2n th\u00f4ng th\u01b0\u1eddng.<\/p>\n<\/div>\n<\/div>\n<\/div>\n<\/div>\n","protected":false},"excerpt":{"rendered":"<p class=\"title font-weight-600\"><strong>Th\u00f4ng s\u1ed1 s\u1ea3n ph\u1ea3m:<\/strong><\/p>\n<div id=\"js-pd-summary\" class=\"pd-summary-group active\">\n<ul>\n<li>Thi\u1ebft k\u1ebf \u0111\u1ed9c \u0111\u00e1o v\u00e0 b\u1eaft m\u1eaft c\u00f9ng c\u00e1c d\u00e2y c\u1eafm r\u1ea5t d\u00e0i trong ph\u00e2n kh\u00fac ngu\u1ed3n ph\u1ed5 th\u00f4ng.<\/li>\n<li>T\u01b0\u01a1ng th\u00edch v\u1edbi chu\u1ea9n ATX 12V 2.3A.<\/li>\n<li>H\u1ec7 th\u1ed1ng bi\u1ebfn \u00e1p cao c\u1ea5p gi\u00fap c\u00e2n b\u1eb1ng c\u00e1c m\u1ee9c \u0111i\u1ec7n \u00e1p.<\/li>\n<li>B\u1ed9 ngu\u1ed3n chu\u1ea9n Single Rail mang l\u1ea1i hi\u1ec7u n\u0103ng cao c\u1ea5p \u1edf \u0111\u01b0\u1eddng \u0111i\u1ec7n \u00e1p 12V.<\/li>\n<\/ul>\n<\/div>\n","protected":false},"featured_media":1765,"comment_status":"open","ping_status":"closed","template":"","meta":{"_acf_changed":false},"product_brand":[106],"product_cat":[92],"product_tag":[110,87,88,93,94],"class_list":{"0":"post-1790","1":"product","2":"type-product","3":"status-publish","4":"has-post-thumbnail","6":"product_brand-mik","7":"product_cat-psu-nguon-may-tinh","8":"product_tag-350w","9":"product_tag-black","10":"product_tag-mik","11":"product_tag-nguon","12":"product_tag-psu","14":"first","15":"instock","16":"featured","17":"shipping-taxable","18":"purchasable","19":"product-type-simple"},"acf":[],"jetpack_sharing_enabled":true,"_links":{"self":[{"href":"https:\/\/thanglongcomputer.vn\/index.php?rest_route=\/wp\/v2\/product\/1790","targetHints":{"allow":["GET"]}}],"collection":[{"href":"https:\/\/thanglongcomputer.vn\/index.php?rest_route=\/wp\/v2\/product"}],"about":[{"href":"https:\/\/thanglongcomputer.vn\/index.php?rest_route=\/wp\/v2\/types\/product"}],"replies":[{"embeddable":true,"href":"https:\/\/thanglongcomputer.vn\/index.php?rest_route=%2Fwp%2Fv2%2Fcomments&post=1790"}],"wp:featuredmedia":[{"embeddable":true,"href":"https:\/\/thanglongcomputer.vn\/index.php?rest_route=\/wp\/v2\/media\/1765"}],"wp:attachment":[{"href":"https:\/\/thanglongcomputer.vn\/index.php?rest_route=%2Fwp%2Fv2%2Fmedia&parent=1790"}],"wp:term":[{"taxonomy":"product_brand","embeddable":true,"href":"https:\/\/thanglongcomputer.vn\/index.php?rest_route=%2Fwp%2Fv2%2Fproduct_brand&post=1790"},{"taxonomy":"product_cat","embeddable":true,"href":"https:\/\/thanglongcomputer.vn\/index.php?rest_route=%2Fwp%2Fv2%2Fproduct_cat&post=1790"},{"taxonomy":"product_tag","embeddable":true,"href":"https:\/\/thanglongcomputer.vn\/index.php?rest_route=%2Fwp%2Fv2%2Fproduct_tag&post=1790"}],"curies":[{"name":"wp","href":"https:\/\/api.w.org\/{rel}","templated":true}]}}