{"id":1777,"date":"2025-02-14T14:51:17","date_gmt":"2025-02-14T07:51:17","guid":{"rendered":"https:\/\/thanglongcomputer.vn\/?post_type=product&#038;p=1777"},"modified":"2025-02-14T15:11:41","modified_gmt":"2025-02-14T08:11:41","slug":"nguon-may-tinh-mik-c850g-850w","status":"publish","type":"product","link":"https:\/\/thanglongcomputer.vn\/?product=nguon-may-tinh-mik-c850g-850w","title":{"rendered":"Ngu\u1ed3n m\u00e1y t\u00ednh MIK C850G 850W (80+ Efficiency)"},"content":{"rendered":"<h2 class=\"box-title\">\u0110\u00e1nh gi\u00e1: Ngu\u1ed3n MIK C850G 80PLUS GOLD (ATX 3.0 &#8211; PCIE 5.0)<\/h2>\n<p><img decoding=\"async\" src=\"https:\/\/hanoicomputercdn.com\/media\/lib\/10-06-2024\/nguon-mik-c850g-80plus-gold-atx-30-pcie-51.png\" alt=\"Ngu\u1ed3n MIK C850G 80PLUS GOLD (ATX 3.0 - PCIE 5.0) (\" \/><\/p>\n<p>&nbsp;<\/p>\n<p><img decoding=\"async\" src=\"https:\/\/hanoicomputercdn.com\/media\/lib\/10-06-2024\/nguon-mik-c850g-80plus-gold-atx-30-pcie-58.png\" alt=\"Ngu\u1ed3n MIK C850G 80PLUS GOLD (ATX 3.0 - PCIE 5.0) (\" \/><\/p>\n<p><img decoding=\"async\" src=\"https:\/\/hanoicomputercdn.com\/media\/lib\/10-06-2024\/nguon-mik-c850g-80plus-gold-atx-30-pcie-57.png\" alt=\"Ngu\u1ed3n MIK C850G 80PLUS GOLD (ATX 3.0 - PCIE 5.0) (\" \/><\/p>\n<p><img decoding=\"async\" src=\"https:\/\/hanoicomputercdn.com\/media\/lib\/10-06-2024\/nguon-mik-c850g-80plus-gold-atx-30-pcie-56.png\" alt=\"Ngu\u1ed3n MIK C850G 80PLUS GOLD (ATX 3.0 - PCIE 5.0) (\" \/><\/p>\n","protected":false},"excerpt":{"rendered":"<p class=\"title font-weight-600\"><strong>Th\u00f4ng s\u1ed1 s\u1ea3n ph\u1ea3m:<\/strong><\/p>\n<div id=\"js-pd-summary\" class=\"pd-summary-group active\">\n<ul>\n<li>Lo\u1ea1i s\u1ea3n ph\u1ea9m: PSU &#8211; Ngu\u1ed3n m\u00e1y t\u00ednh<\/li>\n<li>T\u00ean s\u1ea3n ph\u1ea9m: Ngu\u1ed3n MIK C850G | Chu\u1ea9n 80+ Efficiency<\/li>\n<li>C\u00f4ng su\u1ea5t: 850W<\/li>\n<li>Ch\u1ee9ng nh\u1eadn: 87% Efficiency<\/li>\n<li>Chu\u1ea9n thi\u1ebft k\u1ebf: ATX<\/li>\n<li>T\u1ea3n nhi\u1ec7t: 120mm<\/li>\n<\/ul>\n<\/div>\n","protected":false},"featured_media":1758,"comment_status":"open","ping_status":"closed","template":"","meta":{"_acf_changed":false},"product_brand":[106],"product_cat":[92],"product_tag":[96,87,107,97,88,93,94],"class_list":{"0":"post-1777","1":"product","2":"type-product","3":"status-publish","4":"has-post-thumbnail","6":"product_brand-mik","7":"product_cat-psu-nguon-may-tinh","8":"product_tag-850w","9":"product_tag-black","10":"product_tag-c850g","11":"product_tag-gold","12":"product_tag-mik","13":"product_tag-nguon","14":"product_tag-psu","16":"first","17":"instock","18":"sale","19":"featured","20":"shipping-taxable","21":"purchasable","22":"product-type-simple"},"acf":[],"jetpack_sharing_enabled":true,"_links":{"self":[{"href":"https:\/\/thanglongcomputer.vn\/index.php?rest_route=\/wp\/v2\/product\/1777","targetHints":{"allow":["GET"]}}],"collection":[{"href":"https:\/\/thanglongcomputer.vn\/index.php?rest_route=\/wp\/v2\/product"}],"about":[{"href":"https:\/\/thanglongcomputer.vn\/index.php?rest_route=\/wp\/v2\/types\/product"}],"replies":[{"embeddable":true,"href":"https:\/\/thanglongcomputer.vn\/index.php?rest_route=%2Fwp%2Fv2%2Fcomments&post=1777"}],"wp:featuredmedia":[{"embeddable":true,"href":"https:\/\/thanglongcomputer.vn\/index.php?rest_route=\/wp\/v2\/media\/1758"}],"wp:attachment":[{"href":"https:\/\/thanglongcomputer.vn\/index.php?rest_route=%2Fwp%2Fv2%2Fmedia&parent=1777"}],"wp:term":[{"taxonomy":"product_brand","embeddable":true,"href":"https:\/\/thanglongcomputer.vn\/index.php?rest_route=%2Fwp%2Fv2%2Fproduct_brand&post=1777"},{"taxonomy":"product_cat","embeddable":true,"href":"https:\/\/thanglongcomputer.vn\/index.php?rest_route=%2Fwp%2Fv2%2Fproduct_cat&post=1777"},{"taxonomy":"product_tag","embeddable":true,"href":"https:\/\/thanglongcomputer.vn\/index.php?rest_route=%2Fwp%2Fv2%2Fproduct_tag&post=1777"}],"curies":[{"name":"wp","href":"https:\/\/api.w.org\/{rel}","templated":true}]}}