{"id":1775,"date":"2025-02-14T14:43:25","date_gmt":"2025-02-14T07:43:25","guid":{"rendered":"https:\/\/thanglongcomputer.vn\/?post_type=product&#038;p=1775"},"modified":"2025-02-14T14:48:42","modified_gmt":"2025-02-14T07:48:42","slug":"nguon-asus-tuf-gaming-750w","status":"publish","type":"product","link":"https:\/\/thanglongcomputer.vn\/?product=nguon-asus-tuf-gaming-750w","title":{"rendered":"Ngu\u1ed3n M\u00e1y T\u00ednh ASUS TUF GAMING 750W Bronze  ( M\u00e0u \u0110en\/80 Plus Bronze )"},"content":{"rendered":"<h2 align=\"center\">Ngu\u1ed3n M\u00e1y T\u00ednh\u00a0ASUS TUF GAMING 750B<\/h2>\n<p><em><strong>(750W 80 PLUS BRONZE)<br \/>\n<\/strong><\/em><\/p>\n<h2><strong>\u0110\u00e1nh gi\u00e1 chi ti\u1ebft ngu\u1ed3n ASUS TUF Gaming 750B 80 Plus Bronze (750W)<\/strong><\/h2>\n<p>Ngu\u1ed3n m\u00e1y t\u00ednh\u00a0ASUS TUF Gaming 750B 80 Plus Bronze s\u1edf h\u1eefu c\u00f4ng su\u1ea5t l\u00ean \u0111\u1ebfn 750W v\u00e0 \u0111\u1ea1t ch\u1ee9ng nh\u1eadn 80 Plus, mang \u0111\u1ebfn hi\u1ec7u su\u1ea5t l\u00e0m m\u00e1t v\u01b0\u1ee3t tr\u1ed9i. Thu\u1ed9c d\u00f2ng\u00a0TUF Gaming\u00a0m\u1ea1nh m\u1ebd c\u1ee7a nh\u00e0 Asus, n\u00ean \u0111\u00e2y s\u1ebd l\u00e0 m\u1ed9t PSU ho\u00e0n h\u1ea3o \u0111\u1ec3 c\u1eafm v\u00e0o d\u00e0n TUF Gaming ho\u1eb7c b\u1ea5t k\u1ef3 thi\u1ebft b\u1ecb DIY n\u00e0o kh\u00e1c. N\u00f3 s\u1ebd l\u00e0 s\u1ef1 l\u1ef1a ch\u1ecdn ho\u00e0n h\u1ea3o v\u00e0 l\u00e0 m\u1ed9t gi\u1ea3i ph\u00e1p c\u1ea5p ngu\u1ed3n l\u00fd t\u01b0\u1edfng cho h\u1ec7 th\u1ed1ng\u00a0PC gaming\u00a0c\u1ee7a b\u1ea1n.<\/p>\n<p><img decoding=\"async\" src=\"https:\/\/file.hstatic.net\/1000026716\/file\/gearvn-nguon_asus_tuf_gaming_750_80_plus_gold___750w__-1_4c61fd7cbc0b44fd9c537d67deb7567d.png\" alt=\"GEARVN - Ngu\u1ed3n ASUS TUF Gaming 750 80 Plus Gold ( 750W )\" \/><\/p>\n<h3><strong>Linh ki\u1ec7n cao c\u1ea5p<\/strong><\/h3>\n<p>C\u00e1c t\u1ee5 \u0111i\u1ec7n v\u00e0 cu\u1ed9n c\u1ea3m tr\u00ean ASUS TUF Gaming 750B \u0111\u01b0\u1ee3c s\u00e0ng l\u1ecdc v\u00e0 l\u1ef1a ch\u1ecdn c\u1ea9n th\u1eadn. Ch\u1ea5t l\u01b0\u1ee3ng c\u1ee7a c\u00e1c th\u00e0nh ph\u1ea7n n\u00e0y c\u0169ng \u0111\u01b0\u1ee3c \u0111\u1ea3m b\u1ea3o, v\u00ec ch\u00fang \u0111\u00e3 v\u01b0\u1ee3t qua ki\u1ec3m tra nghi\u00eam ng\u1eb7t \u0111\u1ec3 \u0111\u1ea1t ch\u1ee9ng nh\u1eadn c\u1ea5p qu\u00e2n s\u1ef1.<\/p>\n<p><img decoding=\"async\" src=\"https:\/\/file.hstatic.net\/1000026716\/file\/gearvn-nguon_asus_tuf_gaming_750_80_plus_gold___750w__-3_56a30346c8b24ea195e2030c969bfd2f.png\" alt=\"GEARVN - Ngu\u1ed3n ASUS TUF Gaming 750 80 Plus Gold ( 750W )\" \/><\/p>\n","protected":false},"excerpt":{"rendered":"<p class=\"title font-weight-600\"><strong>Th\u00f4ng s\u1ed1 s\u1ea3n ph\u1ea3m:<\/strong><\/p>\n<div id=\"js-pd-summary\" class=\"pd-summary-group active\">\n<div>\n<ul>\n<li class=\"item\"><span class=\"item \"><i class=\"fa fa-check-circle\"><\/i>\u0110\u1eb7c \u0111i\u1ec3m k\u1ef9 thu\u1eadt c\u1ee7a Intel: ATX12V<\/span><\/li>\n<li class=\"item\"><span class=\"item \"><i class=\"fa fa-check-circle\"><\/i>K\u00edch th\u01b0\u1edbc: 15 x 15 x 8,6 Centimet<\/span><\/li>\n<li class=\"item\"><span class=\"item \"><i class=\"fa fa-check-circle\"><\/i>Hi\u1ec7u qu\u1ea3: 80Plus \u0111\u1ed3ng<\/span><\/li>\n<li class=\"item\"><span class=\"item \"><i class=\"fa fa-check-circle\"><\/i>T\u00ednh n\u0103ng b\u1ea3o v\u1ec7: OPP \/ OVP \/ UVP \/ SCP \/ OCP \/ OTP<\/span><\/li>\n<li class=\"item\"><span class=\"item hide d-block\"><i class=\"fa fa-check-circle\"><\/i>D\u1ea3i \u0111\u1ea7u v\u00e0o AC: 100-240Vac<\/span><\/li>\n<li class=\"item\"><span class=\"item hide d-block\"><i class=\"fa fa-check-circle\"><\/i>\u0110i\u1ec7n \u00e1p \u0111\u1ea7u ra DC: + 3.3V + 5V + 12V -12V + 5Vsb<\/span><\/li>\n<\/ul>\n<\/div>\n<\/div>\n","protected":false},"featured_media":1776,"comment_status":"open","ping_status":"closed","template":"","meta":{"_acf_changed":false},"product_brand":[],"product_cat":[92],"product_tag":[105,82,87,97,93,94,102,104],"class_list":{"0":"post-1775","1":"product","2":"type-product","3":"status-publish","4":"has-post-thumbnail","6":"product_cat-psu-nguon-may-tinh","7":"product_tag-750w","8":"product_tag-asus","9":"product_tag-black","10":"product_tag-gold","11":"product_tag-nguon","12":"product_tag-psu","13":"product_tag-tuf","14":"product_tag-tuf-gaming","16":"first","17":"instock","18":"sale","19":"featured","20":"shipping-taxable","21":"purchasable","22":"product-type-simple"},"acf":[],"jetpack_sharing_enabled":true,"_links":{"self":[{"href":"https:\/\/thanglongcomputer.vn\/index.php?rest_route=\/wp\/v2\/product\/1775","targetHints":{"allow":["GET"]}}],"collection":[{"href":"https:\/\/thanglongcomputer.vn\/index.php?rest_route=\/wp\/v2\/product"}],"about":[{"href":"https:\/\/thanglongcomputer.vn\/index.php?rest_route=\/wp\/v2\/types\/product"}],"replies":[{"embeddable":true,"href":"https:\/\/thanglongcomputer.vn\/index.php?rest_route=%2Fwp%2Fv2%2Fcomments&post=1775"}],"wp:featuredmedia":[{"embeddable":true,"href":"https:\/\/thanglongcomputer.vn\/index.php?rest_route=\/wp\/v2\/media\/1776"}],"wp:attachment":[{"href":"https:\/\/thanglongcomputer.vn\/index.php?rest_route=%2Fwp%2Fv2%2Fmedia&parent=1775"}],"wp:term":[{"taxonomy":"product_brand","embeddable":true,"href":"https:\/\/thanglongcomputer.vn\/index.php?rest_route=%2Fwp%2Fv2%2Fproduct_brand&post=1775"},{"taxonomy":"product_cat","embeddable":true,"href":"https:\/\/thanglongcomputer.vn\/index.php?rest_route=%2Fwp%2Fv2%2Fproduct_cat&post=1775"},{"taxonomy":"product_tag","embeddable":true,"href":"https:\/\/thanglongcomputer.vn\/index.php?rest_route=%2Fwp%2Fv2%2Fproduct_tag&post=1775"}],"curies":[{"name":"wp","href":"https:\/\/api.w.org\/{rel}","templated":true}]}}