{"id":1772,"date":"2025-02-14T10:27:56","date_gmt":"2025-02-14T03:27:56","guid":{"rendered":"https:\/\/thanglongcomputer.vn\/?post_type=product&#038;p=1772"},"modified":"2025-02-14T10:32:08","modified_gmt":"2025-02-14T03:32:08","slug":"nguon-may-tinh-asus-tuf-1000w","status":"publish","type":"product","link":"https:\/\/thanglongcomputer.vn\/?product=nguon-may-tinh-asus-tuf-1000w","title":{"rendered":"Ngu\u1ed3n m\u00e1y t\u00ednh Asus TUF Gaming 1000W Gold (PCI Gen 5.0 &#8211; Full Modular)"},"content":{"rendered":"<h2 class=\"titlle-descreption font-weight-500\">Gi\u1edbi thi\u1ec7u Ngu\u1ed3n m\u00e1y t\u00ednh Asus TUF Gaming 1000W Gold (PCI Gen 5.0 &#8211; Full Modular)<\/h2>\n<div id=\"content-desc\" class=\"content-descreption-detail static-html position-relative active\">\n<p><strong>T\u00ednh n\u0103ng\u00a0<\/strong><\/p>\n<p>Ngu\u1ed3n M\u00e1y T\u00ednh Asus TUF Gaming 1000W Gold l\u00e0 m\u1ed9t PSU hi\u1ec7u qu\u1ea3, \u0111\u00e0n h\u1ed3i v\u00e0 \u0111\u00e1ng tin c\u1eady \u0111\u01b0\u1ee3c thi\u1ebft k\u1ebf cho m\u1ed9t ch\u1eb7ng \u0111\u01b0\u1eddng d\u00e0i.<\/p>\n<p>T\u1ee5 \u0111i\u1ec7n v\u00e0 cu\u1ed9n c\u1ea3m v\u01b0\u1ee3t qua c\u00e1c b\u00e0i ki\u1ec3m tra kh\u1eaft khe \u0111\u1ec3 \u0111\u1ea1t \u0111\u01b0\u1ee3c Ch\u1ee9ng nh\u1eadn c\u1ea5p Qu\u00e2n s\u1ef1.<br \/>\nV\u00f2ng bi qu\u1ea1t bi k\u00e9p c\u00f3 th\u1ec3 k\u00e9o d\u00e0i g\u1ea5p \u0111\u00f4i so v\u1edbi c\u00e1c thi\u1ebft k\u1ebf v\u00f2ng bi tay \u00e1o.<br \/>\nM\u1ed9t l\u1edbp ph\u1ee7 PCB b\u1ea3o v\u1ec7 ch\u1ed1ng l\u1ea1i \u0111\u1ed9 \u1ea9m, b\u1ee5i v\u00e0 nhi\u1ec7t \u0111\u1ed9 kh\u1eafc nghi\u1ec7t.<br \/>\nCh\u1ee9ng nh\u1eadn 80 Plus Gold l\u00e0 k\u1ebft qu\u1ea3 c\u1ee7a c\u00e1c t\u1ee5 \u0111i\u1ec7n Nh\u1eadt B\u1ea3n v\u00e0 c\u00e1c linh ki\u1ec7n cao c\u1ea5p kh\u00e1c.<br \/>\nThi\u1ebft k\u1ebf qu\u1ea1t c\u00f4ng ngh\u1ec7 h\u01b0\u1edbng tr\u1ee5c c\u00f3 trung t\u00e2m qu\u1ea1t nh\u1ecf h\u01a1n t\u1ea1o \u0111i\u1ec1u ki\u1ec7n cho c\u00e1c c\u00e1nh qu\u1ea1t d\u00e0i h\u01a1n v\u00e0 v\u00f2ng ch\u1eafn gi\u00fap t\u0103ng \u00e1p su\u1ea5t kh\u00f4ng kh\u00ed \u0111i xu\u1ed1ng.<br \/>\nC\u00e1p \u0111\u01b0\u1ee3c kh\u1eafc ho\u00e0n to\u00e0n theo m\u00f4-\u0111un gi\u1eef cho gi\u00e0n m\u00e1y c\u1ee7a b\u1ea1n g\u1ecdn g\u00e0ng v\u00e0 ng\u0103n n\u1eafp.<br \/>\n<img decoding=\"async\" src=\"https:\/\/nguyencongpc.vn\/media\/lib\/06-04-2023\/ngunmytnhasustufgaming1000wgold1.jpeg\" \/><\/p>\n<p><strong>\u0110\u01b0\u1ee3c thi\u1ebft k\u1ebf cho \u0111\u1ed9 b\u1ec1n v\u01b0\u1ee3t th\u1eddi gian<\/strong><\/p>\n<p>ASUS TUF Gaming 1000W Gold s\u1edf h\u1eefu s\u1ee9c m\u1ea1nh chu\u1ea9n qu\u00e2n s\u1ef1, thi\u1ebft k\u1ebf qu\u1ea1t t\u1ea3n h\u00e0ng \u0111\u1ea7u v\u00e0 l\u1edbp b\u1ea3o v\u1ec7 PCB \u0111\u1ec3 cung c\u1ea5p ngu\u1ed3n \u0111i\u1ec7n ho\u1ea1t \u0111\u1ed9ng hi\u1ec7u qu\u1ea3 v\u00e0 l\u00e2u b\u1ec1n. Th\u00e0nh ph\u1ea9m l\u00e0 m\u1ed9t b\u1ed9 ngu\u1ed3n PSU s\u1ebd cung c\u1ea5p n\u0103ng l\u01b0\u1ee3ng \u0111\u00e1ng tin c\u1eady cho d\u00e0n m\u00e1y chi\u1ebfn c\u1ee7a b\u1ea1n trong nhi\u1ec1u n\u0103m sau.\u200b<\/p>\n<p><img decoding=\"async\" src=\"https:\/\/nguyencongpc.vn\/media\/lib\/06-04-2023\/ngunmytnhasustufgaming1000wgold2.jpeg\" \/><\/p>\n<p><strong>Tu\u1ed5i th\u1ecd g\u1ea5p \u0111\u00f4i<\/strong><\/p>\n<p>Kh\u1ea3 n\u0103ng l\u00e0m m\u00e1t \u0111i\u1ec3n h\u00ecnh \u0111\u01b0\u1ee3c cung c\u1ea5p b\u1edfi m\u1ed9t qu\u1ea1t 135mm quay tr\u00ean thi\u1ebft l\u1eadp \u1ed5 bi k\u00e9p s\u1ebd c\u00f3 tu\u1ed5i th\u1ecd cao g\u1ea5p \u0111\u00f4i so v\u1edbi thi\u1ebft k\u1ebf \u1ed5 tr\u1ee5c c\u00f3 \u1ed1ng b\u1ecdc ngo\u00e0i.<\/p>\n<p>&nbsp;<\/p>\n<p><strong>Th\u00e0nh ph\u1ea7n linh ki\u1ec7n TUF<\/strong><\/p>\n<p>V\u1edbi c\u00e1c th\u00e0nh ph\u1ea7m linh ki\u1ec7n \u0111\u1ed9 b\u1ec1n chu\u1ea9n qu\u00e2n s\u1ef1, g\u1ed3m c\u00e1c t\u1ee5 \u0111i\u1ec7n \u0111\u01b0\u1ee3c \u0111\u1ecbnh m\u1ee9c ho\u1ea1t \u0111\u1ed9ng \u1edf nhi\u1ec7t \u0111\u1ed9 105\u00b0C v\u00e0 \u0111\u1ed9 b\u1ec1n l\u00ean \u0111\u1ebfn 170.000 gi\u1edd, ASUS TUF Gaming 1000W Gold gi\u00fap b\u1ea1n t\u1ef1 tin x\u00e2y d\u1ef1ng d\u00e0n m\u00e1y c\u1ee7a ri\u00eang m\u00ecnh.\u200b<\/p>\n<p><img decoding=\"async\" src=\"https:\/\/nguyencongpc.vn\/media\/lib\/06-04-2023\/ngunmytnhasustufgaming1000wgold3.jpeg\" \/><\/p>\n<p><strong>Ch\u1ee9ng nh\u1eadn 80 Plus V\u00e0ng<\/strong><\/p>\n<p>Ngu\u1ed3n M\u00e1y T\u00ednh Asus TUF Gaming 1000W Gold c\u00f3 c\u00e1c t\u1ee5 \u0111i\u1ec7n Nh\u1eadt B\u1ea3n ESR th\u1ea5p, hi\u1ec7u qu\u1ea3 \u0111\u1ec3 \u0111\u1ea3m b\u1ea3o ho\u1ea1t \u0111\u1ed9ng hi\u1ec7u qu\u1ea3 &#8211; \u0111\u1ea1t tr\u1ea1ng th\u00e1i 80 PLUS \u00ae Gold. \u0110i\u1ec1u n\u00e0y c\u00f3 ngh\u0129a l\u00e0 n\u00f3 mang l\u1ea1i hi\u1ec7u su\u1ea5t l\u00ean \u0111\u1ebfn 92%, d\u1eabn \u0111\u1ebfn \u00edt nhi\u1ec7t h\u01a1n, gi\u1ea3m ti\u1ebfng \u1ed3n c\u1ee7a qu\u1ea1t v\u00e0 t\u0103ng \u0111\u1ed9 tin c\u1eady.<\/p>\n<p><strong>T\u01b0\u01a1ng th\u00edch ATX 3.0<\/strong><\/p>\n<p>C\u00e1c b\u1ea3n c\u1eadp nh\u1eadt th\u00f4ng s\u1ed1 k\u1ef9 thu\u1eadt \u0111i\u1ec7n n\u0103ng m\u1edbi nh\u1ea5t \u0111\u00e3 h\u1ea1 c\u00e1nh. ATX 3.0 m\u1edf ra c\u00e1c nguy\u00ean t\u1eafc \u0111i\u1ec1u ch\u1ec9nh \u0111i\u1ec7n \u00e1p v\u00e0 d\u00f2ng \u0111i\u1ec7n ch\u1eb7t ch\u1ebd h\u01a1n cho ph\u1ea7n c\u1ee9ng th\u1ebf h\u1ec7 ti\u1ebfp theo &#8211; v\u00e0 Ngu\u1ed3n M\u00e1y T\u00ednh Asus TUF Gaming 1000W Gold \u0111\u00e3 \u0111i tr\u01b0\u1edbc \u0111\u01b0\u1eddng cong b\u1eb1ng c\u00e1ch ho\u00e0n to\u00e0n tu\u00e2n th\u1ee7. C\u00e1p PCIe 16 ch\u00e2n \u0111\u00e3 ch\u00edn mu\u1ed3i \u0111\u1ec3 cung c\u1ea5p c\u00f4ng su\u1ea5t l\u00ean t\u1edbi 600W cho card \u0111\u1ed3 h\u1ecda PCIe Gen 5.0 \u0111\u01b0\u1ee3c \u0111i k\u00e8m v\u1edbi PSU, mang l\u1ea1i kh\u1ea3 n\u0103ng quy m\u00f4 l\u1edbn.<\/p>\n<\/div>\n","protected":false},"excerpt":{"rendered":"<p class=\"title font-weight-600\"><strong>Th\u00f4ng s\u1ed1 s\u1ea3n ph\u1ea3m:<\/strong><\/p>\n<ul id=\"js-summary\" class=\"list-product-summary active\">\n<li>ATX 3.0: C\u00f3<\/li>\n<li>K\u00edch th\u01b0\u1edbc: 150 x 150 x 86 mm<\/li>\n<li>Hi\u1ec7u su\u1ea5t: 80 Plus V\u00e0ng<\/li>\n<li>T\u00ednh n\u0103ng b\u1ea3o v\u1ec7: OPP\/OVP\/UVP\/SCP\/OCP\/OTP<\/li>\n<\/ul>\n","protected":false},"featured_media":1743,"comment_status":"open","ping_status":"closed","template":"","meta":{"_acf_changed":false},"product_brand":[],"product_cat":[92],"product_tag":[98,82,87,97,93,94,95,102],"class_list":{"0":"post-1772","1":"product","2":"type-product","3":"status-publish","4":"has-post-thumbnail","6":"product_cat-psu-nguon-may-tinh","7":"product_tag-1000w","8":"product_tag-asus","9":"product_tag-black","10":"product_tag-gold","11":"product_tag-nguon","12":"product_tag-psu","13":"product_tag-rog-strix","14":"product_tag-tuf","16":"first","17":"instock","18":"sale","19":"featured","20":"shipping-taxable","21":"purchasable","22":"product-type-simple"},"acf":[],"jetpack_sharing_enabled":true,"_links":{"self":[{"href":"https:\/\/thanglongcomputer.vn\/index.php?rest_route=\/wp\/v2\/product\/1772","targetHints":{"allow":["GET"]}}],"collection":[{"href":"https:\/\/thanglongcomputer.vn\/index.php?rest_route=\/wp\/v2\/product"}],"about":[{"href":"https:\/\/thanglongcomputer.vn\/index.php?rest_route=\/wp\/v2\/types\/product"}],"replies":[{"embeddable":true,"href":"https:\/\/thanglongcomputer.vn\/index.php?rest_route=%2Fwp%2Fv2%2Fcomments&post=1772"}],"wp:featuredmedia":[{"embeddable":true,"href":"https:\/\/thanglongcomputer.vn\/index.php?rest_route=\/wp\/v2\/media\/1743"}],"wp:attachment":[{"href":"https:\/\/thanglongcomputer.vn\/index.php?rest_route=%2Fwp%2Fv2%2Fmedia&parent=1772"}],"wp:term":[{"taxonomy":"product_brand","embeddable":true,"href":"https:\/\/thanglongcomputer.vn\/index.php?rest_route=%2Fwp%2Fv2%2Fproduct_brand&post=1772"},{"taxonomy":"product_cat","embeddable":true,"href":"https:\/\/thanglongcomputer.vn\/index.php?rest_route=%2Fwp%2Fv2%2Fproduct_cat&post=1772"},{"taxonomy":"product_tag","embeddable":true,"href":"https:\/\/thanglongcomputer.vn\/index.php?rest_route=%2Fwp%2Fv2%2Fproduct_tag&post=1772"}],"curies":[{"name":"wp","href":"https:\/\/api.w.org\/{rel}","templated":true}]}}