{"id":1771,"date":"2025-02-14T10:21:28","date_gmt":"2025-02-14T03:21:28","guid":{"rendered":"https:\/\/thanglongcomputer.vn\/?post_type=product&#038;p=1771"},"modified":"2025-02-14T10:27:15","modified_gmt":"2025-02-14T03:27:15","slug":"nguon-may-tinh-asus-rog-thor-1600t-gaming-1600w-platinum","status":"publish","type":"product","link":"https:\/\/thanglongcomputer.vn\/?product=nguon-may-tinh-asus-rog-thor-1600t-gaming-1600w-platinum","title":{"rendered":"NGU\u1ed2N M\u00c1Y T\u00cdNH ASUS ROG THOR 1600T GAMING \u2013 1600W PLATINUM"},"content":{"rendered":"<h3 align=\"center\">Ngu\u1ed3n\u00a0\u00a0ASUS ROG THOR &#8211; 1600T Gaming Titanium &#8211; 1600W ( M\u00e0u \u0110en\/80 Plus Titanium \/ Full Modular)<\/h3>\n<p><img decoding=\"async\" src=\"https:\/\/hanoicomputercdn.com\/media\/lib\/28-07-2022\/rog-thor-1600w-ti--images-01.jpg\" alt=\"Ngu\u1ed3n ASUS ROG THOR - 1600T Gaming Titanium - 1600W ( M\u00e0u \u0110en\/80 Plus Titanium \/ Full Modular)\" \/><\/p>\n<p><img decoding=\"async\" src=\"https:\/\/hanoicomputercdn.com\/media\/lib\/28-07-2022\/rog-thor-1600w-ti--images-02.jpg\" alt=\"Ngu\u1ed3n ASUS ROG THOR - 1600T Gaming Titanium - 1600W ( M\u00e0u \u0110en\/80 Plus Titanium \/ Full Modular)\" \/><\/p>\n<p><img decoding=\"async\" src=\"https:\/\/hanoicomputercdn.com\/media\/lib\/28-07-2022\/rog-thor-1600w-ti--images-06.jpg\" alt=\"Ngu\u1ed3n\u00a0\u00a0ASUS ROG THOR - 1600T Gaming Titanium - 1600W ( M\u00e0u \u0110en\/80 Plus Titanium \/ Full Modular)\" \/><\/p>\n","protected":false},"excerpt":{"rendered":"<p class=\"title font-weight-600\"><strong>Th\u00f4ng s\u1ed1 s\u1ea3n ph\u1ea3m:<\/strong><\/p>\n<ul>\n<li class=\"item\">C\u00f4ng su\u1ea5t 1600w<\/li>\n<li class=\"item\">Ch\u1ee9ng nh\u1eadn hi\u1ec7u chu\u1ea9n 80 Plus Titanium<\/li>\n<li class=\"item\">Hi\u1ec3n th\u1ecb OLED th\u00f4ng minh th\u00f4ng b\u00e1o \u0111i\u1ec7n n\u0103ng ti\u00eau th\u1ee5<\/li>\n<li class=\"item\">Kh\u1ea3 n\u0103ng \u0111\u1ed3ng b\u1ed9 led AURA SYNC<\/li>\n<li class=\"item\">H\u1ed7 tr\u1ee3 k\u1ebft n\u1ed1i PCIe 5.0 16pin m\u1edbi<\/li>\n<\/ul>\n","protected":false},"featured_media":1705,"comment_status":"open","ping_status":"closed","template":"","meta":{"_acf_changed":false},"product_brand":[],"product_cat":[92],"product_tag":[101,82,87,93,100,94,83,95],"class_list":{"0":"post-1771","1":"product","2":"type-product","3":"status-publish","4":"has-post-thumbnail","6":"product_cat-psu-nguon-may-tinh","7":"product_tag-1600w","8":"product_tag-asus","9":"product_tag-black","10":"product_tag-nguon","11":"product_tag-platinum","12":"product_tag-psu","13":"product_tag-rog","14":"product_tag-rog-strix","16":"first","17":"instock","18":"sale","19":"featured","20":"shipping-taxable","21":"purchasable","22":"product-type-simple"},"acf":[],"jetpack_sharing_enabled":true,"_links":{"self":[{"href":"https:\/\/thanglongcomputer.vn\/index.php?rest_route=\/wp\/v2\/product\/1771","targetHints":{"allow":["GET"]}}],"collection":[{"href":"https:\/\/thanglongcomputer.vn\/index.php?rest_route=\/wp\/v2\/product"}],"about":[{"href":"https:\/\/thanglongcomputer.vn\/index.php?rest_route=\/wp\/v2\/types\/product"}],"replies":[{"embeddable":true,"href":"https:\/\/thanglongcomputer.vn\/index.php?rest_route=%2Fwp%2Fv2%2Fcomments&post=1771"}],"wp:featuredmedia":[{"embeddable":true,"href":"https:\/\/thanglongcomputer.vn\/index.php?rest_route=\/wp\/v2\/media\/1705"}],"wp:attachment":[{"href":"https:\/\/thanglongcomputer.vn\/index.php?rest_route=%2Fwp%2Fv2%2Fmedia&parent=1771"}],"wp:term":[{"taxonomy":"product_brand","embeddable":true,"href":"https:\/\/thanglongcomputer.vn\/index.php?rest_route=%2Fwp%2Fv2%2Fproduct_brand&post=1771"},{"taxonomy":"product_cat","embeddable":true,"href":"https:\/\/thanglongcomputer.vn\/index.php?rest_route=%2Fwp%2Fv2%2Fproduct_cat&post=1771"},{"taxonomy":"product_tag","embeddable":true,"href":"https:\/\/thanglongcomputer.vn\/index.php?rest_route=%2Fwp%2Fv2%2Fproduct_tag&post=1771"}],"curies":[{"name":"wp","href":"https:\/\/api.w.org\/{rel}","templated":true}]}}