{"id":1770,"date":"2025-02-14T10:08:03","date_gmt":"2025-02-14T03:08:03","guid":{"rendered":"https:\/\/thanglongcomputer.vn\/?post_type=product&#038;p=1770"},"modified":"2025-02-14T10:26:43","modified_gmt":"2025-02-14T03:26:43","slug":"nguon-may-tinh-asus-rog-thor-1200-p2-1200w-platinum","status":"publish","type":"product","link":"https:\/\/thanglongcomputer.vn\/?product=nguon-may-tinh-asus-rog-thor-1200-p2-1200w-platinum","title":{"rendered":"Ngu\u1ed3n M\u00e1y T\u00ednh ASUS ROG THOR 1200 P2 1200W PLATINUM II ( PCIe Gen 5.0)"},"content":{"rendered":"<h3 align=\"center\"><em>Ngu\u1ed3n M\u00e1y T\u00ednh ASUS ROG THOR 1200 P2 1200W PLATINUM II ( PCIe Gen 5.0)<\/em><\/h3>\n<p><strong>Ngu\u1ed3n cung c\u1ea5p 1200W ho\u1ea1t \u0111\u1ed9ng \u00eam \u00e1i, y\u00ean t\u0129nh<\/strong><\/p>\n<p>Ngu\u1ed3n M\u00e1y T\u00ednh ASUS ROG THOR 1200 P2 1200W PLATINUM II ( PCIe Gen 5.0)\u00a0 &#8211; phi\u00ean b\u1ea3n th\u1ee9 hai c\u1ee7a ROG Thor 1200W Platinum, d\u00f2ng ngu\u1ed3n tr\u00ean 1000W s\u1eed d\u1ee5ng c\u00e1c n\u00e2ng c\u1ea5p v\u1ec1 h\u1ec7 th\u1ed1ng l\u00e0m m\u00e1t v\u00e0 linh ki\u1ec7n khi\u1ebfn \u0111\u1ec3 tr\u1edf th\u00e0nh m\u1ed9t trong nh\u1eefng d\u00f2ng PSU ho\u1ea1t \u0111\u1ed9ng v\u00f4 c\u00f9ng y\u00ean t\u0129nh.<\/p>\n<p><img decoding=\"async\" src=\"https:\/\/nguyencongpc.vn\/media\/lib\/17-11-2022\/ngunmytnhasusrogthor1200p21200wplatinumiipciegen501.jpeg\" \/><\/p>\n<p><strong>T\u1ea3n nhi\u1ec7t ROG<\/strong><\/p>\n<p>C\u00e1c b\u1ed9 t\u1ea3n nhi\u1ec7t ROG c\u00f3 kh\u1ed1i l\u01b0\u1ee3ng l\u1edbn h\u01a1n g\u1ea5p 2 l\u1ea7n so v\u1edbi c\u00e1c thi\u1ebft k\u1ebf truy\u1ec1n th\u1ed1ng, t\u1ea1o \u0111i\u1ec1u ki\u1ec7n cho nhi\u1ec7t \u0111\u1ed9 th\u1ea5p h\u01a1n, tu\u1ed5i th\u1ecd linh ki\u1ec7n l\u00e2u h\u01a1n v\u00e0 k\u00e9o d\u00e0i ho\u1ea1t \u0111\u1ed9ng 0dB.<\/p>\n<p>Thi\u1ebft k\u1ebf qu\u1ea1t c\u00f4ng ngh\u1ec7 h\u01b0\u1edbng tr\u1ee5cQu\u1ea1t t\u1ea3n nhi\u1ec7t c\u00f4ng ngh\u1ec7 h\u01b0\u1edbng tr\u1ee5c 135mm v\u1edbi \u0111i\u1ec1u khi\u1ec3n PWM \u0111\u1ed9 \u1ed3n th\u1ea5p v\u00e0 gi\u1eef nhi\u1ec7t t\u1ed1t trong su\u1ed1t qu\u00e1 tr\u00ecnh ho\u1ea1t \u0111\u1ed9ng. V\u1edbi ph\u1ea7n c\u00e1nh qu\u1ea1t quay d\u1ef1a tr\u00ean thi\u1ebft l\u1eadp \u1ed5 bi k\u00e9p mang \u0111\u1ebfn ph\u1ea7n qu\u1ea1t v\u1edbi tu\u1ed5i th\u1ecd d\u00e0i.<\/p>\n<p>\u0110\u1ed3ng th\u1eddi, \u0111\u1ec3 t\u1ed1i \u01b0u kh\u1ea3 n\u0103ng l\u00e0m m\u00e1t cho b\u1ed9 ngu\u1ed3n Rog Thor 1200P2, ASUS \u0111\u00e3 n\u00e2ng c\u1ea5p h\u1ec7 th\u1ed1ng l\u00e0m m\u00e1t Thor II v\u1edbi c\u00f4ng ngh\u1ec7 Lambda A ++ mang l\u1ea1i s\u1ee9c m\u1ea1nh tuy\u1ec7t \u0111\u1ed1i khi v\u1eadn h\u00e0nh.<\/p>\n<p><img decoding=\"async\" src=\"https:\/\/nguyencongpc.vn\/media\/lib\/17-11-2022\/ngunmytnhasusrogthor1200p21200wplatinumiipciegen502.jpeg\" \/><\/p>\n<p><strong>Ch\u1ee9ng nh\u1eadn 80 Plus Platinum<\/strong><\/p>\n<p>ROG Thor 1200W Platinum II s\u1eed d\u1ee5ng t\u1ee5 \u0111i\u1ec7n \u0111\u1ebfn t\u1eeb Nh\u1eadt B\u1ea3n ESR \u0111\u1ec3 \u0111\u1ea3m b\u1ea3o ho\u1ea1t \u0111\u1ed9ng hi\u1ec7u qu\u1ea3. Nh\u1eefng n\u00e2ng c\u1ea5p m\u1edbi tr\u00ean ASUS Rog Thor 1200P2 \u0111\u1ea3m b\u1ea3o hi\u1ec7u su\u1ea5t 89% khi t\u1ea3i 100% v\u00e0 hi\u1ec7u su\u1ea5t 92% khi t\u1ea3i 50% \u00edt nhi\u1ec7t h\u01a1n, gi\u1ea3m ti\u1ebfng \u1ed3n c\u1ee7a qu\u1ea1t.<\/p>\n<p><img decoding=\"async\" src=\"https:\/\/nguyencongpc.vn\/media\/lib\/17-11-2022\/ngunmytnhasusrogthor1200p21200wplatinumiipciegen503.jpeg\" \/><\/p>\n<p><strong>M\u00e0n h\u00ecnh ngu\u1ed3n OLED<\/strong><\/p>\n<p>B\u1ea3ng \u0111i\u1ec1u khi\u1ec3n OLED t\u00edch h\u1ee3p gi\u00fap b\u1ea1n d\u1ec5 d\u00e0ng \u0111i\u1ec1u ch\u1ec9nh h\u1ec7 th\u1ed1ng c\u1ee7a m\u00ecnh \u0111\u1ec3 c\u00f3 hi\u1ec7u su\u1ea5t v\u00e0 hi\u1ec7u su\u1ea5t t\u1ed1t nh\u1ea5t. T\u00f9y ch\u1ec9nh logo th\u00f4ng qua ph\u1ea7n m\u1ec1m Aura ROG \u0111\u1ec3 \u0111\u1ed3ng b\u1ed9 LED v\u1edbi nh\u1eefng thi\u1ebft b\u1ecb ngo\u1ea1i vi t\u1eeb h\u00e3ng nh\u01b0 b\u00e0n ph\u00edm, chu\u1ed9t m\u00e1y t\u00ednh ROG,&#8230;\u0110\u1ed3ng th\u1eddi, th\u00eam d\u1ea3i \u0111\u00e8n \u0111\u1ec3 l\u00e0m n\u1ed5i b\u1eadt cho h\u1ec7 th\u1ed1ng khi k\u1ebft h\u1ee3p v\u1edbi nh\u1eefng linh ki\u1ec7n PC kh\u00e1c, t\u1ea1o n\u00ean kh\u00f4ng gian gaming \u1ea5n t\u01b0\u1ee3ng.<\/p>\n<p>S\u1eb5n s\u00e0ng cho PCIe Gen 5.0M\u1ed7i PSU ROG Thor 1200W Platinum II \u0111\u01b0\u1ee3c \u0111i k\u00e8m v\u1edbi m\u1ed9t c\u00e1p PCIe 16 ch\u00e2n c\u00f3 th\u1ec3 cung c\u1ea5p c\u00f4ng su\u1ea5t l\u00ean t\u1edbi 600W h\u1ed7 tr\u1ee3 t\u1ed1i \u0111a s\u1ee9c m\u1ea1nh cho c\u00e1c d\u00f2ng card \u0111\u1ed3 h\u1ecda PCIe Gen 5.0.<\/p>\n<p><img decoding=\"async\" src=\"https:\/\/nguyencongpc.vn\/media\/lib\/17-11-2022\/ngunmytnhasusrogthor1200p21200wplatinumiipciegen506.jpeg\" \/><\/p>\n<div id=\"eJOY__extension_root\" class=\"eJOY__extension_root_class\"><\/div>\n","protected":false},"excerpt":{"rendered":"<p class=\"title font-weight-600\"><strong>Th\u00f4ng s\u1ed1 s\u1ea3n ph\u1ea3m:<\/strong><\/p>\n<ul id=\"js-summary\" class=\"list-product-summary active\">\n<li>K\u00edch th\u01b0\u1edbc: 190 x 150 x 86 mm<\/li>\n<li>Chu\u00e2\u0309n ngu\u00f4\u0300n: 80Plus Platinum<\/li>\n<li>C\u00f4ng su\u00e2\u0301t danh \u0111i\u0323nh: 1200W<\/li>\n<li>Ngu\u1ed3n \u0111i\u1ec7n v\u00e0o: 100-240Vac<\/li>\n<li>\u0110i\u1ec7n \u00e1p \u0111\u1ea7u ra: + 3.3V + 5V + 12V -12V + 5Vsb<\/li>\n<\/ul>\n","protected":false},"featured_media":1718,"comment_status":"open","ping_status":"closed","template":"","meta":{"_acf_changed":false},"product_brand":[],"product_cat":[92],"product_tag":[99,82,87,93,100,94,83,95],"class_list":{"0":"post-1770","1":"product","2":"type-product","3":"status-publish","4":"has-post-thumbnail","6":"product_cat-psu-nguon-may-tinh","7":"product_tag-1200w","8":"product_tag-asus","9":"product_tag-black","10":"product_tag-nguon","11":"product_tag-platinum","12":"product_tag-psu","13":"product_tag-rog","14":"product_tag-rog-strix","16":"first","17":"instock","18":"sale","19":"featured","20":"shipping-taxable","21":"purchasable","22":"product-type-simple"},"acf":[],"jetpack_sharing_enabled":true,"_links":{"self":[{"href":"https:\/\/thanglongcomputer.vn\/index.php?rest_route=\/wp\/v2\/product\/1770","targetHints":{"allow":["GET"]}}],"collection":[{"href":"https:\/\/thanglongcomputer.vn\/index.php?rest_route=\/wp\/v2\/product"}],"about":[{"href":"https:\/\/thanglongcomputer.vn\/index.php?rest_route=\/wp\/v2\/types\/product"}],"replies":[{"embeddable":true,"href":"https:\/\/thanglongcomputer.vn\/index.php?rest_route=%2Fwp%2Fv2%2Fcomments&post=1770"}],"wp:featuredmedia":[{"embeddable":true,"href":"https:\/\/thanglongcomputer.vn\/index.php?rest_route=\/wp\/v2\/media\/1718"}],"wp:attachment":[{"href":"https:\/\/thanglongcomputer.vn\/index.php?rest_route=%2Fwp%2Fv2%2Fmedia&parent=1770"}],"wp:term":[{"taxonomy":"product_brand","embeddable":true,"href":"https:\/\/thanglongcomputer.vn\/index.php?rest_route=%2Fwp%2Fv2%2Fproduct_brand&post=1770"},{"taxonomy":"product_cat","embeddable":true,"href":"https:\/\/thanglongcomputer.vn\/index.php?rest_route=%2Fwp%2Fv2%2Fproduct_cat&post=1770"},{"taxonomy":"product_tag","embeddable":true,"href":"https:\/\/thanglongcomputer.vn\/index.php?rest_route=%2Fwp%2Fv2%2Fproduct_tag&post=1770"}],"curies":[{"name":"wp","href":"https:\/\/api.w.org\/{rel}","templated":true}]}}