{"id":1698,"date":"2025-02-14T09:45:10","date_gmt":"2025-02-14T02:45:10","guid":{"rendered":"https:\/\/thanglongcomputer.vn\/?post_type=product&#038;p=1698"},"modified":"2025-02-14T09:57:53","modified_gmt":"2025-02-14T02:57:53","slug":"nguon-may-tinh-asus-rog-strix-850w","status":"publish","type":"product","link":"https:\/\/thanglongcomputer.vn\/?product=nguon-may-tinh-asus-rog-strix-850w","title":{"rendered":"Ngu\u1ed3n M\u00e1y T\u00ednh ASUS ROG STRIX 850W (80 Plus Gold\/Full Modular)"},"content":{"rendered":"<h2 class=\"titlle-descreption font-weight-500\">Gi\u1edbi thi\u1ec7u Ngu\u1ed3n M\u00e1y T\u00ednh ASUS ROG STRIX 850W (80 Plus Gold\/Full Modular)<\/h2>\n<div id=\"content-desc\" class=\"content-descreption-detail static-html position-relative active\">\n<p><strong>Ngu\u1ed3n M\u00e1y T\u00ednh ASUS ROG STRIX 850W (80 Plus Gold\/Full Modular)<\/strong>\u00a0mang \u0111\u1ebfn hi\u1ec7u n\u0103ng cao c\u1ea5p, t\u00f9y bi\u1ebfn th\u1ea9m m\u1ef9 d\u1ec5 d\u00e0ng h\u01a1n nh\u1edd logo v\u00e0 nh\u00e3n d\u00e1n t\u1eeb t\u00ednh gi\u00fap b\u1ea1n thay \u0111\u1ed5i di\u1ec7n m\u1ea1o b\u00ean ngo\u00e0i b\u1ed9 ngu\u1ed3n theo \u00fd mu\u1ed1n.<\/p>\n<p><img loading=\"lazy\" decoding=\"async\" class=\"\" src=\"https:\/\/nguyencongpc.vn\/photos\/17\/ASUS-ROG-STRIX-850W-3.JPG\" alt=\"B\u1ed9 ngu\u1ed3n PSU ASUS ROG STRIX 850W c\u00f3 h\u1ec7 th\u1ed1ng v\u00e0 c\u00e1c b\u1ed9 ph\u1eadn l\u00e0m m\u00e1t cao c\u1ea5p\" width=\"1469\" height=\"918\" \/><\/p>\n<p>B\u1ed9 ngu\u1ed3n PSU ASUS ROG STRIX 850W c\u00f3 h\u1ec7 th\u1ed1ng v\u00e0 c\u00e1c b\u1ed9 ph\u1eadn l\u00e0m m\u00e1t cao c\u1ea5p, hi\u1ec7u n\u0103ng cao, ho\u1ea1t \u0111\u1ed9ng c\u1ef1c k\u1ef3 \u00eam \u00e1i d\u00e0nh cho \u0111\u1ed1i t\u01b0\u1ee3ng ng\u01b0\u1eddi d\u00f9ng l\u00e0 c\u00e1c game th\u1ee7 chuy\u00ean nghi\u1ec7p. C\u1ee5m t\u1ea3n nhi\u1ec7t ROG l\u1edbn th\u1eeba h\u01b0\u1edfng c\u00e1c \u01b0u \u0111i\u1ec3m t\u1eeb d\u00f2ng ROG Thor m\u1ea1nh m\u1ebd v\u00e0 c\u00f2n s\u1edf h\u1eefu thi\u1ebft k\u1ebf qu\u1ea1t h\u01b0\u1edbng tr\u1ee5c t\u1eeb c\u00e1c card \u0111\u1ed3 h\u1ecda NVIDIA RTX\u2122 cao c\u1ea5p. B\u00ean d\u01b0\u1edbi b\u1ec1 m\u1eb7t, c\u00e1c MOSFET th\u1ea5p (b\u1eadt) v\u00e0 t\u1ee5 cao c\u1ea5p t\u1eeb Nh\u1eadt B\u1ea3n gi\u00fap d\u1ec5 d\u00e0ng s\u1ea3n sinh ngu\u1ed3n \u0111i\u1ec7n mong mu\u1ed1n. B\u1ed9 ngu\u1ed3n ho\u1ea1t \u0111\u1ed9ng c\u1ef1c k\u1ef3 \u00eam \u00e1i v\u00e0 hi\u1ec7u qu\u1ea3 v\u1edbi c\u00f4ng su\u1ea5t d\u1ef1 tr\u1eef \u0111\u1ec3 x\u1eed l\u00fd c\u00e1c pha tranh \u0111\u1ea5u k\u1ecbch li\u1ec7t nh\u1ea5t.<\/p>\n<p><img decoding=\"async\" src=\"https:\/\/nguyencongpc.vn\/photos\/17\/ASUS-ROG-STRIX-Heat.jpg\" alt=\"C\u1ee5m t\u1ea3n nhi\u1ec7t ROG t\u00edch h\u1ee3p c\u00f3 k\u00edch th\u01b0\u1edbc l\u1edbn h\u01a1n g\u1ea5p 2 l\u1ea7n\" \/><\/p>\n<p>C\u1ee5m t\u1ea3n nhi\u1ec7t ROG t\u00edch h\u1ee3p c\u00f3 k\u00edch th\u01b0\u1edbc l\u1edbn h\u01a1n g\u1ea5p 2 l\u1ea7n so v\u1edbi thi\u1ebft k\u1ebf truy\u1ec1n th\u1ed1ng, t\u1ea1o ra nhi\u1ec7t \u0111\u1ed9 th\u1ea5p h\u01a1n \u0111\u00e1ng k\u1ec3 b\u00ean trong c\u00e1c b\u1ed9 ngu\u1ed3n PSU ASUS ROG STRIX 850W. \u0110i\u1ec1u n\u00e0y gi\u00fap k\u00e9o d\u00e0i tu\u1ed5i th\u1ecd c\u1ee7a c\u00e1c b\u1ed9 ph\u1eadn v\u00e0 cho ph\u00e9p t\u1ea3n nhi\u1ec7t ho\u1ea1t \u0111\u1ed9ng v\u1edbi \u0111\u1ed9 \u1ed3n 0dB trong th\u1eddi gian d\u00e0i h\u01a1n c\u00e1c thi\u1ebft k\u1ebf ti\u00eau chu\u1ea9n. T\u1ea3n nhi\u1ec7t hi\u1ec7u qu\u1ea3 \u0111\u1ebfn m\u1ee9c ti\u1ebfng \u1ed3n c\u1ee7a qu\u1ea1t lu\u00f4n \u1edf m\u1ee9c r\u1ea5t nh\u1ecf ngay c\u1ea3 khi ch\u1ea1y \u1edf t\u1ea3i t\u1ed1i \u0111a.<\/p>\n<p>&nbsp;<\/p>\n<h3>Thi\u1ebft k\u1ebf qu\u1ea1t k\u1ef9 thu\u1eadt h\u01b0\u1edbng tr\u1ee5c<\/h3>\n<p>T\u1ed1t h\u01a1n, Nhanh h\u01a1n v\u00e0 M\u1ea1nh h\u01a1n<\/p>\n<p><img decoding=\"async\" src=\"https:\/\/nguyencongpc.vn\/photos\/17\/asus-vga-axial-fans-480.gif\" alt=\"Thi\u1ebft k\u1ebf qu\u1ea1t k\u1ef9 thu\u1eadt h\u01b0\u1edbng tr\u1ee5c\" \/><\/p>\n<p><img decoding=\"async\" src=\"https:\/\/nguyencongpc.vn\/photos\/17\/PSU-ASUS-ROG-STRIX-80-Gold.jpg\" \/><\/p>\n<p><img decoding=\"async\" src=\"https:\/\/nguyencongpc.vn\/photos\/17\/Nguon-Asus-Fan-40.gif\" alt=\"Qu\u1ea1t C\u00f4ng ngh\u1ec7 0dB\" \/><\/p>\n<p>M\u1ed7i b\u1ed9 ngu\u1ed3n ASUS ROG STRIX 850W \u0111i k\u00e8m v\u1edbi c\u00e1c c\u00e1p PCI-e 24 ch\u00e2n, 6+2 ch\u00e2n v\u00e0 c\u00e1p CPU 8-ch\u00e2n d\u1ea1ng m\u00f4-\u0111un to\u00e0n ph\u1ea7n, c\u00f3 t\u1ee5 \u0111i\u1ec7n t\u00edch h\u1ee3p \u0111\u1ec3 gi\u1ea3m hi\u1ec7n t\u01b0\u1ee3ng nhi\u1ec5u xung \u0111i\u1ec7n \u00e1p.<\/p>\n<\/div>\n","protected":false},"excerpt":{"rendered":"<p class=\"title font-weight-600\"><strong>Th\u00f4ng s\u1ed1 s\u1ea3n ph\u1ea3m:<\/strong><\/p>\n<ul id=\"js-summary\" class=\"list-product-summary active\">\n<li class=\"item\">C\u00f4ng su\u1ea5t: 850W<\/li>\n<li class=\"item\">Ch\u1ee9ng nh\u1eadn: 80 Plus Gold<\/li>\n<li class=\"item\">Chu\u1ea9n ngu\u1ed3n: ATX 12V<\/li>\n<li class=\"item\">K\u00edch th\u01b0\u1edbc: 16 x 15 x 8.6 cm<\/li>\n<li class=\"item\">C\u00e1p k\u1ebft n\u1ed1i: MB 24\/20-pin x 1\/CPU 4+4-pin x 2\/PCI-E 6+2-pin x 6\/SATA x 8\/C\u00c1P CHO THI\u1ebeT B\u1eca NGO\u1ea0I VI x 6<\/li>\n<\/ul>\n","protected":false},"featured_media":1767,"comment_status":"open","ping_status":"closed","template":"","meta":{"_acf_changed":false},"product_brand":[],"product_cat":[92],"product_tag":[96,82,87,97,93,94,83,95],"class_list":{"0":"post-1698","1":"product","2":"type-product","3":"status-publish","4":"has-post-thumbnail","6":"product_cat-psu-nguon-may-tinh","7":"product_tag-850w","8":"product_tag-asus","9":"product_tag-black","10":"product_tag-gold","11":"product_tag-nguon","12":"product_tag-psu","13":"product_tag-rog","14":"product_tag-rog-strix","16":"first","17":"instock","18":"sale","19":"featured","20":"shipping-taxable","21":"purchasable","22":"product-type-simple"},"acf":[],"jetpack_sharing_enabled":true,"_links":{"self":[{"href":"https:\/\/thanglongcomputer.vn\/index.php?rest_route=\/wp\/v2\/product\/1698","targetHints":{"allow":["GET"]}}],"collection":[{"href":"https:\/\/thanglongcomputer.vn\/index.php?rest_route=\/wp\/v2\/product"}],"about":[{"href":"https:\/\/thanglongcomputer.vn\/index.php?rest_route=\/wp\/v2\/types\/product"}],"replies":[{"embeddable":true,"href":"https:\/\/thanglongcomputer.vn\/index.php?rest_route=%2Fwp%2Fv2%2Fcomments&post=1698"}],"wp:featuredmedia":[{"embeddable":true,"href":"https:\/\/thanglongcomputer.vn\/index.php?rest_route=\/wp\/v2\/media\/1767"}],"wp:attachment":[{"href":"https:\/\/thanglongcomputer.vn\/index.php?rest_route=%2Fwp%2Fv2%2Fmedia&parent=1698"}],"wp:term":[{"taxonomy":"product_brand","embeddable":true,"href":"https:\/\/thanglongcomputer.vn\/index.php?rest_route=%2Fwp%2Fv2%2Fproduct_brand&post=1698"},{"taxonomy":"product_cat","embeddable":true,"href":"https:\/\/thanglongcomputer.vn\/index.php?rest_route=%2Fwp%2Fv2%2Fproduct_cat&post=1698"},{"taxonomy":"product_tag","embeddable":true,"href":"https:\/\/thanglongcomputer.vn\/index.php?rest_route=%2Fwp%2Fv2%2Fproduct_tag&post=1698"}],"curies":[{"name":"wp","href":"https:\/\/api.w.org\/{rel}","templated":true}]}}