{"id":1647,"date":"2025-02-14T08:54:15","date_gmt":"2025-02-14T01:54:15","guid":{"rendered":"https:\/\/thanglongcomputer.vn\/?post_type=product&#038;p=1647"},"modified":"2025-02-14T09:01:37","modified_gmt":"2025-02-14T02:01:37","slug":"vo-case-asus-a21-micro-atx-black","status":"publish","type":"product","link":"https:\/\/thanglongcomputer.vn\/?product=vo-case-asus-a21-micro-atx-black","title":{"rendered":"V\u1ece CASE ASUS A21 MICRO-ATX Black"},"content":{"rendered":"<h2 class=\"titlle-descreption font-weight-500\">Gi\u1edbi thi\u1ec7u V\u1ecf Case ASUS A21 Black (M-ATX, M\u00e0u \u0110en)<\/h2>\n<p><img decoding=\"async\" src=\"https:\/\/nguyencongpc.vn\/media\/lib\/29-02-2024\/asus-a21-color-1.png\" \/><\/p>\n<div id=\"text-1756392977\" class=\"text\">\n<h2 class=\"reveal\" data-delay=\".25\" data-trigger=\".hd-scroller\">KH\u1ea2 N\u0102NG T\u01af\u01a0NG TH\u00cdCH R\u1ed8NG<\/h2>\n<\/div>\n<div id=\"text-1867344400\" class=\"text\">\n<p>M\u1eb7c d\u00f9 l\u00e0 m\u1ed9t v\u1ecf m\u00e1y micro-ATX, A21 v\u1eabn h\u1ed7 tr\u1ee3 b\u1ed9 t\u1ea3n nhi\u1ec7t l\u00ean \u0111\u1ebfn 360 mm, card \u0111\u1ed3 h\u1ecda c\u00f3 chi\u1ec1u d\u00e0i l\u00ean \u0111\u1ebfn 380 mm v\u00e0 b\u1ed9 l\u00e0m m\u00e1t kh\u00f4ng kh\u00ed cho CPU c\u00f3 chi\u1ec1u cao l\u00ean \u0111\u1ebfn 165 mm, mang \u0111\u1ebfn nhi\u1ec1u t\u00f9y ch\u1ecdn l\u1eafp r\u00e1p PC ti\u1ebfp theo cho ng\u01b0\u1eddi d\u00f9ng.<\/p>\n<p><img decoding=\"async\" src=\"https:\/\/nguyencongpc.vn\/media\/lib\/29-02-2024\/asus-a21-spec-1.png\" \/><\/p>\n<div id=\"text-3708824298\" class=\"text\">\n<h2 class=\"reveal\" data-delay=\".25\" data-trigger=\".hd-scroller\">T\u1ea2N NHI\u1ec6T HI\u1ec6U QU\u1ea2<\/h2>\n<\/div>\n<div id=\"text-2199443653\" class=\"text\">\n<p>L\u1edbp v\u1ea3i l\u01b0\u1edbi tr\u01b0\u1edbc c\u1ee7a A21 c\u00f3 40% x\u1ed1p \u0111\u1ec3 t\u1ed1i \u0111a h\u00f3a s\u1ef1 c\u00e2n b\u1eb1ng gi\u1eefa l\u01b0u th\u00f4ng kh\u00f4ng kh\u00ed, l\u1ecdc b\u1ee5i v\u00e0 hi\u1ec3n th\u1ecb RGB. Ng\u01b0\u1eddi d\u00f9ng c\u00f3 th\u1ec3 th\u00eam t\u1ed1i \u0111a ba qu\u1ea1t 120 mm v\u00e0o ph\u1ea7n n\u00e0y c\u1ee7a b\u1ea3n d\u1ef1ng \u0111\u1ec3 qu\u1ea3n l\u00fd nhi\u1ec7t \u0111\u1ed9 h\u1ec7 th\u1ed1ng m\u1ed9t c\u00e1ch \u0111\u00e1ng tin c\u1eady.<\/p>\n<p><img decoding=\"async\" src=\"https:\/\/nguyencongpc.vn\/media\/lib\/29-02-2024\/asus-a21-spec-2.png\" \/><\/p>\n<div id=\"text-100646129\" class=\"text\">\n<h2 class=\"reveal\" data-delay=\".25\" data-trigger=\".hd-scroller\">QU\u1ea2N L\u00dd D\u00c2Y C\u00c1P \u0110\u1ea6Y \u0110\u1ee6<\/h2>\n<\/div>\n<div id=\"text-456361792\" class=\"text\">\n<p>A21 c\u00f3 m\u1ed9t ng\u0103n ph\u00eda sau bo m\u1ea1ch ch\u1ee7 r\u1ed9ng 33 mm \u0111\u1ec3 gi\u1eef cho h\u1ec7 th\u1ed1ng d\u00e2y \u0111i\u1ec7n c\u1ee7a b\u1ea1n \u0111\u01b0\u1ee3c c\u1ea5t g\u1ecdn g\u00e0ng v\u00e0 ng\u0103n n\u1eafp.<\/p>\n<p><img decoding=\"async\" src=\"https:\/\/nguyencongpc.vn\/media\/lib\/29-02-2024\/asus-a21-cable.png\" \/><\/p>\n<div id=\"text-2369426507\" class=\"text\">\n<h2 class=\"reveal\" data-delay=\".25\" data-trigger=\".hd-scroller\">THI\u1ebeT K\u1ebe PH\u1ed0I M\u00c0U H\u00c0I H\u00d2A<\/h2>\n<\/div>\n<div id=\"text-1071515817\" class=\"text\">\n<p>C\u1ea3 hai phi\u00ean b\u1ea3n c\u1ee7a A21 \u0111\u1ec1u \u0111i k\u00e8m v\u1edbi d\u00e2y I\/O n\u1ed9i b\u1ed9 ph\u1ed1i m\u00e0u \u0111en ho\u1eb7c m\u00e0u tr\u1eafng , t\u01b0\u01a1ng th\u00edch v\u1edbi ch\u1ee7 \u0111\u1ec1 l\u1eafp r\u00e1p c\u1ee7a b\u1ea1n.<\/p>\n<p><img decoding=\"async\" src=\"https:\/\/nguyencongpc.vn\/media\/lib\/29-02-2024\/asus-a21-color-2.png\" \/><\/p>\n<\/div>\n<\/div>\n<\/div>\n<\/div>\n","protected":false},"excerpt":{"rendered":"<div id=\"js-pd-summary\" class=\"pd-summary-group active\">\n<p class=\"group-title\"><strong>Th\u00f4ng s\u1ed1 s\u1ea3n ph\u1ea9m:<\/strong><\/p>\n<div>\n<ul>\n<li>Kh\u1ea3 n\u0103ng t\u01b0\u01a1ng th\u00edch r\u1ed9ng: A21 h\u1ed7 tr\u1ee3 b\u1ed9 t\u1ea3n nhi\u1ec7t l\u00ean \u0111\u1ebfn 360 mm, card \u0111\u1ed3 h\u1ecda c\u00f3 chi\u1ec1u d\u00e0i l\u00ean \u0111\u1ebfn 380 mm v\u00e0 b\u1ed9 t\u1ea3n nhi\u1ec7t kh\u00f4ng kh\u00ed cho CPU c\u00f3 chi\u1ec1u cao l\u00ean \u0111\u1ebfn 165 mm.<\/li>\n<li>T\u1ea3n nhi\u1ec7t hi\u1ec7u qu\u1ea3: L\u1edbp v\u1ea3i l\u01b0\u1edbi tr\u01b0\u1edbc c\u1ee7a A21 c\u00f3 40% x\u1ed1p \u0111\u1ec3 t\u1ed1i \u0111a h\u00f3a s\u1ef1 c\u00e2n b\u1eb1ng gi\u1eefa l\u01b0u th\u00f4ng kh\u00f4ng kh\u00ed, l\u1ecdc b\u1ee5i v\u00e0 hi\u1ec3n th\u1ecb RGB.<\/li>\n<li>Qu\u1ea3n l\u00fd d\u00e2y c\u00e1p \u0111\u1ea7y \u0111\u1ee7: A21 c\u00f3 m\u1ed9t ng\u0103n ph\u00eda sau bo m\u1ea1ch ch\u1ee7 r\u1ed9ng 33 mm \u0111\u1ec3 gi\u1eef cho h\u1ec7 th\u1ed1ng d\u00e2y \u0111i\u1ec7n c\u1ee7a b\u1ea1n \u0111\u01b0\u1ee3c c\u1ea5t g\u1ecdn g\u00e0ng v\u00e0 ng\u0103n n\u1eafp.<\/li>\n<\/ul>\n<\/div>\n<\/div>\n","protected":false},"featured_media":1652,"comment_status":"open","ping_status":"closed","template":"","meta":{"_acf_changed":false},"product_brand":[],"product_cat":[80],"product_tag":[82,87,86,83,81],"class_list":{"0":"post-1647","1":"product","2":"type-product","3":"status-publish","4":"has-post-thumbnail","6":"product_cat-case-thung-may","7":"product_tag-asus","8":"product_tag-black","9":"product_tag-micro","10":"product_tag-rog","11":"product_tag-vocase","13":"first","14":"instock","15":"sale","16":"featured","17":"shipping-taxable","18":"purchasable","19":"product-type-simple"},"acf":[],"jetpack_sharing_enabled":true,"_links":{"self":[{"href":"https:\/\/thanglongcomputer.vn\/index.php?rest_route=\/wp\/v2\/product\/1647","targetHints":{"allow":["GET"]}}],"collection":[{"href":"https:\/\/thanglongcomputer.vn\/index.php?rest_route=\/wp\/v2\/product"}],"about":[{"href":"https:\/\/thanglongcomputer.vn\/index.php?rest_route=\/wp\/v2\/types\/product"}],"replies":[{"embeddable":true,"href":"https:\/\/thanglongcomputer.vn\/index.php?rest_route=%2Fwp%2Fv2%2Fcomments&post=1647"}],"wp:featuredmedia":[{"embeddable":true,"href":"https:\/\/thanglongcomputer.vn\/index.php?rest_route=\/wp\/v2\/media\/1652"}],"wp:attachment":[{"href":"https:\/\/thanglongcomputer.vn\/index.php?rest_route=%2Fwp%2Fv2%2Fmedia&parent=1647"}],"wp:term":[{"taxonomy":"product_brand","embeddable":true,"href":"https:\/\/thanglongcomputer.vn\/index.php?rest_route=%2Fwp%2Fv2%2Fproduct_brand&post=1647"},{"taxonomy":"product_cat","embeddable":true,"href":"https:\/\/thanglongcomputer.vn\/index.php?rest_route=%2Fwp%2Fv2%2Fproduct_cat&post=1647"},{"taxonomy":"product_tag","embeddable":true,"href":"https:\/\/thanglongcomputer.vn\/index.php?rest_route=%2Fwp%2Fv2%2Fproduct_tag&post=1647"}],"curies":[{"name":"wp","href":"https:\/\/api.w.org\/{rel}","templated":true}]}}