{"id":1508,"date":"2021-07-14T15:03:15","date_gmt":"2021-07-14T08:03:15","guid":{"rendered":"http:\/\/hb997.giaodienwebsite.top\/?post_type=product&#038;p=1508"},"modified":"2025-02-14T09:01:39","modified_gmt":"2025-02-14T02:01:39","slug":"vo-case-asus-rog-strix-helios-gx601-eva-edition","status":"publish","type":"product","link":"https:\/\/thanglongcomputer.vn\/?product=vo-case-asus-rog-strix-helios-gx601-eva-edition","title":{"rendered":"V\u1ecf Case ASUS ROG STRIX HELIOS GX601 &#8211; EVA EDITION"},"content":{"rendered":"<p class=\"group-title\">Th\u00f4ng s\u1ed1 s\u1ea3n ph\u1ea9m<\/p>\n<div>\n<div class=\"item\">Thi\u1ebft k\u1ebf &amp; th\u1ea9m m\u1ef9 cao c\u1ea5p: \u0110\u01b0\u1ee3c thi\u1ebft k\u1ebf cho c\u00e1c gi\u00e0n m\u00e1y tr\u01b0ng b\u00e0y v\u1edbi ba t\u1ea5m k\u00ednh c\u01b0\u1eddng l\u1ef1c, khung nh\u00f4m m\u1ea1 v\u00e0 t\u00edch h\u1ee3p \u0111\u00e8n Aura Sync m\u1eb7t tr\u01b0\u1edbc<\/div>\n<div class=\"item\">S\u1ef1 ng\u0103n n\u1eafp gi\u00fap l\u1eafp \u0111\u1eb7t thu\u1eadn ti\u1ec7n: N\u1eafp \u0111a n\u0103ng v\u1edbi c\u00e1c gi\u00e1 \u0111\u1ee1 c\u1ea1c \u0111\u1ed3 h\u1ecda, m\u1ed9t v\u1ecf b\u1ea3o v\u1ec7 PSU v\u00e0 m\u1ed9t n\u1eafp c\u00e1p ph\u00eda sau m\u1edd gi\u00fap qu\u1ea3n l\u00fd c\u00e1p d\u1ec5 d\u00e0ng<\/div>\n<div class=\"item\">Gi\u00e1 \u0111\u1ee1 GPU \u0111a n\u0103ng: L\u1eafp ba c\u1ea1c \u0111\u1ed3 h\u1ecda theo h\u01b0\u1edbng ti\u00eau chu\u1ea9n ho\u1eb7c hai theo h\u01b0\u1edbng th\u1eb3ng \u0111\u1ee9ng \u0111\u1ec3 c\u00f3 th\u00eam g\u1edd tr\u01b0ng b\u00e0y b\u1eb1ng c\u00e1ch s\u1eed d\u1ee5ng gi\u00e1 \u0111\u1ee1 t\u00edch h\u1ee3p<\/div>\n<div class=\"item\">S\u1eb5n s\u00e0ng l\u00e0m m\u00e1t c\u01b0\u1eddng \u0111\u1ed9 cao: H\u1ed7 tr\u1ee3 bo m\u1ea1ch ch\u1ee7 EATX v\u1edbi kho\u1ea3ng tr\u1ed1ng cho l\u1eafp radiator t\u1ea3n nhi\u1ec7t n\u01b0\u1edbc 420mm ph\u00eda tr\u01b0\u1edbc, b\u01a1m l\u00e0m m\u00e1t b\u1eb1ng n\u01b0\u1edbc v\u00e0 b\u00ecnh ch\u1ee9a n\u01b0\u1edbc<\/div>\n<div class=\"item\">Tay c\u1ea7m v\u1ecf case tho\u1ea3i m\u00e1i: D\u1ec5 d\u00e0ng mang theo c\u1ed7 m\u00e1y qu\u00fd gi\u00e1 c\u1ee7a b\u1ea1n \u0111\u1ebfn m\u1ecdi n\u01a1i trong m\u1ea1ng LAN b\u1eb1ng c\u00e1c tay c\u1ea7m b\u1ecdc v\u1ea3i \u0111\u01b0\u1ee3c thi\u1ebft k\u1ebf c\u00f4ng th\u00e1i h\u1ecdc v\u00e0 ki\u1ec3u c\u00e1ch<\/div>\n<div class=\"item\">B\u1ea3ng I\/O c\u1ea3i ti\u1ebfn: C\u1ed5ng USB 3.1 Gen 2 Type-C\u2122, b\u1ed1n c\u1ed5ng USB 3.0, m\u1ed9t n\u00fat \u0111i\u1ec1u khi\u1ec3n \u0111\u00e8n RGB v\u00e0 n\u00fat \u0111i\u1ec1u khi\u1ec3n t\u1ed1c \u0111\u1ed9 qu\u1ea1t<\/div>\n<div class=\"item\">Phi\u00ean b\u1ea3n \u0111\u1eb7c bi\u1ec7t EVA EDITION<\/div>\n<div><img loading=\"lazy\" decoding=\"async\" class=\"alignnone size-medium wp-image-1619\" src=\"https:\/\/thanglongcomputer.vn\/wp-content\/uploads\/2021\/07\/asus-rog-helios-eva-image-01-300x300.jpg\" alt=\"\" width=\"300\" height=\"300\" srcset=\"https:\/\/thanglongcomputer.vn\/wp-content\/uploads\/2021\/07\/asus-rog-helios-eva-image-01-300x300.jpg 300w, https:\/\/thanglongcomputer.vn\/wp-content\/uploads\/2021\/07\/asus-rog-helios-eva-image-01-1024x1024.jpg 1024w, https:\/\/thanglongcomputer.vn\/wp-content\/uploads\/2021\/07\/asus-rog-helios-eva-image-01-150x150.jpg 150w, https:\/\/thanglongcomputer.vn\/wp-content\/uploads\/2021\/07\/asus-rog-helios-eva-image-01-768x768.jpg 768w, https:\/\/thanglongcomputer.vn\/wp-content\/uploads\/2021\/07\/asus-rog-helios-eva-image-01-1536x1536.jpg 1536w, https:\/\/thanglongcomputer.vn\/wp-content\/uploads\/2021\/07\/asus-rog-helios-eva-image-01-168x168.jpg 168w, https:\/\/thanglongcomputer.vn\/wp-content\/uploads\/2021\/07\/asus-rog-helios-eva-image-01-510x510.jpg 510w, https:\/\/thanglongcomputer.vn\/wp-content\/uploads\/2021\/07\/asus-rog-helios-eva-image-01-100x100.jpg 100w, https:\/\/thanglongcomputer.vn\/wp-content\/uploads\/2021\/07\/asus-rog-helios-eva-image-01.jpg 2000w\" sizes=\"auto, (max-width: 300px) 100vw, 300px\" \/><\/div>\n<div><img loading=\"lazy\" decoding=\"async\" class=\"alignnone size-medium wp-image-1620\" src=\"https:\/\/thanglongcomputer.vn\/wp-content\/uploads\/2021\/07\/asus-rog-helios-eva-image-02-300x300.jpg\" alt=\"\" width=\"300\" height=\"300\" srcset=\"https:\/\/thanglongcomputer.vn\/wp-content\/uploads\/2021\/07\/asus-rog-helios-eva-image-02-300x300.jpg 300w, https:\/\/thanglongcomputer.vn\/wp-content\/uploads\/2021\/07\/asus-rog-helios-eva-image-02-1024x1024.jpg 1024w, https:\/\/thanglongcomputer.vn\/wp-content\/uploads\/2021\/07\/asus-rog-helios-eva-image-02-150x150.jpg 150w, https:\/\/thanglongcomputer.vn\/wp-content\/uploads\/2021\/07\/asus-rog-helios-eva-image-02-768x768.jpg 768w, https:\/\/thanglongcomputer.vn\/wp-content\/uploads\/2021\/07\/asus-rog-helios-eva-image-02-1536x1536.jpg 1536w, https:\/\/thanglongcomputer.vn\/wp-content\/uploads\/2021\/07\/asus-rog-helios-eva-image-02-168x168.jpg 168w, https:\/\/thanglongcomputer.vn\/wp-content\/uploads\/2021\/07\/asus-rog-helios-eva-image-02-510x510.jpg 510w, https:\/\/thanglongcomputer.vn\/wp-content\/uploads\/2021\/07\/asus-rog-helios-eva-image-02-100x100.jpg 100w, https:\/\/thanglongcomputer.vn\/wp-content\/uploads\/2021\/07\/asus-rog-helios-eva-image-02.jpg 2000w\" sizes=\"auto, (max-width: 300px) 100vw, 300px\" \/><\/div>\n<div><\/div>\n<div>\u00a0<img loading=\"lazy\" decoding=\"async\" class=\"alignnone size-medium wp-image-1622\" src=\"https:\/\/thanglongcomputer.vn\/wp-content\/uploads\/2021\/07\/asus-rog-helios-eva-image-04-300x300.jpg\" alt=\"\" width=\"300\" height=\"300\" srcset=\"https:\/\/thanglongcomputer.vn\/wp-content\/uploads\/2021\/07\/asus-rog-helios-eva-image-04-300x300.jpg 300w, https:\/\/thanglongcomputer.vn\/wp-content\/uploads\/2021\/07\/asus-rog-helios-eva-image-04-1024x1024.jpg 1024w, https:\/\/thanglongcomputer.vn\/wp-content\/uploads\/2021\/07\/asus-rog-helios-eva-image-04-150x150.jpg 150w, https:\/\/thanglongcomputer.vn\/wp-content\/uploads\/2021\/07\/asus-rog-helios-eva-image-04-768x768.jpg 768w, https:\/\/thanglongcomputer.vn\/wp-content\/uploads\/2021\/07\/asus-rog-helios-eva-image-04-1536x1536.jpg 1536w, https:\/\/thanglongcomputer.vn\/wp-content\/uploads\/2021\/07\/asus-rog-helios-eva-image-04-168x168.jpg 168w, https:\/\/thanglongcomputer.vn\/wp-content\/uploads\/2021\/07\/asus-rog-helios-eva-image-04-510x510.jpg 510w, https:\/\/thanglongcomputer.vn\/wp-content\/uploads\/2021\/07\/asus-rog-helios-eva-image-04-100x100.jpg 100w, https:\/\/thanglongcomputer.vn\/wp-content\/uploads\/2021\/07\/asus-rog-helios-eva-image-04.jpg 2000w\" sizes=\"auto, (max-width: 300px) 100vw, 300px\" \/><\/div>\n<div><img loading=\"lazy\" decoding=\"async\" class=\"alignnone size-medium wp-image-1623\" src=\"https:\/\/thanglongcomputer.vn\/wp-content\/uploads\/2021\/07\/asus-rog-helios-eva-image-05-300x300.jpg\" alt=\"\" width=\"300\" height=\"300\" srcset=\"https:\/\/thanglongcomputer.vn\/wp-content\/uploads\/2021\/07\/asus-rog-helios-eva-image-05-300x300.jpg 300w, https:\/\/thanglongcomputer.vn\/wp-content\/uploads\/2021\/07\/asus-rog-helios-eva-image-05-1024x1024.jpg 1024w, https:\/\/thanglongcomputer.vn\/wp-content\/uploads\/2021\/07\/asus-rog-helios-eva-image-05-150x150.jpg 150w, https:\/\/thanglongcomputer.vn\/wp-content\/uploads\/2021\/07\/asus-rog-helios-eva-image-05-768x768.jpg 768w, https:\/\/thanglongcomputer.vn\/wp-content\/uploads\/2021\/07\/asus-rog-helios-eva-image-05-1536x1536.jpg 1536w, https:\/\/thanglongcomputer.vn\/wp-content\/uploads\/2021\/07\/asus-rog-helios-eva-image-05-168x168.jpg 168w, https:\/\/thanglongcomputer.vn\/wp-content\/uploads\/2021\/07\/asus-rog-helios-eva-image-05-510x510.jpg 510w, https:\/\/thanglongcomputer.vn\/wp-content\/uploads\/2021\/07\/asus-rog-helios-eva-image-05-100x100.jpg 100w, https:\/\/thanglongcomputer.vn\/wp-content\/uploads\/2021\/07\/asus-rog-helios-eva-image-05.jpg 2000w\" sizes=\"auto, (max-width: 300px) 100vw, 300px\" \/><\/div>\n<\/div>\n","protected":false},"excerpt":{"rendered":"<p>Th\u00f4ng s\u1ed1 s\u1ea3n ph\u1ea9m Thi\u1ebft k\u1ebf &amp; th\u1ea9m m\u1ef9 cao c\u1ea5p: \u0110\u01b0\u1ee3c thi\u1ebft k\u1ebf cho c\u00e1c gi\u00e0n m\u00e1y tr\u01b0ng b\u00e0y v\u1edbi ba t\u1ea5m k\u00ednh c\u01b0\u1eddng l\u1ef1c, khung nh\u00f4m m\u1ea1 v\u00e0 t\u00edch h\u1ee3p \u0111\u00e8n Aura Sync m\u1eb7t tr\u01b0\u1edbc S\u1ef1 ng\u0103n n\u1eafp gi\u00fap l\u1eafp \u0111\u1eb7t thu\u1eadn ti\u1ec7n: N\u1eafp \u0111a n\u0103ng v\u1edbi c\u00e1c gi\u00e1 \u0111\u1ee1 c\u1ea1c \u0111\u1ed3 h\u1ecda, &#8230;<\/p>\n","protected":false},"featured_media":1629,"comment_status":"open","ping_status":"closed","template":"","meta":{"_acf_changed":false},"product_brand":[],"product_cat":[80],"product_tag":[],"class_list":{"0":"post-1508","1":"product","2":"type-product","3":"status-publish","4":"has-post-thumbnail","6":"product_cat-case-thung-may","8":"first","9":"instock","10":"sale","11":"featured","12":"shipping-taxable","13":"purchasable","14":"product-type-simple"},"acf":[],"jetpack_sharing_enabled":true,"_links":{"self":[{"href":"https:\/\/thanglongcomputer.vn\/index.php?rest_route=\/wp\/v2\/product\/1508","targetHints":{"allow":["GET"]}}],"collection":[{"href":"https:\/\/thanglongcomputer.vn\/index.php?rest_route=\/wp\/v2\/product"}],"about":[{"href":"https:\/\/thanglongcomputer.vn\/index.php?rest_route=\/wp\/v2\/types\/product"}],"replies":[{"embeddable":true,"href":"https:\/\/thanglongcomputer.vn\/index.php?rest_route=%2Fwp%2Fv2%2Fcomments&post=1508"}],"wp:featuredmedia":[{"embeddable":true,"href":"https:\/\/thanglongcomputer.vn\/index.php?rest_route=\/wp\/v2\/media\/1629"}],"wp:attachment":[{"href":"https:\/\/thanglongcomputer.vn\/index.php?rest_route=%2Fwp%2Fv2%2Fmedia&parent=1508"}],"wp:term":[{"taxonomy":"product_brand","embeddable":true,"href":"https:\/\/thanglongcomputer.vn\/index.php?rest_route=%2Fwp%2Fv2%2Fproduct_brand&post=1508"},{"taxonomy":"product_cat","embeddable":true,"href":"https:\/\/thanglongcomputer.vn\/index.php?rest_route=%2Fwp%2Fv2%2Fproduct_cat&post=1508"},{"taxonomy":"product_tag","embeddable":true,"href":"https:\/\/thanglongcomputer.vn\/index.php?rest_route=%2Fwp%2Fv2%2Fproduct_tag&post=1508"}],"curies":[{"name":"wp","href":"https:\/\/api.w.org\/{rel}","templated":true}]}}