{"id":1506,"date":"2021-07-14T15:02:31","date_gmt":"2021-07-14T08:02:31","guid":{"rendered":"http:\/\/hb997.giaodienwebsite.top\/?post_type=product&#038;p=1506"},"modified":"2025-02-14T09:01:42","modified_gmt":"2025-02-14T02:01:42","slug":"vo-case-asus-rog-strix-gr701-hyperion-eva-edition","status":"publish","type":"product","link":"https:\/\/thanglongcomputer.vn\/?product=vo-case-asus-rog-strix-gr701-hyperion-eva-edition","title":{"rendered":"V\u1ecf Case ASUS ROG Strix GR701 Hyperion EVA Edition"},"content":{"rendered":"<h2 class=\"titlle-descreption font-weight-500\">Gi\u1edbi thi\u1ec7u V\u1ecf Case ASUS ROG Hyperion EVA-02 Edition<\/h2>\n<div id=\"content-desc\" class=\"content-descreption-detail static-html position-relative active\">\n<p>ROG ti\u1ebfp t\u1ee5c d\u1ef1 \u00e1n EVANGELION d\u00e0nh cho game th\u1ee7 v\u1edbi thi\u1ebft k\u1ebf m\u00e1y ho\u00e0n to\u00e0n m\u1edbi xoay quanh EVA-02 v\u00e0 Asuka.\u00a0B\u1ed9 s\u01b0u t\u1eadp th\u1ee9 hai ra m\u1eaft v\u1edbi bo m\u1ea1ch ch\u1ee7, card \u0111\u1ed3 h\u1ecda, h\u1ed9p \u0111\u1ef1ng ch\u01a1i game \u0111\u1ef1ng th\u1ebb, b\u1ed9 l\u00e0m m\u00e1t t\u1ea5t c\u1ea3 trong m\u1ed9t, thi\u1ebft b\u1ecb ngo\u1ea1i vi v\u00e0 thi\u1ebft b\u1ecb.\u00a0X\u00e2y d\u1ef1ng c\u1ed7 m\u00e1y ho\u00e0n ch\u1ec9nh v\u00e0 \u0111\u1ea1t \u0111\u01b0\u1ee3c m\u1ee9c \u0111\u1ed9 \u0111\u1ed3ng b\u1ed9 h\u00f3a cao v\u1edbi Asuka.\u200b<\/p>\n<h2>X-TRA M\u1eccI TH\u1ee8\u200b &#8211;\u00a0PHI\u00caN B\u1ea2N ROG Hyperion\u00a0<small>EVA-02<\/small><\/h2>\n<p>Phi\u00ean b\u1ea3n ROG Hyperion EVA-02 c\u00f3 t\u00f4ng m\u00e0u EVA-02, v\u1edbi m\u1eb7t tr\u01b0\u1edbc \u0111\u01b0\u1ee3c s\u01a1n m\u00e0u \u0111\u1ecf, tr\u1eafng v\u00e0 xanh l\u1ee5c.\u00a0Vi\u1ec7c s\u1eed d\u1ee5ng v\u1eadt li\u1ec7u ch\u1ea5t l\u01b0\u1ee3ng cao mang l\u1ea1i cho Hyperion EVA-02 v\u1ebb ngo\u00e0i ch\u1eafc ch\u1eafn v\u00e0 b\u1ec1n b\u1ec9 v\u1edbi nh\u1eefng \u0111\u01b0\u1eddng cong b\u00f3ng b\u1ea9y v\u00e0 c\u00e1c c\u1ea1nh s\u1eafc n\u00e9t l\u1ea5y c\u1ea3m h\u1ee9ng t\u1eeb EVA-02.\u00a0H\u1ec7 th\u1ed1ng l\u00e0m m\u00e1t \u0111\u01b0\u1ee3c thi\u1ebft k\u1ebf \u0111\u1eb7c bi\u1ec7t \u0111\u1ea3m b\u1ea3o nhi\u1ec7t \u0111\u1ed9 v\u1eadn h\u00e0nh t\u1ed1i \u01b0u, \u0111\u1ed3ng th\u1eddi c\u00e1c t\u00ednh n\u0103ng qu\u1ea3n l\u00fd c\u00e1p gi\u00fap thi\u1ebft l\u1eadp g\u1ecdn g\u00e0ng.<\/p>\n<\/div>\n<p><img decoding=\"async\" src=\"https:\/\/nguyencongpc.vn\/media\/lib\/17-10-2023\/caseasusroghyperioneva-02edition.jpg\" \/><\/p>\n<ul id=\"js-summary\" class=\"list-product-summary active\">\n<li><strong>Case m\u00e1y t\u00ednh ROG Hyperion EVA-02 Edition<\/strong>\u00a0l\u00e0 m\u1ed9t s\u1ef1 k\u1ebft h\u1ee3p ho\u00e0n h\u1ea3o gi\u1eefa hi\u1ec7u n\u0103ng, thi\u1ebft k\u1ebf v\u00e0 ti\u1ec7n \u00edch. V\u1edbi kh\u1ea3 n\u0103ng h\u1ed7 tr\u1ee3 t\u1ea3n nhi\u1ec7t k\u00e9p 420mm, b\u1ed1n qu\u1ea1t 140 mm v\u00e0 trung t\u00e2m qu\u1ea1t t\u00edch h\u1ee3p, n\u00f3 mang l\u1ea1i kh\u1ea3 n\u0103ng t\u1ea3n nhi\u1ec7t c\u1ef1c l\u1edbn. Ngo\u00e0i ra, v\u1edbi gi\u00e1 \u0111\u1ee1 GPU kim lo\u1ea1i, l\u01b0u tr\u1eef linh ki\u1ec7n, s\u1ea1c nhanh 60W v\u00e0 nhi\u1ec1u t\u00ednh n\u0103ng ti\u1ec7n \u00edch kh\u00e1c,\u00a0<strong>ROG Hyperion EVA-02<\/strong>\u00a0l\u00e0 m\u1ed9t l\u1ef1a ch\u1ecdn ho\u00e0n h\u1ea3o cho nh\u1eefng ng\u01b0\u1eddi \u0111am m\u00ea x\u00e2y d\u1ef1ng m\u00e1y t\u00ednh.<\/li>\n<\/ul>\n<p><img decoding=\"async\" src=\"https:\/\/nguyencongpc.vn\/media\/lib\/17-10-2023\/screenshot_1697532081.png\" \/><img decoding=\"async\" style=\"color: #333333; font-size: 14.4px;\" src=\"https:\/\/nguyencongpc.vn\/media\/lib\/17-10-2023\/screenshot_1697532127.png\" \/><\/p>\n<p><img decoding=\"async\" src=\"https:\/\/nguyencongpc.vn\/media\/lib\/17-10-2023\/screenshot_1697532166.png\" \/><\/p>\n","protected":false},"excerpt":{"rendered":"<div id=\"js-pd-summary\" class=\"pd-summary-group active\">\n<p>Th\u00f4ng s\u1ed1 s\u1ea3n ph\u1ea9m:<\/p>\n<div>\n<ul>\n<li class=\"item\">K\u00edch th\u01b0\u1edbc si\u00eau r\u1ed9ng v\u1edbi d\u1ea1ng full tower<\/li>\n<li class=\"item\">Nh\u1eadn di\u1ec7n th\u01b0\u01a1ng hi\u1ec7u d\u1ec5 d\u00e0ng v\u1edbi logo ROG \u0111\u01b0\u1ee3c d\u1eadp n\u1ed5i \u1edf m\u1ecdi n\u01a1i<\/li>\n<li class=\"item\">Ph\u00f9 h\u1ee3p cho Mainboard k\u00edch th\u01b0\u1edbc E-ATX v\u00e0 VGA \u0111\u1ed9 d\u00e0i r\u1ed9ng l\u00ean t\u1edbi 460x130mm<\/li>\n<li class=\"item\">H\u1ed7 tr\u1ee3 Radiator 420mm x 2<\/li>\n<li class=\"item\">Trang b\u1ecb 2 c\u1ed5ng type C c\u00f4ng su\u1ea5t l\u00ean t\u1edbi 60w<\/li>\n<li class=\"item\">\u0110i k\u00e8m 4 qu\u1ea1t PWM<\/li>\n<li class=\"item\">Kh\u00f4ng gian th\u00f4ng tho\u00e1ng v\u1edbi thi\u1ebft k\u1ebf th\u00f4ng minh gi\u00fap t\u1ea3n nhi\u1ec7t hi\u1ec7u qu\u1ea3<\/li>\n<li class=\"item\">D\u1ec5 d\u00e0ng \u0111\u1ed3ng b\u1ed9 h\u1ec7 sinh th\u00e1i led AURA SYNC<\/li>\n<li class=\"item\">Phi\u00ean b\u1ea3n gi\u1edbi h\u1ea1n EVA-02<\/li>\n<\/ul>\n<\/div>\n<\/div>\n","protected":false},"featured_media":1644,"comment_status":"open","ping_status":"closed","template":"","meta":{"_acf_changed":false},"product_brand":[],"product_cat":[80],"product_tag":[82,84,83,81],"class_list":{"0":"post-1506","1":"product","2":"type-product","3":"status-publish","4":"has-post-thumbnail","6":"product_cat-case-thung-may","7":"product_tag-asus","8":"product_tag-hyperion","9":"product_tag-rog","10":"product_tag-vocase","12":"first","13":"instock","14":"sale","15":"featured","16":"shipping-taxable","17":"purchasable","18":"product-type-simple"},"acf":[],"jetpack_sharing_enabled":true,"_links":{"self":[{"href":"https:\/\/thanglongcomputer.vn\/index.php?rest_route=\/wp\/v2\/product\/1506","targetHints":{"allow":["GET"]}}],"collection":[{"href":"https:\/\/thanglongcomputer.vn\/index.php?rest_route=\/wp\/v2\/product"}],"about":[{"href":"https:\/\/thanglongcomputer.vn\/index.php?rest_route=\/wp\/v2\/types\/product"}],"replies":[{"embeddable":true,"href":"https:\/\/thanglongcomputer.vn\/index.php?rest_route=%2Fwp%2Fv2%2Fcomments&post=1506"}],"wp:featuredmedia":[{"embeddable":true,"href":"https:\/\/thanglongcomputer.vn\/index.php?rest_route=\/wp\/v2\/media\/1644"}],"wp:attachment":[{"href":"https:\/\/thanglongcomputer.vn\/index.php?rest_route=%2Fwp%2Fv2%2Fmedia&parent=1506"}],"wp:term":[{"taxonomy":"product_brand","embeddable":true,"href":"https:\/\/thanglongcomputer.vn\/index.php?rest_route=%2Fwp%2Fv2%2Fproduct_brand&post=1506"},{"taxonomy":"product_cat","embeddable":true,"href":"https:\/\/thanglongcomputer.vn\/index.php?rest_route=%2Fwp%2Fv2%2Fproduct_cat&post=1506"},{"taxonomy":"product_tag","embeddable":true,"href":"https:\/\/thanglongcomputer.vn\/index.php?rest_route=%2Fwp%2Fv2%2Fproduct_tag&post=1506"}],"curies":[{"name":"wp","href":"https:\/\/api.w.org\/{rel}","templated":true}]}}