{"id":1504,"date":"2021-07-14T15:01:48","date_gmt":"2021-07-14T08:01:48","guid":{"rendered":"http:\/\/hb997.giaodienwebsite.top\/?post_type=product&#038;p=1504"},"modified":"2025-02-14T09:01:45","modified_gmt":"2025-02-14T02:01:45","slug":"vo-case-asus-rog-hyperion-gr701-white","status":"publish","type":"product","link":"https:\/\/thanglongcomputer.vn\/?product=vo-case-asus-rog-hyperion-gr701-white","title":{"rendered":"V\u1ecf Case ASUS ROG Hyperion GR701 WHITE"},"content":{"rendered":"<div style=\"width: 1020px;\" class=\"wp-video\"><!--[if lt IE 9]><script>document.createElement('video');<\/script><![endif]-->\n<video class=\"wp-video-shortcode\" id=\"video-1504-1\" width=\"1020\" height=\"574\" preload=\"metadata\" controls=\"controls\"><source type=\"video\/webm\" src=\"https:\/\/thanglongcomputer.vn\/wp-content\/uploads\/2021\/07\/ALL-ROG-WHITE-HYPERION-GR701-WHITE-INTEL-I9-13900KS-RTX-4090-WHITE-MAXIMUS-Z790-APEX.webm?_=1\" \/><a href=\"https:\/\/thanglongcomputer.vn\/wp-content\/uploads\/2021\/07\/ALL-ROG-WHITE-HYPERION-GR701-WHITE-INTEL-I9-13900KS-RTX-4090-WHITE-MAXIMUS-Z790-APEX.webm\">https:\/\/thanglongcomputer.vn\/wp-content\/uploads\/2021\/07\/ALL-ROG-WHITE-HYPERION-GR701-WHITE-INTEL-I9-13900KS-RTX-4090-WHITE-MAXIMUS-Z790-APEX.webm<\/a><\/video><\/div>\n","protected":false},"excerpt":{"rendered":"<div id=\"js-pd-summary\" class=\"pd-summary-group active\">\n<p class=\"group-title\"><strong>Th\u00f4ng s\u1ed1 s\u1ea3n ph\u1ea9m:<\/strong><\/p>\n<div>\n<ul>\n<li class=\"item\">K\u00edch th\u01b0\u1edbc si\u00eau r\u1ed9ng v\u1edbi d\u1ea1ng full tower<\/li>\n<li class=\"item\">Nh\u1eadn di\u1ec7n th\u01b0\u01a1ng hi\u1ec7u d\u1ec5 d\u00e0ng v\u1edbi logo ROG \u0111\u01b0\u1ee3c d\u1eadp n\u1ed5i \u1edf m\u1ecdi n\u01a1i<\/li>\n<li class=\"item\">Ph\u00f9 h\u1ee3p cho Mainboard k\u00edch th\u01b0\u1edbc E-ATX v\u00e0 VGA \u0111\u1ed9 d\u00e0i r\u1ed9ng l\u00ean t\u1edbi 460x130mm<\/li>\n<li class=\"item\">H\u1ed7 tr\u1ee3 Radiator 420mm x 2<\/li>\n<li class=\"item\">Trang b\u1ecb 2 c\u1ed5ng type C c\u00f4ng su\u1ea5t l\u00ean t\u1edbi 60w<\/li>\n<li class=\"item\">\u0110i k\u00e8m 4 qu\u1ea1t PWM<\/li>\n<li class=\"item\">Kh\u00f4ng gian th\u00f4ng tho\u00e1ng v\u1edbi thi\u1ebft k\u1ebf th\u00f4ng minh gi\u00fap t\u1ea3n nhi\u1ec7t hi\u1ec7u qu\u1ea3<\/li>\n<li class=\"item\">D\u1ec5 d\u00e0ng \u0111\u1ed3ng b\u1ed9 h\u1ec7 sinh th\u00e1i led AURA SYNC<\/li>\n<\/ul>\n<\/div>\n<\/div>\n<div class=\"pd-variant-group\"><\/div>\n","protected":false},"featured_media":1638,"comment_status":"open","ping_status":"closed","template":"","meta":{"_acf_changed":false},"product_brand":[],"product_cat":[80],"product_tag":[82,83,81,85],"class_list":{"0":"post-1504","1":"product","2":"type-product","3":"status-publish","4":"has-post-thumbnail","6":"product_cat-case-thung-may","7":"product_tag-asus","8":"product_tag-rog","9":"product_tag-vocase","10":"product_tag-white","12":"first","13":"instock","14":"sale","15":"featured","16":"shipping-taxable","17":"purchasable","18":"product-type-simple"},"acf":[],"jetpack_sharing_enabled":true,"_links":{"self":[{"href":"https:\/\/thanglongcomputer.vn\/index.php?rest_route=\/wp\/v2\/product\/1504","targetHints":{"allow":["GET"]}}],"collection":[{"href":"https:\/\/thanglongcomputer.vn\/index.php?rest_route=\/wp\/v2\/product"}],"about":[{"href":"https:\/\/thanglongcomputer.vn\/index.php?rest_route=\/wp\/v2\/types\/product"}],"replies":[{"embeddable":true,"href":"https:\/\/thanglongcomputer.vn\/index.php?rest_route=%2Fwp%2Fv2%2Fcomments&post=1504"}],"wp:featuredmedia":[{"embeddable":true,"href":"https:\/\/thanglongcomputer.vn\/index.php?rest_route=\/wp\/v2\/media\/1638"}],"wp:attachment":[{"href":"https:\/\/thanglongcomputer.vn\/index.php?rest_route=%2Fwp%2Fv2%2Fmedia&parent=1504"}],"wp:term":[{"taxonomy":"product_brand","embeddable":true,"href":"https:\/\/thanglongcomputer.vn\/index.php?rest_route=%2Fwp%2Fv2%2Fproduct_brand&post=1504"},{"taxonomy":"product_cat","embeddable":true,"href":"https:\/\/thanglongcomputer.vn\/index.php?rest_route=%2Fwp%2Fv2%2Fproduct_cat&post=1504"},{"taxonomy":"product_tag","embeddable":true,"href":"https:\/\/thanglongcomputer.vn\/index.php?rest_route=%2Fwp%2Fv2%2Fproduct_tag&post=1504"}],"curies":[{"name":"wp","href":"https:\/\/api.w.org\/{rel}","templated":true}]}}