{"id":1258,"date":"2020-08-31T14:26:09","date_gmt":"2020-08-31T07:26:09","guid":{"rendered":"http:\/\/hb997.giaodienwebsite.top\/?post_type=product&#038;p=1258"},"modified":"2025-02-28T17:41:16","modified_gmt":"2025-02-28T10:41:16","slug":"tai-nghe-asus-tuf-h3-red","status":"publish","type":"product","link":"https:\/\/thanglongcomputer.vn\/?product=tai-nghe-asus-tuf-h3-red","title":{"rendered":"Tai nghe Asus TUF H3 Red"},"content":{"rendered":"<h2>C\u1ea2M BI\u1ebeN HERO TH\u1ebe H\u1ec6 M\u1edaI NH\u1ea4T<\/h2>\n<p>Th\u1ebf h\u1ec7 c\u1ea3m bi\u1ebfn HERO m\u1edbi nh\u1ea5t \u0111\u01b0\u1ee3c \u1ee9ng d\u1ee5ng cho\u00a0<strong>Logitech G304<\/strong>\u00a0v\u1edbi m\u1ee5c \u0111\u00edch v\u1eeba \u0111\u1ea3m b\u1ea3o hi\u1ec7u n\u0103ng (\u0111\u1ed9 ch\u00ednh x\u00e1c) v\u00e0 gi\u00fap cho chu\u1ed9t ti\u1ebft ki\u1ec7m pin nh\u1ea5t c\u00f3 th\u1ec3. Tr\u00ean th\u1ef1c th\u1ebf, c\u1ea3m bi\u1ebfn HERO n\u00e0y cho ph\u00e9p\u00a0<strong>th\u1eddi l\u01b0\u1ee3ng s\u1eed d\u1ee5ng pin tr\u00ean Logitech G304 l\u00e2u h\u01a1n t\u1edbi 10 l\u1ea7n so v\u1edbi c\u00e1c lo\u1ea1i\u00a0chu\u1ed9t gaming\u00a0kh\u00f4ng d\u00e2y kh\u00e1c c\u00f3 c\u00f9ng s\u1ee9c m\u1ea1nh.<\/strong><\/p>\n<p>\u0110\u00e2y l\u00e0 bi\u1ec3u \u0111\u1ed3 v\u1ec1 \u0111\u1ed9 ch\u00ednh x\u00e1c c\u1ee7a c\u1ea3m bi\u1ebfn Logitech HERO,\u00a0<strong>gia t\u1ed1c t\u1ed1i \u0111a m\u00e0\u00a0Logitech G304\u00a0v\u1eabn c\u00f3 th\u1ec3 nh\u1eadn \u0111\u01b0\u1ee3c t\u00edn hi\u1ec7u l\u00ean t\u1edbi 408,9 IPS<\/strong>, DPI c\u00f3 th\u1ec3 t\u00f9y ch\u1ec9nh t\u1eeb 200 l\u00ean t\u1edbi 12.000 DPI, tho\u1ea3i m\u00e1i cho m\u1ecdi game th\u1ee7, d\u01b0 s\u1ee9c \u0111\u00e1p \u1ee9ng nh\u1eefng nhu c\u1ea7u cao nh\u1ea5t c\u1ee7a game th\u1ee7 chuy\u00ean nghi\u1ec7p.<\/p>\n<p><img decoding=\"async\" src=\"https:\/\/www.anphatpc.com.vn\/media\/lib\/26235_logitech-g3043.JPG\" alt=\"\" \/><\/p>\n<p>V\u1ec1 m\u1eb7t ti\u1ebft ki\u1ec7m pin,\u00a0<strong>c\u1ea3m bi\u1ebfn HERO c\u00f3 kh\u1ea3 n\u0103ng t\u1ef1 \u0111\u1ed9ng \u0111i\u1ec1u ch\u1ec9nh m\u1ee9c n\u0103ng l\u01b0\u1ee3ng ti\u00eau th\u1ee5 v\u1edbi nh\u1eefng t\u00e1c v\u1ee5 v\u00e0 t\u1ed1c \u0111\u1ed9 s\u1eed d\u1ee5ng chu\u1ed9t kh\u00e1c nhau<\/strong>\u00a0(r\u00ea chu\u1ed9t ch\u1eadm, d\u00f9ng \u1ee9ng d\u1ee5ng v\u0103n ph\u00f2ng s\u1ebd ti\u00eau th\u1ee5 \u00edt n\u0103ng l\u01b0\u1ee3ng h\u01a1n so v\u1edbi ch\u01a1i game hardcore nh\u01b0ng FPS). Ch\u00ednh v\u00ec v\u1eady m\u00e0\u00a0<strong>th\u1eddi l\u01b0\u1ee3ng t\u1ed1i \u0111a v\u1edbi 1 vi\u00ean pin AA c\u01a1 b\u1ea3n tr\u00ean\u00a0Logitech G304\u00a0l\u00ean t\u1edbi 250 gi\u1edd<\/strong>\u00a0&#8211; m\u1ed9t con s\u1ed1 c\u1ef1c k\u1ef3 \u1ea5n t\u01b0\u1ee3ng. N\u1ebfu \u1edf ch\u1ebf l\u01b0u tr\u1eef (t\u00f9y ch\u1ec9nh trong ph\u1ea7n m\u1ec1m HUB G), b\u1ea1n c\u00f3 th\u1ec3 n\u00e2ng th\u1eddi l\u01b0\u1ee3ng pin t\u1ed1i \u0111a l\u00ean t\u1edbi 9 th\u00e1ng.\u00a0<strong>Logitech G304<\/strong>\u00a0c\u00f2n c\u00f3 \u0111\u00e8n b\u00e1o pin tr\u00ean chu\u1ed9t s\u1ebd hi\u1ec7n s\u00e1ng \u0111\u1ecf khi pin c\u00f2n 15%.<\/p>\n<p><img decoding=\"async\" src=\"https:\/\/www.anphatpc.com.vn\/media\/lib\/26235_logitech-g304.JPG\" alt=\"\" \/><\/p>\n<p>&nbsp;<\/p>\n<h2>C\u00d4NG NGH\u1ec6 KH\u00d4NG D\u00c2Y LIGHTSPEED SI\u00caU T\u1ed0C \u0110\u1ed8<\/h2>\n<p>V\u1eabn bi\u1ebft c\u00e1c lo\u1ea1i chu\u1ed9t gaming kh\u00f4ng d\u00e2y \u0111\u1ec1u s\u1eed d\u1ee5ng c\u00f4ng ngh\u1ec7 truy\u1ec1n t\u00edn hi\u1ec7u 2,4 GHz, tuy nhi\u00ean v\u1edbi\u00a0<strong>Logitech G304<\/strong>,\u00a0<strong>t\u1ed1c \u0111\u1ed9 c\u1ee7a chu\u1ed9t nhanh h\u01a1n r\u1ea5t nhi\u1ec1u nh\u1edd s\u1ef1 t\u1ed1i \u01b0u v\u1ec1 t\u1ed1c \u0111\u1ed9 x\u1eed l\u00fd t\u00edn hi\u1ec7u, t\u1eeb c\u1ea3m bi\u1ebfn t\u1edbi b\u1ed9 ph\u00e2n t\u00edch t\u00edn hi\u1ec7u trong chu\u1ed9t, r\u1ed3i t\u1edbi \u0103ng ten<\/strong>&#8230; V\u00ec v\u1eady m\u00e0 game th\u1ee7 s\u1ebd kh\u00f4ng c\u00f2n nh\u1eadn th\u1ea5y b\u1ea5t c\u1ee9 s\u1ef1 ch\u1eadm ch\u1ec5 n\u00e0o khi s\u1eed d\u1ee5ng\u00a0<strong>Logitech G304<\/strong>, chu\u1ed9t kh\u00f4ng d\u00e2y nh\u01b0ng nhanh kh\u00f4ng kh\u00e1c g\u00ec c\u00f3 d\u00e2y.<\/p>\n<p><img decoding=\"async\" src=\"https:\/\/www.anphatpc.com.vn\/media\/lib\/26235_logitech-g3045.JPG\" alt=\"\" \/><\/p>\n<h2>TR\u1eccNG L\u01af\u1ee2NG SI\u00caU NH\u1eb8<\/h2>\n<p><strong>Tr\u1ecdng l\u01b0\u1ee3ng ch\u1ec9 99 gram<\/strong>\u00a0&#8211; nh\u1eb9 h\u01a1n b\u1ea5t k\u1ef3 lo\u1ea1i ch\u1ed9t gaming kh\u00f4ng d\u00e2y n\u00e0o kh\u00e1c, tr\u1ecdng l\u01b0\u1ee3ng nh\u1eb9 nh\u01b0 v\u1eady l\u00e0 nh\u1edd c\u00e1c b\u1ed1 tr\u00ed linh ki\u1ec7t v\u00e0 t\u1ed1i \u01b0u\u00a0 \u0111\u01b0\u1ee3c hi\u1ec7u su\u1ea5t s\u1eed d\u1ee5ng pin (<strong>Logitech G304<\/strong>\u00a0ch\u1ec9 d\u00f9ng 1 vi\u00ean pin AA so v\u1edbi 2 vi\u00ean nh\u01b0 h\u1ea7u h\u1ebft c\u00e1c lo\u1ea1i chu\u1ed9t game kh\u00f4ng d\u00e2y kh\u00e1c)<\/p>\n<p><img decoding=\"async\" src=\"https:\/\/www.anphatpc.com.vn\/media\/lib\/26235_logitech-g3044.JPG\" alt=\"\" \/><\/p>\n","protected":false},"excerpt":{"rendered":"<p><span class=\"item \">Chu\u1ed9t Logitech G304 LIGHTSPEED Wireless <\/span><\/p>\n<p><span class=\"item \"><i class=\"fa fa-check-circle\"><\/i>Chu\u1ed9t ch\u01a1i game kh\u00f4ng d\u00e2y th\u1ebf h\u1ec7 m\u1edbi nh\u1ea5t c\u1ee7a Logitech <\/span><\/p>\n<p><span class=\"item \"><i class=\"fa fa-check-circle\"><\/i>Thi\u1ebft k\u1ebf \u0111\u1ed1i x\u1ee9ng <\/span><span class=\"item \"><i class=\"fa fa-check-circle\"><\/i>C\u00f4ng ngh\u1ec7 kh\u00f4ng d\u00e2y ti\u00ean ti\u1ebfn nh\u1ea5t Lightspeed<\/span><\/p>\n","protected":false},"featured_media":1259,"comment_status":"open","ping_status":"closed","template":"","meta":{"_acf_changed":false},"product_brand":[],"product_cat":[184,73],"product_tag":[],"class_list":{"0":"post-1258","1":"product","2":"type-product","3":"status-publish","4":"has-post-thumbnail","6":"product_cat-tai-nghe","7":"product_cat-thiet-bi-am-thanh","9":"first","10":"instock","11":"sale","12":"shipping-taxable","13":"purchasable","14":"product-type-simple"},"acf":[],"jetpack_sharing_enabled":true,"_links":{"self":[{"href":"https:\/\/thanglongcomputer.vn\/index.php?rest_route=\/wp\/v2\/product\/1258","targetHints":{"allow":["GET"]}}],"collection":[{"href":"https:\/\/thanglongcomputer.vn\/index.php?rest_route=\/wp\/v2\/product"}],"about":[{"href":"https:\/\/thanglongcomputer.vn\/index.php?rest_route=\/wp\/v2\/types\/product"}],"replies":[{"embeddable":true,"href":"https:\/\/thanglongcomputer.vn\/index.php?rest_route=%2Fwp%2Fv2%2Fcomments&post=1258"}],"wp:featuredmedia":[{"embeddable":true,"href":"https:\/\/thanglongcomputer.vn\/index.php?rest_route=\/wp\/v2\/media\/1259"}],"wp:attachment":[{"href":"https:\/\/thanglongcomputer.vn\/index.php?rest_route=%2Fwp%2Fv2%2Fmedia&parent=1258"}],"wp:term":[{"taxonomy":"product_brand","embeddable":true,"href":"https:\/\/thanglongcomputer.vn\/index.php?rest_route=%2Fwp%2Fv2%2Fproduct_brand&post=1258"},{"taxonomy":"product_cat","embeddable":true,"href":"https:\/\/thanglongcomputer.vn\/index.php?rest_route=%2Fwp%2Fv2%2Fproduct_cat&post=1258"},{"taxonomy":"product_tag","embeddable":true,"href":"https:\/\/thanglongcomputer.vn\/index.php?rest_route=%2Fwp%2Fv2%2Fproduct_tag&post=1258"}],"curies":[{"name":"wp","href":"https:\/\/api.w.org\/{rel}","templated":true}]}}