{"id":910,"date":"2020-08-04T13:45:05","date_gmt":"2020-08-04T06:45:05","guid":{"rendered":"http:\/\/hb997.giaodienwebsite.top\/?page_id=910"},"modified":"2025-02-24T16:28:27","modified_gmt":"2025-02-24T09:28:27","slug":"chinh-sach-bao-hanh","status":"publish","type":"page","link":"https:\/\/thanglongcomputer.vn\/?page_id=910","title":{"rendered":"Ch\u00ednh s\u00e1ch b\u1ea3o h\u00e0nh"},"content":{"rendered":"<div id=\"HEADLINE20\" class=\"ladi-element ladi-animation\">\n<h1 class=\"ladi-headline ladi-transition\" style=\"text-align: center;\"><strong>CH\u00cdNH S\u00c1CH B\u1ea2O H\u00c0NH<\/strong><\/h1>\n<\/div>\n<div id=\"HEADLINE21\" class=\"ladi-element ladi-animation\">\n<h3><\/h3>\n<h3 class=\"ladi-headline ladi-transition\">N\u1ebfu Qu\u00fd Kh\u00e1ch g\u1eb7p kh\u00f3 kh\u0103n trong vi\u1ec7c li\u00ean h\u1ec7 Trung T\u00e2m B\u1ea3o H\u00e0nh,vui l\u00f2ng li\u00ean h\u1ec7 v\u1edbi b\u1ed9 ph\u1eadn Ch\u0103m s\u00f3c Kh\u00e1ch h\u00e0ng c\u1ee7a Th\u0103ng Long Computer theo th\u00f4ng tin sau \u0111\u1ec3 \u0111\u01b0\u1ee3c h\u1ed7 tr\u1ee3:<\/h3>\n<\/div>\n<div id=\"HEADLINE22\" class=\"ladi-element\">\n<h3 class=\"ladi-headline ladi-transition\">Email:<span data-darkreader-inline-color=\"\"> thanglonglacson@gmail.com<\/span><br \/>\nHotline:<span data-darkreader-inline-color=\"\">\u00a0<\/span><span data-darkreader-inline-color=\"\">0985.989.911<\/span><br \/>\n&#8211; C\u00e1c ng\u00e0y th\u1ee9 2,3,4,5,6 &#8211; Th\u1eddi gian l\u00e0m vi\u1ec7c t\u1eeb: 07:30 &#8211; 18:30<br \/>\n&#8211; C\u00e1c ng\u00e0y th\u1ee9 7 &amp; Ch\u1ee7 nh\u1eadt &#8211; Th\u1eddi gian l\u00e0m vi\u1ec7c t\u1eeb: 08:00 &#8211; 18:30<\/h3>\n<div id=\"HEADLINE26\" class=\"ladi-element ladi-animation\">\n<h1 class=\"ladi-headline ladi-transition\" style=\"text-align: center;\"><strong>C\u00e1c b\u01b0\u1edbc b\u1ea3o h\u00e0nh S\u1ea3n ph\u1ea9m<\/strong><\/h1>\n<\/div>\n<div id=\"GROUP222\" class=\"ladi-element\">\n<div class=\"ladi-group\">\n<div id=\"IMAGE134\" class=\"ladi-element ladi-animation\">\n<div class=\"ladi-image ladi-transition\">\n<div class=\"ladi-image-background\"><\/div>\n<\/div>\n<\/div>\n<div id=\"IMAGE25\" class=\"ladi-element ladi-animation\">\n<div class=\"ladi-image ladi-transition\">\n<ul>\n<li>\n<h3><strong>B\u01b0\u1edbc 1:<\/strong> <strong>Li\u00ean h\u1ec7 v\u1edbi Th\u0103ng Long Computer<\/strong><\/h3>\n<\/li>\n<\/ul>\n<\/div>\n<\/div>\n<div id=\"IMAGE28\" class=\"ladi-element ladi-animation\">\n<div class=\"ladi-image ladi-transition\">\n<div class=\"ladi-image-background\">\n<div id=\"HEADLINE37\" class=\"ladi-element\">\n<blockquote>\n<h3 class=\"ladi-headline ladi-transition\">Khi c\u00f3 nhu c\u1ea7u b\u1ea3o h\u00e0nh s\u1ea3n ph\u1ea9m, kh\u00e1ch h\u00e0ng vui l\u00f2ng li\u00ean h\u1ec7 v\u1edbi HACOM qua h\u00ecnh th\u1ee9c sau:<\/h3>\n<\/blockquote>\n<\/div>\n<blockquote>\n<div id=\"HEADLINE42\" class=\"ladi-element\">\n<h3 class=\"ladi-headline ladi-transition\">Tr\u00f2 chuy\u1ec7n tr\u1ef1c ti\u1ebfp\u00a0t\u1ea1i <a href=\"https:\/\/thanglongcomputer.vn\">Website<\/a> ho\u1eb7c <a href=\"https:\/\/www.facebook.com\/thanglongcomputerlacson\" target=\"_blank\" rel=\"noopener\">Fanpage<\/a><\/h3>\n<\/div>\n<\/blockquote>\n<div id=\"HEADLINE43\" class=\"ladi-element\">\n<blockquote>\n<h3><span style=\"font-size: 20.16px;\">T\u1ed5ng \u0111\u00e0i b\u1ea3o h\u00e0nh: 0985.989.911<\/span><\/h3>\n<h3 class=\"ladi-headline ladi-transition\">Li\u00ean h\u1ec7 tr\u1ef1c ti\u1ebfp t\u1ea1i chi nh\u00e1nh c\u1eeda h\u00e0ng c\u1ee7a THANGLONGCOMPUTER<\/h3>\n<\/blockquote>\n<ul>\n<li>\n<h3><strong>B\u01b0\u1edbc 2: Chuy\u1ec3n s\u1ea3n ph\u1ea9m t\u1edbi b\u1ea3o h\u00e0nh<\/strong><\/h3>\n<\/li>\n<\/ul>\n<\/div>\n<\/div>\n<\/div>\n<\/div>\n<div id=\"HEADLINE30\" class=\"ladi-element ladi-animation\"><\/div>\n<div id=\"HEADLINE31\" class=\"ladi-element ladi-animation\">\n<blockquote>\n<h3 class=\"ladi-headline ladi-transition\">Qu\u00fd kh\u00e1ch g\u1eedi s\u1ea3n ph\u1ea9m b\u1ea3o h\u00e0nh t\u1ea1i c\u1eeda h\u00e0ng Th\u0103ng Long Computer<\/h3>\n<h3 class=\"ladi-headline ladi-transition\">Qu\u00fd kh\u00e1ch vui l\u00f2ng li\u00ean h\u1ec7 nh\u00e2n vi\u00ean t\u01b0 v\u1ea5n tr\u01b0\u1edbc khi g\u1eedi h\u00e0ng \u0111\u1ec3 \u0111\u01b0\u1ee3c h\u1ed7 tr\u1ee3 c\u0169ng nh\u01b0 tr\u00e1nh th\u1ea5t tho\u00e1t h\u00e0ng h\u00f3a.<\/h3>\n<\/blockquote>\n<\/div>\n<\/div>\n<\/div>\n<div id=\"GROUP392\" class=\"ladi-element\">\n<div class=\"ladi-group\">\n<ul>\n<li id=\"HEADLINE66\" class=\"ladi-element ladi-animation\">\n<h3><strong>B\u01b0\u1edbc 3: B\u1ea3o h\u00e0nh v\u00e0 b\u00e0n giao s\u1ea3n ph\u1ea9m<\/strong><\/h3>\n<\/li>\n<\/ul>\n<div id=\"IMAGE57\" class=\"ladi-element\">\n<div class=\"ladi-image ladi-transition\">\n<div class=\"ladi-image-background\">\n<div id=\"HEADLINE71\" class=\"ladi-element\">\n<blockquote>\n<h3 class=\"ladi-headline ladi-transition\">Ho\u00e0n t\u1ea5t x\u1eed l\u00fd b\u1ea3o h\u00e0nh v\u00e0 b\u00e0n giao s\u1ea3n ph\u1ea9m \u0111\u1ebfn kh\u00e1ch h\u00e0ng.<\/h3>\n<\/blockquote>\n<\/div>\n<\/div>\n<\/div>\n<\/div>\n<div id=\"HEADLINE58\" class=\"ladi-element\"><\/div>\n<\/div>\n<\/div>\n<\/div>\n<h2 style=\"text-align: center;\"><strong>\u0110i\u1ec1u ki\u1ec7n b\u1ea3o h\u00e0nh s\u1ea3n ph\u1ea9m<\/strong><\/h2>\n<div id=\"GROUP132\" class=\"ladi-element\">\n<div class=\"ladi-group\">\n<ul>\n<li id=\"HEADLINE88\" class=\"ladi-element ladi-animation\">\n<h3><strong>NH\u1eeeNG S\u1ea2N PH\u1ea8M <\/strong><strong>\u0110\u1ee6 \u0110I\u1ec0U KI\u1ec6N B\u1ea2O H\u00c0NH<\/strong><\/h3>\n<\/li>\n<\/ul>\n<\/div>\n<\/div>\n<div id=\"GROUP349\" class=\"ladi-element\">\n<div class=\"ladi-group\">\n<div id=\"SHAPE89\" class=\"ladi-element\">\n<ol>\n<li class=\"ladi-shape ladi-transition\">\n<h5><span style=\"font-size: 120%; background-color: #ffffff; color: #d83131;\">S\u1ea3n ph\u1ea9m n\u1ebfu c\u00f3 tem ni\u00eam phong (seal) tr\u00ean s\u1ea3n ph\u1ea9m th\u00ec tem ni\u00eam phong ph\u1ea3i c\u00f2n nguy\u00ean v\u1eb9n.<\/span><\/h5>\n<\/li>\n<li>\n<h5><span style=\"background-color: #ffffff; color: #d83131; font-size: 120%;\">\u0110\u1ed1i v\u1edbi s\u1ea3n ph\u1ea9m b\u1ea3o h\u00e0nh tr\u00ean h\u1ed9p: s\u1ea3n ph\u1ea9m c\u00f2n \u0111\u1ea7y \u0111\u1ee7 h\u1ed9p.<\/span><\/h5>\n<\/li>\n<li>\n<h5><span style=\"font-size: 120%; background-color: #ffffff; color: #d83131;\">S\u1ea3n ph\u1ea9m kh\u00f4ng tr\u1ea7y x\u01b0\u1edbc, c\u1ea5n m\u00f3p, b\u1ec3, v\u1ee1, bi\u1ebfn d\u1ea1ng so v\u1edbi ban \u0111\u1ea7u.<\/span><\/h5>\n<\/li>\n<\/ol>\n<ul>\n<li>\n<h3><strong>NH\u1eeeNG S\u1ea2N PH\u1ea8M KH\u00d4NG \u0110\u1ee6 \u0110I\u1ec0U KI\u1ec6N B\u1ea2O H\u00c0NH<\/strong><\/h3>\n<\/li>\n<\/ul>\n<div id=\"GROUP342\" class=\"ladi-element\">\n<div class=\"ladi-group\">\n<div id=\"HEADLINE109\" class=\"ladi-element\">\n<ol>\n<li>\n<h5><span style=\"font-size: 120%; color: #d83131;\">H\u1ebft th\u1eddi h\u1ea1n b\u1ea3o h\u00e0nh.<\/span><\/h5>\n<\/li>\n<li>\n<h5><span style=\"font-size: 120%; color: #d83131;\">Kh\u00f4ng c\u00f3 tem ni\u00eam phong, ho\u1eb7c b\u1ecb t\u1ea9y x\u00f3a, kh\u00f4ng c\u00f2n nguy\u00ean d\u1ea1ng ban \u0111\u1ea7u.<\/span><\/h5>\n<\/li>\n<li>\n<h5><span style=\"font-size: 120%; color: #d83131;\">B\u1ecb h\u01b0 h\u1ecfng do t\u1ef1 \u00fd th\u1ea3o m\u1edf, s\u1eeda ch\u1eefa, thay \u0111\u1ed5i c\u1ea5u tr\u00fac s\u1ea3n ph\u1ea9m b\u00ean trong m\u00e0 ch\u01b0a c\u00f3 s\u1ef1 x\u00e1c nh\u1eadn \u0111\u1ed3ng \u00fd ho\u1eb7c gi\u00e1m s\u00e1t b\u1edfi k\u1ef9 thu\u1eadt vi\u00ean THANGLONGCOMPUTER<\/span><\/h5>\n<\/li>\n<li>\n<h5><span style=\"font-size: 120%; color: #d83131;\">B\u1ecb t\u00e1c \u0111\u1ed9ng v\u1eadt l\u00fd l\u00e0m tr\u1ea7y x\u01b0\u1edbc, cong v\u00eanh, r\u1ea1n n\u1ee9t, b\u1ec3 v\u1ee1 trong qu\u00e1 tr\u00ecnh qu\u00e1 tr\u00ecnh s\u1eed d\u1ee5ng.<\/span><\/h5>\n<\/li>\n<li>\n<h5><span style=\"font-size: 120%; color: #d83131;\">B\u1ecb h\u01b0 h\u1ecfng, ch\u1eadp, ch\u00e1y do s\u1eed d\u1ee5ng sai m\u1ee5c \u0111\u00edch, t\u1ef1 \u00fd th\u00e1o, l\u1eafp \u0111\u1eb7t kh\u00f4ng tu\u00e2n theo c\u00e1c h\u01b0\u1edbng d\u1eabn s\u1eed d\u1ee5ng \u0111\u00ednh k\u00e8m theo s\u1ea3n ph\u1ea9m.<\/span><\/h5>\n<\/li>\n<li>\n<h5><span style=\"font-size: 120%; color: #d83131;\">B\u1ecb h\u01b0 h\u1ecfng do c\u00f4n tr\u00f9ng x\u00e2m nh\u1eadp (chu\u1ed9t, gi\u00e1n, ki\u1ebfn, m\u1ed1i\u2026).<\/span><\/h5>\n<\/li>\n<li>\n<h5><span style=\"font-size: 120%; color: #d83131;\">B\u1ecb h\u01b0 h\u1ecfng do thi\u00ean tai, ho\u1ea3 ho\u1ea1n, l\u1ee5t l\u1ed9i, s\u00e9t \u0111\u00e1nh, r\u1ec9 s\u00e9t, hao m\u00f2n do m\u00f4i tr\u01b0\u1eddng g\u00e2y ra<\/span><\/h5>\n<\/li>\n<\/ol>\n<div id=\"GROUP342\" class=\"ladi-element\">\n<div class=\"ladi-group\">\n<div id=\"HEADLINE109\" class=\"ladi-element\">\n<hr \/>\n<h1 class=\"ladi-headline ladi-transition\" style=\"text-align: center;\"><span style=\"background-color: #d83131; color: #ffff00; font-size: 130%;\"><strong>TH\u0102NG LONG COMPUTER CH\u00c2N TH\u00c0NH C\u1ea2M \u01a0N QU\u00dd KH\u00c1CH!<\/strong><\/span><\/h1>\n<\/div>\n<\/div>\n<\/div>\n<\/div>\n<\/div>\n<\/div>\n<\/div>\n<\/div>\n<\/div>\n","protected":false},"excerpt":{"rendered":"<p>CH\u00cdNH S\u00c1CH B\u1ea2O H\u00c0NH N\u1ebfu Qu\u00fd Kh\u00e1ch g\u1eb7p kh\u00f3 kh\u0103n trong vi\u1ec7c li\u00ean h\u1ec7 Trung T\u00e2m B\u1ea3o H\u00e0nh,vui l\u00f2ng li\u00ean h\u1ec7 v\u1edbi b\u1ed9 ph\u1eadn Ch\u0103m s\u00f3c Kh\u00e1ch h\u00e0ng c\u1ee7a Th\u0103ng Long Computer theo th\u00f4ng tin sau \u0111\u1ec3 \u0111\u01b0\u1ee3c h\u1ed7 tr\u1ee3: Email: thanglonglacson@gmail.com Hotline:\u00a00985.989.911 &#8211; C\u00e1c ng\u00e0y th\u1ee9 2,3,4,5,6 &#8211; Th\u1eddi gian l\u00e0m vi\u1ec7c t\u1eeb: 07:30 &#8230;<\/p>\n","protected":false},"author":2,"featured_media":0,"parent":0,"menu_order":0,"comment_status":"closed","ping_status":"closed","template":"","meta":{"_acf_changed":false,"footnotes":""},"class_list":["post-910","page","type-page","status-publish","hentry"],"acf":[],"jetpack_sharing_enabled":true,"_links":{"self":[{"href":"https:\/\/thanglongcomputer.vn\/index.php?rest_route=\/wp\/v2\/pages\/910","targetHints":{"allow":["GET"]}}],"collection":[{"href":"https:\/\/thanglongcomputer.vn\/index.php?rest_route=\/wp\/v2\/pages"}],"about":[{"href":"https:\/\/thanglongcomputer.vn\/index.php?rest_route=\/wp\/v2\/types\/page"}],"author":[{"embeddable":true,"href":"https:\/\/thanglongcomputer.vn\/index.php?rest_route=\/wp\/v2\/users\/2"}],"replies":[{"embeddable":true,"href":"https:\/\/thanglongcomputer.vn\/index.php?rest_route=%2Fwp%2Fv2%2Fcomments&post=910"}],"version-history":[{"count":9,"href":"https:\/\/thanglongcomputer.vn\/index.php?rest_route=\/wp\/v2\/pages\/910\/revisions"}],"predecessor-version":[{"id":2938,"href":"https:\/\/thanglongcomputer.vn\/index.php?rest_route=\/wp\/v2\/pages\/910\/revisions\/2938"}],"wp:attachment":[{"href":"https:\/\/thanglongcomputer.vn\/index.php?rest_route=%2Fwp%2Fv2%2Fmedia&parent=910"}],"curies":[{"name":"wp","href":"https:\/\/api.w.org\/{rel}","templated":true}]}}