{"id":2988,"date":"2025-02-28T11:05:00","date_gmt":"2025-02-28T04:05:00","guid":{"rendered":"https:\/\/thanglongcomputer.vn\/?page_id=2988"},"modified":"2025-02-28T18:18:02","modified_gmt":"2025-02-28T11:18:02","slug":"thong-tin-tuyen-dung","status":"publish","type":"page","link":"https:\/\/thanglongcomputer.vn\/?page_id=2988","title":{"rendered":"Th\u00f4ng tin tuy\u1ec3n d\u1ee5ng"},"content":{"rendered":"<p data-pm-slice=\"1 1 []\"><strong>TH\u00d4NG B\u00c1O TUY\u1ec2N D\u1ee4NG<\/strong><\/p>\n<p><strong>C\u00f4ng Ty TNHH MTV Th\u0103ng Long Computer <\/strong>hi\u1ec7n \u0111ang t\u00ecm ki\u1ebfm nh\u1eefng \u1ee9ng vi\u00ean t\u00e0i n\u0103ng v\u00e0 nhi\u1ec7t huy\u1ebft \u0111\u1ec3 gia nh\u1eadp \u0111\u1ed9i ng\u0169 c\u1ee7a ch\u00fang t\u00f4i. N\u1ebfu b\u1ea1n \u0111ang t\u00ecm ki\u1ebfm m\u1ed9t m\u00f4i tr\u01b0\u1eddng l\u00e0m vi\u1ec7c chuy\u00ean nghi\u1ec7p, n\u0103ng \u0111\u1ed9ng v\u00e0 c\u00f3 c\u01a1 h\u1ed9i ph\u00e1t tri\u1ec3n, \u0111\u1eebng b\u1ecf l\u1ee1 c\u01a1 h\u1ed9i n\u00e0y!<\/p>\n<p data-pm-slice=\"1 1 []\"><strong>V\u1ecb tr\u00ed tuy\u1ec3n d\u1ee5ng:<\/strong><\/p>\n<ul data-spread=\"false\">\n<li>K\u1ef9 thu\u1eadt vi\u00ean m\u00e1y t\u00ednh<\/li>\n<\/ul>\n<p><strong>M\u00f4 t\u1ea3 c\u00f4ng vi\u1ec7c:<\/strong><\/p>\n<ul data-spread=\"false\">\n<li>K\u1ef9 thu\u1eadt vi\u00ean m\u00e1y t\u00ednh: L\u1eafp r\u00e1p, c\u00e0i \u0111\u1eb7t, s\u1eeda ch\u1eefa v\u00e0 b\u1ea3o tr\u00ec m\u00e1y t\u00ednh, laptop, thi\u1ebft b\u1ecb v\u0103n ph\u00f2ng, camera, \u0111i\u1ec1u ho\u00e0 v\u00e0 thi\u1ebft b\u1ecb \u0111i\u1ec7n.<\/li>\n<\/ul>\n<p><strong>Y\u00eau c\u1ea7u:<\/strong><\/p>\n<ul data-spread=\"false\">\n<li>Kh\u00f4ng y\u00eau c\u1ea7u kinh nghi\u1ec7m ( C\u00f3 chuy\u00ean vi\u00ean \u0111\u00e0o t\u1ea1o )<\/li>\n<li>H\u1ecdc v\u1ea5n: 12\/12<\/li>\n<\/ul>\n<p><strong>Quy\u1ec1n l\u1ee3i:<\/strong><\/p>\n<ul data-spread=\"false\">\n<li>M\u1ee9c l\u01b0\u01a1ng h\u1ea5p d\u1eabn, th\u01b0\u1edfng theo hi\u1ec7u su\u1ea5t.<\/li>\n<li>Ch\u1ebf \u0111\u1ed9 b\u1ea3o hi\u1ec3m, ph\u00fac l\u1ee3i \u0111\u1ea7y \u0111\u1ee7 theo quy \u0111\u1ecbnh.<\/li>\n<li>M\u00f4i tr\u01b0\u1eddng l\u00e0m vi\u1ec7c chuy\u00ean nghi\u1ec7p, c\u00f3 c\u01a1 h\u1ed9i th\u0103ng ti\u1ebfn.<\/li>\n<li>\u0110\u01b0\u1ee3c \u0111\u00e0o t\u1ea1o v\u00e0 ph\u00e1t tri\u1ec3n k\u1ef9 n\u0103ng.<\/li>\n<\/ul>\n<p><strong>Th\u1eddi gian l\u00e0m vi\u1ec7c:<\/strong><\/p>\n<ul data-spread=\"false\">\n<li>Gi\u1edd h\u00e0nh ch\u00ednh: 8h00 &#8211; 17h30, C\u1ea3 Tu\u1ea7n.<\/li>\n<\/ul>\n<p><strong>\u0110\u1ecba \u0111i\u1ec3m l\u00e0m vi\u1ec7c:<\/strong><\/p>\n<ul data-spread=\"false\">\n<li>C\u00f4ng ty TNHH MTV Th\u0103ng Long Computer, 50 Ph\u1ed1 T\u00e2n Giang, TT V\u1ee5 B\u1ea3n, Huy\u1ec7n L\u1ea1c S\u01a1n, T\u1ec9nh Ho\u00e0 B\u00ecnh.<\/li>\n<\/ul>\n<p><strong>C\u00e1ch th\u1ee9c \u1ee9ng tuy\u1ec3n:<\/strong> \u1ee8ng vi\u00ean quan t\u00e2m vui l\u00f2ng g\u1eedi CV v\u1ec1 \u0111\u1ecba ch\u1ec9 email: Thanglonglacson@gmail.com ho\u1eb7c li\u00ean h\u1ec7 tr\u1ef1c ti\u1ebfp (\u00d4ng\/ B\u00e0) L\u00e2m V\u0103n Ninh qua s\u1ed1 \u0111i\u1ec7n tho\u1ea1i: [0385.035.999].<\/p>\n<p><strong>H\u1ea1n n\u1ed9p h\u1ed3 s\u01a1:<\/strong> 2025<\/p>\n<p>Ch\u00fang t\u00f4i mong ch\u1edd s\u1ef1 tham gia c\u1ee7a b\u1ea1n v\u00e0o \u0111\u1ed9i ng\u0169 c\u1ee7a Th\u0103ng Long Computer! H\u00e3y nhanh tay \u1ee9ng tuy\u1ec3n \u0111\u1ec3 kh\u00f4ng b\u1ecf l\u1ee1 c\u01a1 h\u1ed9i n\u00e0y!<\/p>\n<p>&nbsp;<\/p>\n","protected":false},"excerpt":{"rendered":"<p>TH\u00d4NG B\u00c1O TUY\u1ec2N D\u1ee4NG C\u00f4ng Ty TNHH MTV Th\u0103ng Long Computer hi\u1ec7n \u0111ang t\u00ecm ki\u1ebfm nh\u1eefng \u1ee9ng vi\u00ean t\u00e0i n\u0103ng v\u00e0 nhi\u1ec7t huy\u1ebft \u0111\u1ec3 gia nh\u1eadp \u0111\u1ed9i ng\u0169 c\u1ee7a ch\u00fang t\u00f4i. N\u1ebfu b\u1ea1n \u0111ang t\u00ecm ki\u1ebfm m\u1ed9t m\u00f4i tr\u01b0\u1eddng l\u00e0m vi\u1ec7c chuy\u00ean nghi\u1ec7p, n\u0103ng \u0111\u1ed9ng v\u00e0 c\u00f3 c\u01a1 h\u1ed9i ph\u00e1t tri\u1ec3n, \u0111\u1eebng b\u1ecf l\u1ee1 c\u01a1 &#8230;<\/p>\n","protected":false},"author":2,"featured_media":0,"parent":0,"menu_order":0,"comment_status":"closed","ping_status":"closed","template":"","meta":{"_acf_changed":false,"footnotes":""},"class_list":["post-2988","page","type-page","status-publish","hentry"],"acf":[],"jetpack_sharing_enabled":true,"_links":{"self":[{"href":"https:\/\/thanglongcomputer.vn\/index.php?rest_route=\/wp\/v2\/pages\/2988","targetHints":{"allow":["GET"]}}],"collection":[{"href":"https:\/\/thanglongcomputer.vn\/index.php?rest_route=\/wp\/v2\/pages"}],"about":[{"href":"https:\/\/thanglongcomputer.vn\/index.php?rest_route=\/wp\/v2\/types\/page"}],"author":[{"embeddable":true,"href":"https:\/\/thanglongcomputer.vn\/index.php?rest_route=\/wp\/v2\/users\/2"}],"replies":[{"embeddable":true,"href":"https:\/\/thanglongcomputer.vn\/index.php?rest_route=%2Fwp%2Fv2%2Fcomments&post=2988"}],"version-history":[{"count":3,"href":"https:\/\/thanglongcomputer.vn\/index.php?rest_route=\/wp\/v2\/pages\/2988\/revisions"}],"predecessor-version":[{"id":3111,"href":"https:\/\/thanglongcomputer.vn\/index.php?rest_route=\/wp\/v2\/pages\/2988\/revisions\/3111"}],"wp:attachment":[{"href":"https:\/\/thanglongcomputer.vn\/index.php?rest_route=%2Fwp%2Fv2%2Fmedia&parent=2988"}],"curies":[{"name":"wp","href":"https:\/\/api.w.org\/{rel}","templated":true}]}}